{"id":4953,"date":"2023-03-25T10:41:28","date_gmt":"2023-03-25T10:41:28","guid":{"rendered":"https:\/\/www.lettersign.top\/p\/logotipo-de-la-empresa-acrilico-letrero-de-letra-con-iluminacion-frontal-publicidad-caja-de-acero-inoxidable-letras-de-tienda-senalizacion-led\/"},"modified":"2023-03-25T10:41:28","modified_gmt":"2023-03-25T10:41:28","slug":"empresa-logo-acrilico-frontlit-letra-letrero-anuncio-acero-inoxidable-caja-tienda-letras-led-senalizacion","status":"publish","type":"product","link":"https:\/\/www.lettersign.top\/es\/p\/empresa-logo-acrilico-frontlit-letra-letrero-anuncio-acero-inoxidable-caja-tienda-letras-led-senalizacion\/","title":{"rendered":"Logotipo de la empresa Acr\u00edlico Letrero de letra con iluminaci\u00f3n frontal Publicidad Caja de acero inoxidable Letras de tienda Se\u00f1alizaci\u00f3n LED"},"content":{"rendered":"<p><strong>Logotipo de la empresa al aire libre, fabricante de letreros con letras frontales acr\u00edlicas, caja de acero inoxidable para publicidad, letras de tienda, fabricante de letreros Led<\/strong><\/p>\n<p><strong>Descripci\u00f3n:<\/strong><br \/>\nMaterial: Acero inoxidable, Acr\u00edlico Fuente de luz: M\u00f3dulos LED<br \/>\nFuente de alimentaci\u00f3n: Voltaje de entrada del transformador: 12 V<br \/>\nTemperatura de trabajo: 20 \u2103 Vida \u00fatil de trabajo: 50000 horas<br \/>\nGarant\u00eda: 2 a\u00f1os<br \/>\nModo de instalaci\u00f3n: montado en la pared mediante pernos, a petici\u00f3n del cliente<br \/>\nUso: se\u00f1ales de interior y exterior.<br \/>\nLugares de aplicaci\u00f3n: edificios, tiendas, centros comerciales, empresas, hoteles<br \/>\nNombre del producto: letrero el\u00e9ctrico luminoso con logotipo frontal de tienda personalizado Led 3d<br \/>\nTama\u00f1o y color: MOQ personalizado: 1 juego Certificado: CE<br \/>\nAccesorios: transformador y todos los accesorios de instalaci\u00f3n<br \/>\nDise\u00f1o: dise\u00f1o del cliente\/nuestro dise\u00f1o de f\u00e1brica<br \/>\nPlazo de entrega: 7-10 d\u00edas, dependiendo de la cantidad<br \/>\nEmbalaje: caja de madera de 3 capas<br \/>\nCaracter\u00edstica: Ahorro de energ\u00eda, iluminaci\u00f3n uniforme.<\/p>\n<table class=\"has-title all magic-13\">\n<tbody>\n<tr>\n<td colspan=\"1\" rowspan=\"1\">\n<div class=\"magic-14\">Material<\/div>\n<\/td>\n<td colspan=\"1\" rowspan=\"1\">\n<div class=\"magic-15\">Acero inoxidable, Acr\u00edlico<\/div>\n<\/td>\n<\/tr>\n<tr>\n<td colspan=\"1\" rowspan=\"1\">\n<div class=\"magic-14\">Tratamiento de superficies<\/div>\n<\/td>\n<td colspan=\"1\" rowspan=\"1\">\n<div class=\"magic-15\">Pulido, cepillado, galvanoplastia, pintado<\/div>\n<\/td>\n<\/tr>\n<tr>\n<td colspan=\"1\" rowspan=\"1\">\n<div class=\"magic-14\">Fuente de luz<\/div>\n<\/td>\n<td colspan=\"1\" rowspan=\"1\">\n<div class=\"magic-15\">M\u00f3dulo LED de 12V, CE aprobado<\/div>\n<\/td>\n<\/tr>\n<tr>\n<td colspan=\"1\" rowspan=\"1\">\n<div class=\"magic-14\">Color Tama\u00f1o<\/div>\n<\/td>\n<td colspan=\"1\" rowspan=\"1\">\n<div class=\"magic-15\">Cualquier tama\u00f1o y color, aceptar por encargo<\/div>\n<\/td>\n<\/tr>\n<tr>\n<td colspan=\"1\" rowspan=\"1\">\n<div class=\"magic-14\">Transformador<\/div>\n<\/td>\n<td colspan=\"1\" rowspan=\"1\">\n<div class=\"magic-15\">Marca Meanwell, aprobaci\u00f3n CE, con enchufe personalizado<\/div>\n<\/td>\n<\/tr>\n<tr>\n<td colspan=\"1\" rowspan=\"1\">\n<div class=\"magic-14\">Garant\u00eda<\/div>\n<\/td>\n<td colspan=\"1\" rowspan=\"1\">\n<div class=\"magic-15\">1 a\u00f1o<\/div>\n<\/td>\n<\/tr>\n<tr>\n<td colspan=\"1\" rowspan=\"1\">\n<div class=\"magic-14\">MOQ<\/div>\n<\/td>\n<td colspan=\"1\" rowspan=\"1\">\n<div class=\"magic-15\">1 juego<\/div>\n<\/td>\n<\/tr>\n<tr>\n<td colspan=\"1\" rowspan=\"1\">\n<div class=\"magic-14\">Voltaje<\/div>\n<\/td>\n<td colspan=\"1\" rowspan=\"1\">\n<div class=\"magic-15\">110AC~240 AC entrada est\u00e1ndar, voltajes de salida DC 12V~24V<\/div>\n<\/td>\n<\/tr>\n<tr>\n<td colspan=\"1\" rowspan=\"1\">\n<div class=\"magic-14\">Accesorios<\/div>\n<\/td>\n<td colspan=\"1\" rowspan=\"1\">\n<div class=\"magic-15\">Tornillos, transformador, papel de plantilla de instalaci\u00f3n 1:1, todas las piezas de instalaci\u00f3n<\/div>\n<\/td>\n<\/tr>\n<tr>\n<td colspan=\"1\" rowspan=\"1\">\n<div class=\"magic-14\">Solicitud<\/div>\n<\/td>\n<td colspan=\"1\" rowspan=\"1\">\n<div class=\"magic-15\">Hoteles, restaurantes, caf\u00e9s, transporte, estacionamientos, trenes, paradas de autob\u00fas, aeropuertos, se\u00f1alizaci\u00f3n peatonal, etc.<\/div>\n<\/td>\n<\/tr>\n<tr>\n<td colspan=\"1\" rowspan=\"1\">\n<div class=\"magic-14\">Caracter\u00edsticas<\/div>\n<\/td>\n<td colspan=\"1\" rowspan=\"1\">\n<div class=\"magic-15\">Uso de tablero acr\u00edlico de alta densidad y luces LED de alta calidad. Iluminaci\u00f3n uniforme sin punto caliente. La vida \u00fatil promedio es de hasta 50000 horas<\/div>\n<\/td>\n<\/tr>\n<tr>\n<td colspan=\"1\" rowspan=\"1\">\n<div class=\"magic-14\">embalaje<\/div>\n<\/td>\n<td colspan=\"1\" rowspan=\"1\">\n<div class=\"magic-15\"> Pl\u00e1stico de burbujas, espuma, caja de madera<\/div>\n<\/td>\n<\/tr>\n<tr>\n<td colspan=\"1\" rowspan=\"1\">\n<div class=\"magic-14\">Tiempo de espera<\/div>\n<\/td>\n<td colspan=\"1\" rowspan=\"1\">\n<div class=\"magic-15\">7-15 d\u00edas, depende de su cantidad<\/div>\n<\/td>\n<\/tr>\n<tr>\n<td colspan=\"1\" rowspan=\"1\">\n<div class=\"magic-14\">Alcance del negocio<\/div>\n<\/td>\n<td colspan=\"1\" rowspan=\"1\">\n<div class=\"magic-15\" data-spm-anchor-id=\"a2700.details.0.i25.54cc6056kzup2t\">Diferentes tipos de se\u00f1alizaci\u00f3n, letras de metal, letras de resina epoxi, letras de luz Halo, letras con iluminaci\u00f3n frontal, letras de marquesina, letras de ne\u00f3n falso, caja de luz&#8230;<\/div>\n<\/td>\n<\/tr>\n<\/tbody>\n<\/table>\n<div><\/div>\n<div id=\"attachment_3775\" style=\"width: 810px\" class=\"wp-caption alignleft\"><img loading=\"lazy\" decoding=\"async\" aria-describedby=\"caption-attachment-3775\" class=\"size-full wp-image-3775\" src=\"http:\/\/www.lettersign.top\/wp-content\/uploads\/2023\/03\/Company-Logo-Acrylic-Frontlit-Letter-Sign-Advertise-Stainless-Steel-Box-Store-Letters-Led-Signage.jpg\" alt=\"Logotipo de la empresa Acr\u00edlico Letrero de letra con iluminaci\u00f3n frontal Publicidad Caja de acero inoxidable Letras de tienda Se\u00f1alizaci\u00f3n LED\" width=\"800\" height=\"800\" srcset=\"https:\/\/www.lettersign.top\/wp-content\/uploads\/2023\/03\/Company-Logo-Acrylic-Frontlit-Letter-Sign-Advertise-Stainless-Steel-Box-Store-Letters-Led-Signage.jpg 800w, https:\/\/www.lettersign.top\/wp-content\/uploads\/2023\/03\/Company-Logo-Acrylic-Frontlit-Letter-Sign-Advertise-Stainless-Steel-Box-Store-Letters-Led-Signage-500x500.jpg 500w, https:\/\/www.lettersign.top\/wp-content\/uploads\/2023\/03\/Company-Logo-Acrylic-Frontlit-Letter-Sign-Advertise-Stainless-Steel-Box-Store-Letters-Led-Signage-100x100.jpg 100w, https:\/\/www.lettersign.top\/wp-content\/uploads\/2023\/03\/Company-Logo-Acrylic-Frontlit-Letter-Sign-Advertise-Stainless-Steel-Box-Store-Letters-Led-Signage-700x700.jpg 700w, https:\/\/www.lettersign.top\/wp-content\/uploads\/2023\/03\/Company-Logo-Acrylic-Frontlit-Letter-Sign-Advertise-Stainless-Steel-Box-Store-Letters-Led-Signage-300x300.jpg 300w, https:\/\/www.lettersign.top\/wp-content\/uploads\/2023\/03\/Company-Logo-Acrylic-Frontlit-Letter-Sign-Advertise-Stainless-Steel-Box-Store-Letters-Led-Signage-150x150.jpg 150w, https:\/\/www.lettersign.top\/wp-content\/uploads\/2023\/03\/Company-Logo-Acrylic-Frontlit-Letter-Sign-Advertise-Stainless-Steel-Box-Store-Letters-Led-Signage-768x768.jpg 768w\" sizes=\"auto, (max-width: 800px) 100vw, 800px\" \/><p id=\"caption-attachment-3775\" class=\"wp-caption-text\">Logotipo de la empresa Acr\u00edlico Letrero de letra con iluminaci\u00f3n frontal Publicidad Caja de acero inoxidable Letras de tienda Se\u00f1alizaci\u00f3n LED<\/p><\/div>\n<p><img loading=\"lazy\" decoding=\"async\" class=\"size-full wp-image-3777 alignleft\" src=\"http:\/\/www.lettersign.top\/wp-content\/uploads\/2023\/03\/Company-Logo-Acrylic-Frontlit-Letter-Sign-Advertise-Stainless-Steel-Box-Store-Letters-Led-Signage2.jpg\" alt=\"\" width=\"800\" height=\"800\" srcset=\"https:\/\/www.lettersign.top\/wp-content\/uploads\/2023\/03\/Company-Logo-Acrylic-Frontlit-Letter-Sign-Advertise-Stainless-Steel-Box-Store-Letters-Led-Signage2.jpg 800w, https:\/\/www.lettersign.top\/wp-content\/uploads\/2023\/03\/Company-Logo-Acrylic-Frontlit-Letter-Sign-Advertise-Stainless-Steel-Box-Store-Letters-Led-Signage2-500x500.jpg 500w, https:\/\/www.lettersign.top\/wp-content\/uploads\/2023\/03\/Company-Logo-Acrylic-Frontlit-Letter-Sign-Advertise-Stainless-Steel-Box-Store-Letters-Led-Signage2-100x100.jpg 100w, https:\/\/www.lettersign.top\/wp-content\/uploads\/2023\/03\/Company-Logo-Acrylic-Frontlit-Letter-Sign-Advertise-Stainless-Steel-Box-Store-Letters-Led-Signage2-700x700.jpg 700w, https:\/\/www.lettersign.top\/wp-content\/uploads\/2023\/03\/Company-Logo-Acrylic-Frontlit-Letter-Sign-Advertise-Stainless-Steel-Box-Store-Letters-Led-Signage2-300x300.jpg 300w, https:\/\/www.lettersign.top\/wp-content\/uploads\/2023\/03\/Company-Logo-Acrylic-Frontlit-Letter-Sign-Advertise-Stainless-Steel-Box-Store-Letters-Led-Signage2-150x150.jpg 150w, https:\/\/www.lettersign.top\/wp-content\/uploads\/2023\/03\/Company-Logo-Acrylic-Frontlit-Letter-Sign-Advertise-Stainless-Steel-Box-Store-Letters-Led-Signage2-768x768.jpg 768w\" sizes=\"auto, (max-width: 800px) 100vw, 800px\" \/><\/p>\n<p><img loading=\"lazy\" decoding=\"async\" class=\"size-full wp-image-3778 alignleft\" src=\"http:\/\/www.lettersign.top\/wp-content\/uploads\/2023\/03\/Company-Logo-Acrylic-Frontlit-Letter-Sign-Advertise-Stainless-Steel-Box-Store-Letters-Led-Signage3.jpg\" alt=\"Logotipo de la empresa Acr\u00edlico Letrero de letra con iluminaci\u00f3n frontal Publicidad Caja de acero inoxidable Letras de tienda Se\u00f1alizaci\u00f3n LED\" width=\"800\" height=\"800\" srcset=\"https:\/\/www.lettersign.top\/wp-content\/uploads\/2023\/03\/Company-Logo-Acrylic-Frontlit-Letter-Sign-Advertise-Stainless-Steel-Box-Store-Letters-Led-Signage3.jpg 800w, https:\/\/www.lettersign.top\/wp-content\/uploads\/2023\/03\/Company-Logo-Acrylic-Frontlit-Letter-Sign-Advertise-Stainless-Steel-Box-Store-Letters-Led-Signage3-500x500.jpg 500w, https:\/\/www.lettersign.top\/wp-content\/uploads\/2023\/03\/Company-Logo-Acrylic-Frontlit-Letter-Sign-Advertise-Stainless-Steel-Box-Store-Letters-Led-Signage3-100x100.jpg 100w, https:\/\/www.lettersign.top\/wp-content\/uploads\/2023\/03\/Company-Logo-Acrylic-Frontlit-Letter-Sign-Advertise-Stainless-Steel-Box-Store-Letters-Led-Signage3-700x700.jpg 700w, https:\/\/www.lettersign.top\/wp-content\/uploads\/2023\/03\/Company-Logo-Acrylic-Frontlit-Letter-Sign-Advertise-Stainless-Steel-Box-Store-Letters-Led-Signage3-300x300.jpg 300w, https:\/\/www.lettersign.top\/wp-content\/uploads\/2023\/03\/Company-Logo-Acrylic-Frontlit-Letter-Sign-Advertise-Stainless-Steel-Box-Store-Letters-Led-Signage3-150x150.jpg 150w, https:\/\/www.lettersign.top\/wp-content\/uploads\/2023\/03\/Company-Logo-Acrylic-Frontlit-Letter-Sign-Advertise-Stainless-Steel-Box-Store-Letters-Led-Signage3-768x768.jpg 768w\" sizes=\"auto, (max-width: 800px) 100vw, 800px\" \/><\/p>\n","protected":false},"excerpt":{"rendered":"[ninja_form id=1]\n","protected":false},"featured_media":4809,"template":"","meta":{"_seopress_robots_primary_cat":"","_seopress_titles_title":"","_seopress_titles_desc":"","_seopress_robots_index":""},"product_brand":[],"product_cat":[184],"product_tag":[245,246,212],"class_list":{"0":"post-4953","1":"product","2":"type-product","3":"status-publish","4":"has-post-thumbnail","6":"product_cat-signo-de-carta","7":"product_tag-letra-de-canal","8":"product_tag-rotulo-de-establecimiento","9":"product_tag-signo-de-carta","11":"first","12":"instock","13":"shipping-taxable","14":"product-type-simple"},"_links":{"self":[{"href":"https:\/\/www.lettersign.top\/es\/wp-json\/wp\/v2\/product\/4953","targetHints":{"allow":["GET"]}}],"collection":[{"href":"https:\/\/www.lettersign.top\/es\/wp-json\/wp\/v2\/product"}],"about":[{"href":"https:\/\/www.lettersign.top\/es\/wp-json\/wp\/v2\/types\/product"}],"wp:featuredmedia":[{"embeddable":true,"href":"https:\/\/www.lettersign.top\/es\/wp-json\/wp\/v2\/media\/4809"}],"wp:attachment":[{"href":"https:\/\/www.lettersign.top\/es\/wp-json\/wp\/v2\/media?parent=4953"}],"wp:term":[{"taxonomy":"product_brand","embeddable":true,"href":"https:\/\/www.lettersign.top\/es\/wp-json\/wp\/v2\/product_brand?post=4953"},{"taxonomy":"product_cat","embeddable":true,"href":"https:\/\/www.lettersign.top\/es\/wp-json\/wp\/v2\/product_cat?post=4953"},{"taxonomy":"product_tag","embeddable":true,"href":"https:\/\/www.lettersign.top\/es\/wp-json\/wp\/v2\/product_tag?post=4953"}],"curies":[{"name":"wp","href":"https:\/\/api.w.org\/{rel}","templated":true}]}}