{"id":4989,"date":"2022-11-30T02:56:17","date_gmt":"2022-11-30T02:56:17","guid":{"rendered":"https:\/\/www.lettersign.top\/p\/luz-de-neon-falsa-vintage-personalizada-senalizacion-llevada-de-la-tienda-publicidad-acrilico-letrero-de-tienda-minorista-de-letras-de-canal\/"},"modified":"2022-11-30T02:56:17","modified_gmt":"2022-11-30T02:56:17","slug":"personalizado-vintage-faux-neon-light-led-store-signage-publicity-acrylic-channel-letters-retail-shop-sign","status":"publish","type":"product","link":"https:\/\/www.lettersign.top\/es\/p\/personalizado-vintage-faux-neon-light-led-store-signage-publicity-acrylic-channel-letters-retail-shop-sign\/","title":{"rendered":"Luz de ne\u00f3n falsa vintage personalizada Se\u00f1alizaci\u00f3n llevada de la tienda Publicidad Acr\u00edlico Letrero de tienda minorista de letras de canal"},"content":{"rendered":"<p><strong>Luz de ne\u00f3n falsa vintage personalizada Se\u00f1alizaci\u00f3n llevada de la tienda Publicidad Acr\u00edlico Letrero de tienda minorista de letras de canal<\/strong><\/p>\n<p><strong>Descripci\u00f3n: <\/strong><\/p>\n<p>Tipo: letrero de ne\u00f3n falso Material: acero inoxidable, acr\u00edlico<br \/>\nFuente de luz: 12V led Fuente de alimentaci\u00f3n: Transformador<br \/>\nVoltaje de entrada: 12 V Temperatura de trabajo: 20 \u2103<br \/>\nVida laboral: 50000 horas Garant\u00eda: 3 a\u00f1os<br \/>\nForma de instalaci\u00f3n: montado en la pared con tornillos, seg\u00fan los clientes.<br \/>\nUso: se\u00f1ales de interior y exterior<br \/>\nLugares de aplicaci\u00f3n: edificios, tiendas, escuelas, bares, hospitales, centros comerciales, empresas, parques, oficinas, hoteles<br \/>\nTama\u00f1o y color: cualquier tama\u00f1o y color, acepta MOQ personalizado: 1 PC<br \/>\nVoltaje: entrada est\u00e1ndar 100AC\/260 AC, voltajes de salida DC 12V<br \/>\naccesorios: Transformador y todos los accesorios de instalaci\u00f3n<br \/>\nPago: PayPal.Western Union .TT<br \/>\nPlazo de expedici\u00f3n: 7-10 d\u00edas, depende de la cantidad<br \/>\nCaracter\u00edstica: Ahorro de energ\u00eda, iluminaci\u00f3n uniforme.<br \/>\nPaquete: caja de madera de 3 capas<\/p>\n<table class=\"has-title all magic-1\">\n<tbody>\n<tr>\n<td colspan=\"1\" rowspan=\"1\">\n<div class=\"magic-2\">Material<\/div>\n<\/td>\n<td colspan=\"1\" rowspan=\"1\">\n<div class=\"magic-3\">Acero inoxidable, Acr\u00edlico<\/div>\n<\/td>\n<\/tr>\n<tr>\n<td colspan=\"1\" rowspan=\"1\">\n<div class=\"magic-2\">Tratamiento de superficies<\/div>\n<\/td>\n<td colspan=\"1\" rowspan=\"1\">\n<div class=\"magic-3\">Pulido, cepillado, galvanoplastia, pintado<\/div>\n<\/td>\n<\/tr>\n<tr>\n<td colspan=\"1\" rowspan=\"1\">\n<div class=\"magic-2\">Fuente de luz<\/div>\n<\/td>\n<td colspan=\"1\" rowspan=\"1\">\n<div class=\"magic-3\">M\u00f3dulo LED de 12V, CE aprobado<\/div>\n<\/td>\n<\/tr>\n<tr>\n<td colspan=\"1\" rowspan=\"1\">\n<div class=\"magic-2\">Color Tama\u00f1o<\/div>\n<\/td>\n<td colspan=\"1\" rowspan=\"1\">\n<div class=\"magic-3\">Cualquier tama\u00f1o y color, aceptar por encargo<\/div>\n<\/td>\n<\/tr>\n<tr>\n<td colspan=\"1\" rowspan=\"1\">\n<div class=\"magic-2\">Transformador<\/div>\n<\/td>\n<td colspan=\"1\" rowspan=\"1\">\n<div class=\"magic-3\">Marca Meanwell, aprobaci\u00f3n CE, con enchufe personalizado<\/div>\n<\/td>\n<\/tr>\n<tr>\n<td colspan=\"1\" rowspan=\"1\">\n<div class=\"magic-2\">Garant\u00eda<\/div>\n<\/td>\n<td colspan=\"1\" rowspan=\"1\">\n<div class=\"magic-3\">2 a\u00f1os<\/div>\n<\/td>\n<\/tr>\n<tr>\n<td colspan=\"1\" rowspan=\"1\">\n<div class=\"magic-2\">MOQ<\/div>\n<\/td>\n<td colspan=\"1\" rowspan=\"1\">\n<div class=\"magic-3\">1 juego<\/div>\n<\/td>\n<\/tr>\n<tr>\n<td colspan=\"1\" rowspan=\"1\">\n<div class=\"magic-2\">Voltaje<\/div>\n<\/td>\n<td colspan=\"1\" rowspan=\"1\">\n<div class=\"magic-3\">110AC~240 AC entrada est\u00e1ndar, voltajes de salida DC 12V~24V<\/div>\n<\/td>\n<\/tr>\n<tr>\n<td colspan=\"1\" rowspan=\"1\">\n<div class=\"magic-2\">Accesorios<\/div>\n<\/td>\n<td colspan=\"1\" rowspan=\"1\">\n<div class=\"magic-3\">Tornillos, transformador, papel de plantilla de instalaci\u00f3n 1:1, todas las piezas de instalaci\u00f3n<\/div>\n<\/td>\n<\/tr>\n<tr>\n<td colspan=\"1\" rowspan=\"1\">\n<div class=\"magic-2\">Solicitud<\/div>\n<\/td>\n<td colspan=\"1\" rowspan=\"1\">\n<div class=\"magic-3\">Hoteles, restaurantes, caf\u00e9s, transporte, estacionamientos, trenes, paradas de autob\u00fas, aeropuertos, se\u00f1alizaci\u00f3n peatonal, etc.<\/div>\n<\/td>\n<\/tr>\n<tr>\n<td colspan=\"1\" rowspan=\"1\">\n<div class=\"magic-2\">Caracter\u00edsticas<\/div>\n<\/td>\n<td colspan=\"1\" rowspan=\"1\">\n<div class=\"magic-3\">Uso de tablero acr\u00edlico de alta densidad y luces LED de alta calidad. Iluminaci\u00f3n uniforme sin punto caliente.<\/div>\n<div class=\"magic-3\">La vida \u00fatil promedio es de hasta 50000 horas<\/div>\n<\/td>\n<\/tr>\n<tr>\n<td colspan=\"1\" rowspan=\"1\">\n<div class=\"magic-2\">embalaje<\/div>\n<\/td>\n<td colspan=\"1\" rowspan=\"1\">\n<div class=\"magic-3\"> Pl\u00e1stico de burbujas, espuma, caja de madera<\/div>\n<\/td>\n<\/tr>\n<tr>\n<td colspan=\"1\" rowspan=\"1\">\n<div class=\"magic-2\">Tiempo de espera<\/div>\n<\/td>\n<td colspan=\"1\" rowspan=\"1\">\n<div class=\"magic-3\">7-15 d\u00edas, depende de su cantidad<\/div>\n<\/td>\n<\/tr>\n<tr>\n<td colspan=\"1\" rowspan=\"1\">\n<div class=\"magic-2\">Alcance del negocio<\/div>\n<\/td>\n<td colspan=\"1\" rowspan=\"1\">\n<div class=\"magic-3\" data-spm-anchor-id=\"a2700.details.0.i22.721cbed5fMJtLT\">Diferentes tipos de se\u00f1alizaci\u00f3n, letras de metal, letras de resina epoxi, letras de luz Halo,<\/div>\n<div class=\"magic-3\" data-spm-anchor-id=\"a2700.details.0.i22.721cbed5fMJtLT\">Letras con iluminaci\u00f3n facial, letras de marquesina, letras de ne\u00f3n falso, caja de luz&#8230;<\/div>\n<\/td>\n<\/tr>\n<\/tbody>\n<\/table>\n<div><\/div>\n<div id=\"attachment_3624\" style=\"width: 810px\" class=\"wp-caption alignleft\"><img loading=\"lazy\" decoding=\"async\" aria-describedby=\"caption-attachment-3624\" class=\"size-full wp-image-3624\" src=\"http:\/\/www.lettersign.top\/wp-content\/uploads\/2022\/11\/Custom-Vintage-Style-Faux-Neon-Light-Led-Store-Signage-Letters-Retail-Sign.jpg\" alt=\"Luz de ne\u00f3n falsa vintage personalizada Se\u00f1alizaci\u00f3n llevada de la tienda Publicidad Acr\u00edlico Letrero de tienda minorista de letras de canal\" width=\"800\" height=\"800\" srcset=\"https:\/\/www.lettersign.top\/wp-content\/uploads\/2022\/11\/Custom-Vintage-Style-Faux-Neon-Light-Led-Store-Signage-Letters-Retail-Sign.jpg 800w, https:\/\/www.lettersign.top\/wp-content\/uploads\/2022\/11\/Custom-Vintage-Style-Faux-Neon-Light-Led-Store-Signage-Letters-Retail-Sign-500x500.jpg 500w, https:\/\/www.lettersign.top\/wp-content\/uploads\/2022\/11\/Custom-Vintage-Style-Faux-Neon-Light-Led-Store-Signage-Letters-Retail-Sign-100x100.jpg 100w, https:\/\/www.lettersign.top\/wp-content\/uploads\/2022\/11\/Custom-Vintage-Style-Faux-Neon-Light-Led-Store-Signage-Letters-Retail-Sign-700x700.jpg 700w, https:\/\/www.lettersign.top\/wp-content\/uploads\/2022\/11\/Custom-Vintage-Style-Faux-Neon-Light-Led-Store-Signage-Letters-Retail-Sign-300x300.jpg 300w, https:\/\/www.lettersign.top\/wp-content\/uploads\/2022\/11\/Custom-Vintage-Style-Faux-Neon-Light-Led-Store-Signage-Letters-Retail-Sign-150x150.jpg 150w, https:\/\/www.lettersign.top\/wp-content\/uploads\/2022\/11\/Custom-Vintage-Style-Faux-Neon-Light-Led-Store-Signage-Letters-Retail-Sign-768x768.jpg 768w\" sizes=\"auto, (max-width: 800px) 100vw, 800px\" \/><p id=\"caption-attachment-3624\" class=\"wp-caption-text\">Luz de ne\u00f3n falsa vintage personalizada Se\u00f1alizaci\u00f3n llevada de la tienda Publicidad Acr\u00edlico Letrero de tienda minorista de letras de canal<\/p><\/div>\n<p><img loading=\"lazy\" decoding=\"async\" class=\"size-full wp-image-3626 alignleft\" src=\"http:\/\/www.lettersign.top\/wp-content\/uploads\/2022\/11\/Custom-Vintage-Style-Faux-Neon-Light-Led-Store-Signage-Letters-Retail-Sign-2.jpg\" alt=\"\" width=\"800\" height=\"800\" srcset=\"https:\/\/www.lettersign.top\/wp-content\/uploads\/2022\/11\/Custom-Vintage-Style-Faux-Neon-Light-Led-Store-Signage-Letters-Retail-Sign-2.jpg 800w, https:\/\/www.lettersign.top\/wp-content\/uploads\/2022\/11\/Custom-Vintage-Style-Faux-Neon-Light-Led-Store-Signage-Letters-Retail-Sign-2-500x500.jpg 500w, https:\/\/www.lettersign.top\/wp-content\/uploads\/2022\/11\/Custom-Vintage-Style-Faux-Neon-Light-Led-Store-Signage-Letters-Retail-Sign-2-100x100.jpg 100w, https:\/\/www.lettersign.top\/wp-content\/uploads\/2022\/11\/Custom-Vintage-Style-Faux-Neon-Light-Led-Store-Signage-Letters-Retail-Sign-2-700x700.jpg 700w, https:\/\/www.lettersign.top\/wp-content\/uploads\/2022\/11\/Custom-Vintage-Style-Faux-Neon-Light-Led-Store-Signage-Letters-Retail-Sign-2-300x300.jpg 300w, https:\/\/www.lettersign.top\/wp-content\/uploads\/2022\/11\/Custom-Vintage-Style-Faux-Neon-Light-Led-Store-Signage-Letters-Retail-Sign-2-150x150.jpg 150w, https:\/\/www.lettersign.top\/wp-content\/uploads\/2022\/11\/Custom-Vintage-Style-Faux-Neon-Light-Led-Store-Signage-Letters-Retail-Sign-2-768x768.jpg 768w\" sizes=\"auto, (max-width: 800px) 100vw, 800px\" \/> <img loading=\"lazy\" decoding=\"async\" class=\"size-full wp-image-3499 alignleft\" src=\"http:\/\/www.lettersign.top\/wp-content\/uploads\/2022\/07\/%E5%BE%AE%E4%BF%A1%E6%88%AA%E5%9B%BE_20220712094357.png\" alt=\"\" width=\"814\" height=\"795\"><\/p>\n","protected":false},"excerpt":{"rendered":"[ninja_form id=1]\n","protected":false},"featured_media":4587,"template":"","meta":{"_seopress_robots_primary_cat":"","_seopress_titles_title":"","_seopress_titles_desc":"","_seopress_robots_index":""},"product_brand":[],"product_cat":[184],"product_tag":[245,260,212],"class_list":{"0":"post-4989","1":"product","2":"type-product","3":"status-publish","4":"has-post-thumbnail","6":"product_cat-signo-de-carta","7":"product_tag-letra-de-canal","8":"product_tag-letras","9":"product_tag-signo-de-carta","11":"first","12":"instock","13":"shipping-taxable","14":"product-type-simple"},"_links":{"self":[{"href":"https:\/\/www.lettersign.top\/es\/wp-json\/wp\/v2\/product\/4989","targetHints":{"allow":["GET"]}}],"collection":[{"href":"https:\/\/www.lettersign.top\/es\/wp-json\/wp\/v2\/product"}],"about":[{"href":"https:\/\/www.lettersign.top\/es\/wp-json\/wp\/v2\/types\/product"}],"wp:featuredmedia":[{"embeddable":true,"href":"https:\/\/www.lettersign.top\/es\/wp-json\/wp\/v2\/media\/4587"}],"wp:attachment":[{"href":"https:\/\/www.lettersign.top\/es\/wp-json\/wp\/v2\/media?parent=4989"}],"wp:term":[{"taxonomy":"product_brand","embeddable":true,"href":"https:\/\/www.lettersign.top\/es\/wp-json\/wp\/v2\/product_brand?post=4989"},{"taxonomy":"product_cat","embeddable":true,"href":"https:\/\/www.lettersign.top\/es\/wp-json\/wp\/v2\/product_cat?post=4989"},{"taxonomy":"product_tag","embeddable":true,"href":"https:\/\/www.lettersign.top\/es\/wp-json\/wp\/v2\/product_tag?post=4989"}],"curies":[{"name":"wp","href":"https:\/\/api.w.org\/{rel}","templated":true}]}}