{"id":4995,"date":"2022-11-26T03:02:44","date_gmt":"2022-11-26T03:02:44","guid":{"rendered":"https:\/\/www.lettersign.top\/p\/logotipo-de-letras-de-canal-de-resina-epoxi-electronico-personalizado-interior-3d-publicidad-led-luz-luminosa-tienda-signo\/"},"modified":"2022-11-26T03:02:44","modified_gmt":"2022-11-26T03:02:44","slug":"personalizado-electronico-resina-epoxi-canal-letras-logotipo-interior-3d-anuncio-luz-led-luminoso-tienda-letrero","status":"publish","type":"product","link":"https:\/\/www.lettersign.top\/es\/p\/personalizado-electronico-resina-epoxi-canal-letras-logotipo-interior-3d-anuncio-luz-led-luminoso-tienda-letrero\/","title":{"rendered":"Logotipo de letras de canal de resina epoxi electr\u00f3nico personalizado Interior 3d publicidad Led luz luminosa tienda signo"},"content":{"rendered":"<p><strong>Logotipo de letras de canal de resina epoxi electr\u00f3nico personalizado Interior 3d publicidad Led luz luminosa tienda signo<\/strong><\/p>\n<p><strong>Descripci\u00f3n:<\/strong><br \/>\nMaterial: Acero inoxidable, Acr\u00edlico Fuente de luz: M\u00f3dulos LED<br \/>\nFuente de alimentaci\u00f3n: Voltaje de entrada del transformador: 12 V<br \/>\nTemperatura de trabajo: 20 \u2103 Vida \u00fatil de trabajo: 50000 horas<br \/>\nGarant\u00eda: 2 a\u00f1os<br \/>\nModo de instalaci\u00f3n: montado en la pared mediante pernos, a petici\u00f3n del cliente<br \/>\nUso: se\u00f1ales de interior y exterior.<br \/>\nLugares de aplicaci\u00f3n: edificios, tiendas, centros comerciales, empresas, hoteles<br \/>\nNombre del producto: letrero el\u00e9ctrico luminoso con logotipo frontal de tienda personalizado Led 3d<br \/>\nTama\u00f1o y color: MOQ personalizado: 1 juego Certificado: CE<br \/>\nAccesorios: transformador y todos los accesorios de instalaci\u00f3n<br \/>\nDise\u00f1o: dise\u00f1o del cliente\/nuestro dise\u00f1o de f\u00e1brica<br \/>\nPlazo de entrega: 7-10 d\u00edas, dependiendo de la cantidad<br \/>\nEmbalaje: caja de madera de 3 capas<br \/>\nCaracter\u00edstica: Ahorro de energ\u00eda, iluminaci\u00f3n uniforme.<\/p>\n<table class=\"has-title all magic-13\">\n<tbody>\n<tr>\n<td colspan=\"1\" rowspan=\"1\">\n<div class=\"magic-14\">Material<\/div>\n<\/td>\n<td colspan=\"1\" rowspan=\"1\">\n<div class=\"magic-15\">Acero inoxidable, Acr\u00edlico<\/div>\n<\/td>\n<\/tr>\n<tr>\n<td colspan=\"1\" rowspan=\"1\">\n<div class=\"magic-14\">Tratamiento de superficies<\/div>\n<\/td>\n<td colspan=\"1\" rowspan=\"1\">\n<div class=\"magic-15\">Pulido, cepillado, galvanoplastia, pintado<\/div>\n<\/td>\n<\/tr>\n<tr>\n<td colspan=\"1\" rowspan=\"1\">\n<div class=\"magic-14\">Fuente de luz<\/div>\n<\/td>\n<td colspan=\"1\" rowspan=\"1\">\n<div class=\"magic-15\">M\u00f3dulo LED de 12V, CE aprobado<\/div>\n<\/td>\n<\/tr>\n<tr>\n<td colspan=\"1\" rowspan=\"1\">\n<div class=\"magic-14\">Color Tama\u00f1o<\/div>\n<\/td>\n<td colspan=\"1\" rowspan=\"1\">\n<div class=\"magic-15\">Cualquier tama\u00f1o y color, aceptar por encargo<\/div>\n<\/td>\n<\/tr>\n<tr>\n<td colspan=\"1\" rowspan=\"1\">\n<div class=\"magic-14\">Transformador<\/div>\n<\/td>\n<td colspan=\"1\" rowspan=\"1\">\n<div class=\"magic-15\">Marca Meanwell, aprobaci\u00f3n CE, con enchufe personalizado<\/div>\n<\/td>\n<\/tr>\n<tr>\n<td colspan=\"1\" rowspan=\"1\">\n<div class=\"magic-14\">Garant\u00eda<\/div>\n<\/td>\n<td colspan=\"1\" rowspan=\"1\">\n<div class=\"magic-15\">1 a\u00f1o<\/div>\n<\/td>\n<\/tr>\n<tr>\n<td colspan=\"1\" rowspan=\"1\">\n<div class=\"magic-14\">MOQ<\/div>\n<\/td>\n<td colspan=\"1\" rowspan=\"1\">\n<div class=\"magic-15\">1 juego<\/div>\n<\/td>\n<\/tr>\n<tr>\n<td colspan=\"1\" rowspan=\"1\">\n<div class=\"magic-14\">Voltaje<\/div>\n<\/td>\n<td colspan=\"1\" rowspan=\"1\">\n<div class=\"magic-15\">110AC~240 AC entrada est\u00e1ndar, voltajes de salida DC 12V~24V<\/div>\n<\/td>\n<\/tr>\n<tr>\n<td colspan=\"1\" rowspan=\"1\">\n<div class=\"magic-14\">Accesorios<\/div>\n<\/td>\n<td colspan=\"1\" rowspan=\"1\">\n<div class=\"magic-15\">Tornillos, transformador, papel de plantilla de instalaci\u00f3n 1:1, todas las piezas de instalaci\u00f3n<\/div>\n<\/td>\n<\/tr>\n<tr>\n<td colspan=\"1\" rowspan=\"1\">\n<div class=\"magic-14\">Solicitud<\/div>\n<\/td>\n<td colspan=\"1\" rowspan=\"1\">\n<div class=\"magic-15\">Hoteles, restaurantes, caf\u00e9s, transporte, estacionamientos, trenes, paradas de autob\u00fas, aeropuertos, se\u00f1alizaci\u00f3n peatonal, etc.<\/div>\n<\/td>\n<\/tr>\n<tr>\n<td colspan=\"1\" rowspan=\"1\">\n<div class=\"magic-14\">Caracter\u00edsticas<\/div>\n<\/td>\n<td colspan=\"1\" rowspan=\"1\">\n<div class=\"magic-15\">Uso de tablero acr\u00edlico de alta densidad y luces LED de alta calidad. Iluminaci\u00f3n uniforme sin punto caliente. La vida \u00fatil promedio es de hasta 50000 horas<\/div>\n<\/td>\n<\/tr>\n<tr>\n<td colspan=\"1\" rowspan=\"1\">\n<div class=\"magic-14\">embalaje<\/div>\n<\/td>\n<td colspan=\"1\" rowspan=\"1\">\n<div class=\"magic-15\"> Pl\u00e1stico de burbujas, espuma, caja de madera<\/div>\n<\/td>\n<\/tr>\n<tr>\n<td colspan=\"1\" rowspan=\"1\">\n<div class=\"magic-14\">Tiempo de espera<\/div>\n<\/td>\n<td colspan=\"1\" rowspan=\"1\">\n<div class=\"magic-15\">7-15 d\u00edas, depende de su cantidad<\/div>\n<\/td>\n<\/tr>\n<tr>\n<td colspan=\"1\" rowspan=\"1\">\n<div class=\"magic-14\">Alcance del negocio<\/div>\n<\/td>\n<td colspan=\"1\" rowspan=\"1\">\n<div class=\"magic-15\" data-spm-anchor-id=\"a2700.details.0.i25.54cc6056kzup2t\">Diferentes tipos de se\u00f1alizaci\u00f3n, letras de metal, letras de resina epoxi, letras de luz Halo, letras con iluminaci\u00f3n frontal, letras de marquesina, letras de ne\u00f3n falso, caja de luz&#8230;<\/div>\n<\/td>\n<\/tr>\n<\/tbody>\n<\/table>\n<div><\/div>\n<div id=\"attachment_3613\" style=\"width: 810px\" class=\"wp-caption alignleft\"><img loading=\"lazy\" decoding=\"async\" aria-describedby=\"caption-attachment-3613\" class=\"size-full wp-image-3613\" src=\"http:\/\/www.lettersign.top\/wp-content\/uploads\/2022\/11\/Bosch.jpg\" alt=\"Logotipo de letras de canal de resina epoxi electr\u00f3nico personalizado Interior 3d publicidad Led luz luminosa tienda signo\" width=\"800\" height=\"800\" srcset=\"https:\/\/www.lettersign.top\/wp-content\/uploads\/2022\/11\/Bosch.jpg 800w, https:\/\/www.lettersign.top\/wp-content\/uploads\/2022\/11\/Bosch-500x500.jpg 500w, https:\/\/www.lettersign.top\/wp-content\/uploads\/2022\/11\/Bosch-100x100.jpg 100w, https:\/\/www.lettersign.top\/wp-content\/uploads\/2022\/11\/Bosch-700x700.jpg 700w, https:\/\/www.lettersign.top\/wp-content\/uploads\/2022\/11\/Bosch-300x300.jpg 300w, https:\/\/www.lettersign.top\/wp-content\/uploads\/2022\/11\/Bosch-150x150.jpg 150w, https:\/\/www.lettersign.top\/wp-content\/uploads\/2022\/11\/Bosch-768x768.jpg 768w\" sizes=\"auto, (max-width: 800px) 100vw, 800px\" \/><p id=\"caption-attachment-3613\" class=\"wp-caption-text\">Logotipo de letras de canal de resina epoxi electr\u00f3nico personalizado Interior 3d publicidad Led luz luminosa tienda signo<\/p><\/div>\n<p><img loading=\"lazy\" decoding=\"async\" class=\"size-full wp-image-3616 alignleft\" src=\"http:\/\/www.lettersign.top\/wp-content\/uploads\/2022\/11\/Bosch-3.jpg\" alt=\"\" width=\"800\" height=\"800\" srcset=\"https:\/\/www.lettersign.top\/wp-content\/uploads\/2022\/11\/Bosch-3.jpg 800w, https:\/\/www.lettersign.top\/wp-content\/uploads\/2022\/11\/Bosch-3-500x500.jpg 500w, https:\/\/www.lettersign.top\/wp-content\/uploads\/2022\/11\/Bosch-3-100x100.jpg 100w, https:\/\/www.lettersign.top\/wp-content\/uploads\/2022\/11\/Bosch-3-700x700.jpg 700w, https:\/\/www.lettersign.top\/wp-content\/uploads\/2022\/11\/Bosch-3-300x300.jpg 300w, https:\/\/www.lettersign.top\/wp-content\/uploads\/2022\/11\/Bosch-3-150x150.jpg 150w, https:\/\/www.lettersign.top\/wp-content\/uploads\/2022\/11\/Bosch-3-768x768.jpg 768w\" sizes=\"auto, (max-width: 800px) 100vw, 800px\" \/> <img loading=\"lazy\" decoding=\"async\" class=\"size-full wp-image-3615 alignleft\" src=\"http:\/\/www.lettersign.top\/wp-content\/uploads\/2022\/11\/Bosch-2.jpg\" alt=\"\" width=\"800\" height=\"800\" srcset=\"https:\/\/www.lettersign.top\/wp-content\/uploads\/2022\/11\/Bosch-2.jpg 800w, https:\/\/www.lettersign.top\/wp-content\/uploads\/2022\/11\/Bosch-2-500x500.jpg 500w, https:\/\/www.lettersign.top\/wp-content\/uploads\/2022\/11\/Bosch-2-100x100.jpg 100w, https:\/\/www.lettersign.top\/wp-content\/uploads\/2022\/11\/Bosch-2-700x700.jpg 700w, https:\/\/www.lettersign.top\/wp-content\/uploads\/2022\/11\/Bosch-2-300x300.jpg 300w, https:\/\/www.lettersign.top\/wp-content\/uploads\/2022\/11\/Bosch-2-150x150.jpg 150w, https:\/\/www.lettersign.top\/wp-content\/uploads\/2022\/11\/Bosch-2-768x768.jpg 768w\" sizes=\"auto, (max-width: 800px) 100vw, 800px\" \/> <img loading=\"lazy\" decoding=\"async\" class=\"size-full wp-image-3499 alignleft\" src=\"http:\/\/www.lettersign.top\/wp-content\/uploads\/2022\/07\/%E5%BE%AE%E4%BF%A1%E6%88%AA%E5%9B%BE_20220712094357.png\" alt=\"\" width=\"814\" height=\"795\"><\/p>\n","protected":false},"excerpt":{"rendered":"[ninja_form id=1]\n","protected":false},"featured_media":4563,"template":"","meta":{"_seopress_robots_primary_cat":"","_seopress_titles_title":"","_seopress_titles_desc":"","_seopress_robots_index":""},"product_brand":[],"product_cat":[184],"product_tag":[260,212],"class_list":{"0":"post-4995","1":"product","2":"type-product","3":"status-publish","4":"has-post-thumbnail","6":"product_cat-signo-de-carta","7":"product_tag-letras","8":"product_tag-signo-de-carta","10":"first","11":"instock","12":"shipping-taxable","13":"product-type-simple"},"_links":{"self":[{"href":"https:\/\/www.lettersign.top\/es\/wp-json\/wp\/v2\/product\/4995","targetHints":{"allow":["GET"]}}],"collection":[{"href":"https:\/\/www.lettersign.top\/es\/wp-json\/wp\/v2\/product"}],"about":[{"href":"https:\/\/www.lettersign.top\/es\/wp-json\/wp\/v2\/types\/product"}],"wp:featuredmedia":[{"embeddable":true,"href":"https:\/\/www.lettersign.top\/es\/wp-json\/wp\/v2\/media\/4563"}],"wp:attachment":[{"href":"https:\/\/www.lettersign.top\/es\/wp-json\/wp\/v2\/media?parent=4995"}],"wp:term":[{"taxonomy":"product_brand","embeddable":true,"href":"https:\/\/www.lettersign.top\/es\/wp-json\/wp\/v2\/product_brand?post=4995"},{"taxonomy":"product_cat","embeddable":true,"href":"https:\/\/www.lettersign.top\/es\/wp-json\/wp\/v2\/product_cat?post=4995"},{"taxonomy":"product_tag","embeddable":true,"href":"https:\/\/www.lettersign.top\/es\/wp-json\/wp\/v2\/product_tag?post=4995"}],"curies":[{"name":"wp","href":"https:\/\/api.w.org\/{rel}","templated":true}]}}