{"id":5481,"date":"2024-07-04T02:23:25","date_gmt":"2024-07-04T02:23:25","guid":{"rendered":"https:\/\/www.lettersign.top\/p\/calor-personalizado-oro-plata-electroformado-metal-niquel-etiqueta-3d-logotipo-etiqueta-uv-etiqueta-de-transferencia-de-vinilo\/"},"modified":"2024-07-04T02:23:25","modified_gmt":"2024-07-04T02:23:25","slug":"etiqueta-logo-etiqueta-3d-de-metal-niquel-electroformado-oro-plata-uv-calcomania-vinilo-pegatina-de-transferencia-personalizada-calor-oro-plata","status":"publish","type":"product","link":"https:\/\/www.lettersign.top\/es\/p\/etiqueta-logo-etiqueta-3d-de-metal-niquel-electroformado-oro-plata-uv-calcomania-vinilo-pegatina-de-transferencia-personalizada-calor-oro-plata\/","title":{"rendered":"Calor personalizado Oro Plata Electroformado Metal N\u00edquel Etiqueta 3D Logotipo Etiqueta UV Etiqueta de transferencia de vinilo"},"content":{"rendered":"<p><strong>Etiqueta de transferencia de vinilo con logotipo 3D de n\u00edquel y metal electroformado plateado con calor de l\u00e1mina dorada transparente personalizada<\/strong><\/p>\n<p>Nombre del producto: pegatina de transferencia UV de metal 3D<br \/>\nLogotipo: Aceptar personalizaci\u00f3n<br \/>\nCaracter\u00edstica: Resistente al agua y al aceite, Raspable, Resiste temperaturas altas y bajas, Respetuoso del medio ambiente, Antifalsificaci\u00f3n<br \/>\nUso: Negocios\/Publicidad\/Botella\/Equipaje\/Ordenador port\u00e1til\/Libro de pegatinas para ni\u00f1os\/Decoraci\u00f3n\/Promoci\u00f3n\/Artesan\u00eda DIY<br \/>\nDimensi\u00f3n: Tama\u00f1o personalizado<br \/>\nFORMATO DE ILUSTRACI\u00d3N: AI, PSD, PDF, CDR, JPG, TIFF<br \/>\nImpresi\u00f3n: Impresi\u00f3n digital, Impresi\u00f3n por transferencia t\u00e9rmica, Impresi\u00f3n offset, Serigraf\u00eda, Impresi\u00f3n en huecograbado, Impresi\u00f3n tipogr\u00e1fica, Impresi\u00f3n troquelada, Impresi\u00f3n UV, Impresi\u00f3n en relieve<br \/>\nMaterial: PET blanco, papel art\u00edstico de PVC, BOPP, PVC no t\u00f3xico, adhesivo autoadhesivo de PVC, vinilo de PVC, vinilo, silicona adhesiva reutilizable, adhesivo de liberaci\u00f3n<br \/>\nColor: CMYK, color Pantone, a todo color, color personalizado, varios colores<br \/>\nAcabado de superficies: Barnizado mate, Barnizado brillante, Barnizado UV, Estampado dorado, Espejo<br \/>\nCertificaci\u00f3n: FSC \/ ISO9001 \/ ISO14001 \/ OHSAS18001<br \/>\nRespetuoso del medio ambiente: Seguro y no t\u00f3xico<br \/>\nOpciones personalizadas: Largo, Ancho, Grosor, Impresi\u00f3n, Color base<br \/>\nTiempo de muestra: 3-7 d\u00edas laborables<br \/>\nEmbalaje: Hoja individual\/troquelado\/bolsa de pl\u00e1stico\/caja de cart\u00f3n\/rollos<br \/>\nTiempo de producci\u00f3n: 3-5 d\u00edas h\u00e1biles despu\u00e9s de la aprobaci\u00f3n de la prueba<br \/>\nPago: T\/T, Western Union, Paypal, etc.<br \/>\nEnv\u00edo: por mar, por aire, por FEDEX, UPS, DHL, etc.<\/p>\n","protected":false},"excerpt":{"rendered":"[ninja_form id=\"1\"]\n","protected":false},"featured_media":5465,"template":"","meta":{"_seopress_robots_primary_cat":"","_seopress_titles_title":"Etiqueta adhesiva con logotipo de etiqueta de transferencia UV de metal con letras met\u00e1licas 3D personalizadas","_seopress_titles_desc":"Impermeable personalizado claro l\u00e1mina de oro calor plata electroformado Metal n\u00edquel etiqueta 3D Logo UV calcoman\u00eda vinilo transferencia pegatina al por mayor","_seopress_robots_index":""},"product_brand":[],"product_cat":[182],"product_tag":[371,372],"class_list":{"0":"post-5481","1":"product","2":"type-product","3":"status-publish","4":"has-post-thumbnail","6":"product_cat-emblema-de-la-insignia-pegatina","7":"product_tag-etiqueta-autoadhesiva","8":"product_tag-etiqueta-ultravioleta","10":"first","11":"instock","12":"shipping-taxable","13":"product-type-simple"},"_links":{"self":[{"href":"https:\/\/www.lettersign.top\/es\/wp-json\/wp\/v2\/product\/5481","targetHints":{"allow":["GET"]}}],"collection":[{"href":"https:\/\/www.lettersign.top\/es\/wp-json\/wp\/v2\/product"}],"about":[{"href":"https:\/\/www.lettersign.top\/es\/wp-json\/wp\/v2\/types\/product"}],"wp:featuredmedia":[{"embeddable":true,"href":"https:\/\/www.lettersign.top\/es\/wp-json\/wp\/v2\/media\/5465"}],"wp:attachment":[{"href":"https:\/\/www.lettersign.top\/es\/wp-json\/wp\/v2\/media?parent=5481"}],"wp:term":[{"taxonomy":"product_brand","embeddable":true,"href":"https:\/\/www.lettersign.top\/es\/wp-json\/wp\/v2\/product_brand?post=5481"},{"taxonomy":"product_cat","embeddable":true,"href":"https:\/\/www.lettersign.top\/es\/wp-json\/wp\/v2\/product_cat?post=5481"},{"taxonomy":"product_tag","embeddable":true,"href":"https:\/\/www.lettersign.top\/es\/wp-json\/wp\/v2\/product_tag?post=5481"}],"curies":[{"name":"wp","href":"https:\/\/api.w.org\/{rel}","templated":true}]}}