{"id":5503,"date":"2024-07-10T07:59:06","date_gmt":"2024-07-10T07:59:06","guid":{"rendered":"https:\/\/www.lettersign.top\/p\/logotipo-de-pieza-de-automovil-bmw-insignia-abs-pegatina-de-56mm-68mm-tapacubos-de-centro-de-rueda-de-coche-emblema-de-llanta\/"},"modified":"2024-07-10T07:59:06","modified_gmt":"2024-07-10T07:59:06","slug":"bmw-auto-part-logo-abs-insignia-pegatina-56mm-68mm-emblema-de-llanta-de-la-tapa-de-cubo-del-centro-de-la-rueda-del-automovil","status":"publish","type":"product","link":"https:\/\/www.lettersign.top\/es\/p\/bmw-auto-part-logo-abs-insignia-pegatina-56mm-68mm-emblema-de-llanta-de-la-tapa-de-cubo-del-centro-de-la-rueda-del-automovil\/","title":{"rendered":"Logotipo de pieza de autom\u00f3vil BMW, insignia ABS, pegatina de 56mm 68mm, tapacubos de centro de rueda de coche, emblema de llanta"},"content":{"rendered":"<h6 data-spm-anchor-id=\"a2700.details.0.i70.6dc45d10hpIey7\">Logotipo de pieza de autom\u00f3vil BMW, pegatina de insignia ABS de 56mm 68mm, tapacubos de centro de rueda de coche, emblema de llanta, venta al por mayor<\/h6>\n<p>Material: ABS<br \/>\nMontaje del coche: Universal<br \/>\nAcabado: Cromo<br \/>\nTama\u00f1o: 56mm, 68mm<br \/>\nMOQ: 200pcs<br \/>\nNombre del producto: cubierta del tapacubos del centro de la rueda de BMW<br \/>\nFunci\u00f3n Decoraci\u00f3n + Protecci\u00f3n<br \/>\nAplicaci\u00f3n: Cubierta del tapacubos del centro de la rueda<br \/>\nLogotipo: Impresi\u00f3n<br \/>\nEmbalaje: paquete individual<br \/>\nFunci\u00f3n: Emblemas de autopartes<\/p>\n","protected":false},"excerpt":{"rendered":"[ninja_form id=\"1\"]\n","protected":false},"featured_media":5490,"template":"","meta":{"_seopress_robots_primary_cat":"","_seopress_titles_title":"Insignia del emblema del ABS de la cubierta del tapacubos del centro de la rueda del coche BMW de 56mm 68mm","_seopress_titles_desc":"Tienda 56 mm 68 mm ABS Auto Parts BMW Car Wheel Center Hub Cap Cubierta Emblemas Insignia de pl\u00e1stico Fabricante","_seopress_robots_index":""},"product_brand":[],"product_cat":[182],"product_tag":[379,380],"class_list":{"0":"post-5503","1":"product","2":"type-product","3":"status-publish","4":"has-post-thumbnail","6":"product_cat-emblema-de-la-insignia-pegatina","7":"product_tag-emblema-bmw","8":"product_tag-insignia-bmw","10":"first","11":"instock","12":"shipping-taxable","13":"product-type-simple"},"_links":{"self":[{"href":"https:\/\/www.lettersign.top\/es\/wp-json\/wp\/v2\/product\/5503","targetHints":{"allow":["GET"]}}],"collection":[{"href":"https:\/\/www.lettersign.top\/es\/wp-json\/wp\/v2\/product"}],"about":[{"href":"https:\/\/www.lettersign.top\/es\/wp-json\/wp\/v2\/types\/product"}],"wp:featuredmedia":[{"embeddable":true,"href":"https:\/\/www.lettersign.top\/es\/wp-json\/wp\/v2\/media\/5490"}],"wp:attachment":[{"href":"https:\/\/www.lettersign.top\/es\/wp-json\/wp\/v2\/media?parent=5503"}],"wp:term":[{"taxonomy":"product_brand","embeddable":true,"href":"https:\/\/www.lettersign.top\/es\/wp-json\/wp\/v2\/product_brand?post=5503"},{"taxonomy":"product_cat","embeddable":true,"href":"https:\/\/www.lettersign.top\/es\/wp-json\/wp\/v2\/product_cat?post=5503"},{"taxonomy":"product_tag","embeddable":true,"href":"https:\/\/www.lettersign.top\/es\/wp-json\/wp\/v2\/product_tag?post=5503"}],"curies":[{"name":"wp","href":"https:\/\/api.w.org\/{rel}","templated":true}]}}