{"id":5638,"date":"2026-04-22T09:18:20","date_gmt":"2026-04-22T09:18:20","guid":{"rendered":"https:\/\/www.lettersign.top\/p\/stainless-steel-backlit-letter-attractive-storefront-signage-board-business-led-illuminated-sign\/"},"modified":"2026-04-22T09:18:20","modified_gmt":"2026-04-22T09:18:20","slug":"stainless-steel-backlit-letter-attractive-storefront-signage-board-business-led-illuminated-sign","status":"publish","type":"product","link":"https:\/\/www.lettersign.top\/es\/p\/stainless-steel-backlit-letter-attractive-storefront-signage-board-business-led-illuminated-sign\/","title":{"rendered":"Stainless Steel Backlit Letter Attractive Storefront Signage Board Business Led Illuminated Sign"},"content":{"rendered":"<p><strong>Supply Stainless Steel Backlit Letter Attractive Storefront Signage Board Business Led Illuminated Sign Manufacturers<\/strong><\/p>\n<p><strong>Descripci\u00f3n:<\/strong><br \/>\nMaterial: Acero inoxidable, Acr\u00edlico Fuente de luz: M\u00f3dulos LED<br \/>\nFuente de alimentaci\u00f3n: Voltaje de entrada del transformador: 12 V<br \/>\nTemperatura de trabajo: 20 \u2103 Vida \u00fatil de trabajo: 50000 horas<br \/>\nGarant\u00eda: 2 a\u00f1os<br \/>\nModo de instalaci\u00f3n: montado en la pared mediante pernos, a petici\u00f3n del cliente<br \/>\nUso: se\u00f1ales de interior y exterior.<br \/>\nLugares de aplicaci\u00f3n: edificios, tiendas, centros comerciales, empresas, hoteles<br \/>\nNombre del producto: letrero el\u00e9ctrico luminoso con logotipo frontal de tienda personalizado Led 3d<br \/>\nTama\u00f1o y color: MOQ personalizado: 1 juego Certificado: CE<br \/>\nAccesorios: transformador y todos los accesorios de instalaci\u00f3n<br \/>\nDise\u00f1o: dise\u00f1o del cliente\/nuestro dise\u00f1o de f\u00e1brica<br \/>\nPlazo de entrega: 7-10 d\u00edas, dependiendo de la cantidad<br \/>\nEmbalaje: caja de madera de 3 capas<br \/>\nCaracter\u00edstica: Ahorro de energ\u00eda, iluminaci\u00f3n uniforme.<\/p>\n<table class=\"has-title all magic-13\">\n<tbody>\n<tr>\n<td colspan=\"1\" rowspan=\"1\">\n<div class=\"magic-14\">Material<\/div>\n<\/td>\n<td colspan=\"1\" rowspan=\"1\">\n<div class=\"magic-15\">Acero inoxidable, Acr\u00edlico<\/div>\n<\/td>\n<\/tr>\n<tr>\n<td colspan=\"1\" rowspan=\"1\">\n<div class=\"magic-14\">Tratamiento de superficies<\/div>\n<\/td>\n<td colspan=\"1\" rowspan=\"1\">\n<div class=\"magic-15\">Pulido, cepillado, galvanoplastia, pintado<\/div>\n<\/td>\n<\/tr>\n<tr>\n<td colspan=\"1\" rowspan=\"1\">\n<div class=\"magic-14\">Fuente de luz<\/div>\n<\/td>\n<td colspan=\"1\" rowspan=\"1\">\n<div class=\"magic-15\">M\u00f3dulo LED de 12V, CE aprobado<\/div>\n<\/td>\n<\/tr>\n<tr>\n<td colspan=\"1\" rowspan=\"1\">\n<div class=\"magic-14\">Color Tama\u00f1o<\/div>\n<\/td>\n<td colspan=\"1\" rowspan=\"1\">\n<div class=\"magic-15\">Cualquier tama\u00f1o y color, aceptar por encargo<\/div>\n<\/td>\n<\/tr>\n<tr>\n<td colspan=\"1\" rowspan=\"1\">\n<div class=\"magic-14\">Transformador<\/div>\n<\/td>\n<td colspan=\"1\" rowspan=\"1\">\n<div class=\"magic-15\">Marca Meanwell, aprobaci\u00f3n CE, con enchufe personalizado<\/div>\n<\/td>\n<\/tr>\n<tr>\n<td colspan=\"1\" rowspan=\"1\">\n<div class=\"magic-14\">Garant\u00eda<\/div>\n<\/td>\n<td colspan=\"1\" rowspan=\"1\">\n<div class=\"magic-15\">1 a\u00f1o<\/div>\n<\/td>\n<\/tr>\n<tr>\n<td colspan=\"1\" rowspan=\"1\">\n<div class=\"magic-14\">MOQ<\/div>\n<\/td>\n<td colspan=\"1\" rowspan=\"1\">\n<div class=\"magic-15\">1 juego<\/div>\n<\/td>\n<\/tr>\n<tr>\n<td colspan=\"1\" rowspan=\"1\">\n<div class=\"magic-14\">Voltaje<\/div>\n<\/td>\n<td colspan=\"1\" rowspan=\"1\">\n<div class=\"magic-15\">110AC~240 AC entrada est\u00e1ndar, voltajes de salida DC 12V~24V<\/div>\n<\/td>\n<\/tr>\n<tr>\n<td colspan=\"1\" rowspan=\"1\">\n<div class=\"magic-14\">Accesorios<\/div>\n<\/td>\n<td colspan=\"1\" rowspan=\"1\">\n<div class=\"magic-15\">Tornillos, transformador, papel de plantilla de instalaci\u00f3n 1:1, todas las piezas de instalaci\u00f3n<\/div>\n<\/td>\n<\/tr>\n<tr>\n<td colspan=\"1\" rowspan=\"1\">\n<div class=\"magic-14\">Solicitud<\/div>\n<\/td>\n<td colspan=\"1\" rowspan=\"1\">\n<div class=\"magic-15\">Hoteles, restaurantes, caf\u00e9s, transporte, estacionamientos, trenes, paradas de autob\u00fas, aeropuertos, se\u00f1alizaci\u00f3n peatonal, etc.<\/div>\n<\/td>\n<\/tr>\n<tr>\n<td colspan=\"1\" rowspan=\"1\">\n<div class=\"magic-14\">Caracter\u00edsticas<\/div>\n<\/td>\n<td colspan=\"1\" rowspan=\"1\">\n<div class=\"magic-15\">Uso de tablero acr\u00edlico de alta densidad y luces LED de alta calidad. Iluminaci\u00f3n uniforme sin punto caliente. La vida \u00fatil promedio es de hasta 50000 horas<\/div>\n<\/td>\n<\/tr>\n<tr>\n<td colspan=\"1\" rowspan=\"1\">\n<div class=\"magic-14\">embalaje<\/div>\n<\/td>\n<td colspan=\"1\" rowspan=\"1\">\n<div class=\"magic-15\"> Pl\u00e1stico de burbujas, espuma, caja de madera<\/div>\n<\/td>\n<\/tr>\n<tr>\n<td colspan=\"1\" rowspan=\"1\">\n<div class=\"magic-14\">Tiempo de espera<\/div>\n<\/td>\n<td colspan=\"1\" rowspan=\"1\">\n<div class=\"magic-15\">7-15 d\u00edas, depende de su cantidad<\/div>\n<\/td>\n<\/tr>\n<tr>\n<td colspan=\"1\" rowspan=\"1\">\n<div class=\"magic-14\">Alcance del negocio<\/div>\n<\/td>\n<td colspan=\"1\" rowspan=\"1\">\n<div class=\"magic-15\" data-spm-anchor-id=\"a2700.details.0.i25.54cc6056kzup2t\">Diferentes tipos de se\u00f1alizaci\u00f3n, letras de metal, letras de resina epoxi, letras de luz Halo, letras con iluminaci\u00f3n frontal, letras de marquesina, letras de ne\u00f3n falso, caja de luz&#8230;<\/div>\n<\/td>\n<\/tr>\n<\/tbody>\n<\/table>\n<p>&nbsp;<\/p>\n<div id=\"attachment_5622\" style=\"width: 810px\" class=\"wp-caption aligncenter\"><img loading=\"lazy\" decoding=\"async\" aria-describedby=\"caption-attachment-5622\" class=\"size-full wp-image-5622\" src=\"http:\/\/www.lettersign.top\/wp-content\/uploads\/2026\/04\/Stainless-Steel-Backlit-Letter-Attractive-Storefront-Signage-Board-Business-Led-Illuminated-Sign.jpg\" alt=\"Letras retroiluminadas de acero inoxidable: atractivo letrero para escaparates y r\u00f3tulo comercial iluminado con LED.\" width=\"800\" height=\"800\" srcset=\"https:\/\/www.lettersign.top\/wp-content\/uploads\/2026\/04\/Stainless-Steel-Backlit-Letter-Attractive-Storefront-Signage-Board-Business-Led-Illuminated-Sign.jpg 800w, https:\/\/www.lettersign.top\/wp-content\/uploads\/2026\/04\/Stainless-Steel-Backlit-Letter-Attractive-Storefront-Signage-Board-Business-Led-Illuminated-Sign-300x300.jpg 300w, https:\/\/www.lettersign.top\/wp-content\/uploads\/2026\/04\/Stainless-Steel-Backlit-Letter-Attractive-Storefront-Signage-Board-Business-Led-Illuminated-Sign-150x150.jpg 150w, https:\/\/www.lettersign.top\/wp-content\/uploads\/2026\/04\/Stainless-Steel-Backlit-Letter-Attractive-Storefront-Signage-Board-Business-Led-Illuminated-Sign-768x768.jpg 768w, https:\/\/www.lettersign.top\/wp-content\/uploads\/2026\/04\/Stainless-Steel-Backlit-Letter-Attractive-Storefront-Signage-Board-Business-Led-Illuminated-Sign-500x500.jpg 500w, https:\/\/www.lettersign.top\/wp-content\/uploads\/2026\/04\/Stainless-Steel-Backlit-Letter-Attractive-Storefront-Signage-Board-Business-Led-Illuminated-Sign-700x700.jpg 700w, https:\/\/www.lettersign.top\/wp-content\/uploads\/2026\/04\/Stainless-Steel-Backlit-Letter-Attractive-Storefront-Signage-Board-Business-Led-Illuminated-Sign-100x100.jpg 100w\" sizes=\"auto, (max-width: 800px) 100vw, 800px\" \/><p id=\"caption-attachment-5622\" class=\"wp-caption-text\">Letras retroiluminadas de acero inoxidable: atractivo letrero para escaparates y r\u00f3tulo comercial iluminado con LED.<\/p><\/div>\n<p><img loading=\"lazy\" decoding=\"async\" class=\"aligncenter size-full wp-image-3799\" src=\"http:\/\/www.lettersign.top\/wp-content\/uploads\/2023\/04\/Customized-Acrylic-Frontlit-Backlit-Letter-Sign-Attractive-Storefront-Sign-Board-Led-Lighting-Letters3.jpg\" alt=\"Letrero de letra retroiluminado con retroiluminaci\u00f3n frontal de acr\u00edlico de acero inoxidable Tablero de letrero de escaparate atractivo Letras de iluminaci\u00f3n LED\" width=\"800\" height=\"800\" srcset=\"https:\/\/www.lettersign.top\/wp-content\/uploads\/2023\/04\/Customized-Acrylic-Frontlit-Backlit-Letter-Sign-Attractive-Storefront-Sign-Board-Led-Lighting-Letters3.jpg 800w, https:\/\/www.lettersign.top\/wp-content\/uploads\/2023\/04\/Customized-Acrylic-Frontlit-Backlit-Letter-Sign-Attractive-Storefront-Sign-Board-Led-Lighting-Letters3-500x500.jpg 500w, https:\/\/www.lettersign.top\/wp-content\/uploads\/2023\/04\/Customized-Acrylic-Frontlit-Backlit-Letter-Sign-Attractive-Storefront-Sign-Board-Led-Lighting-Letters3-100x100.jpg 100w, https:\/\/www.lettersign.top\/wp-content\/uploads\/2023\/04\/Customized-Acrylic-Frontlit-Backlit-Letter-Sign-Attractive-Storefront-Sign-Board-Led-Lighting-Letters3-700x700.jpg 700w, https:\/\/www.lettersign.top\/wp-content\/uploads\/2023\/04\/Customized-Acrylic-Frontlit-Backlit-Letter-Sign-Attractive-Storefront-Sign-Board-Led-Lighting-Letters3-300x300.jpg 300w, https:\/\/www.lettersign.top\/wp-content\/uploads\/2023\/04\/Customized-Acrylic-Frontlit-Backlit-Letter-Sign-Attractive-Storefront-Sign-Board-Led-Lighting-Letters3-150x150.jpg 150w, https:\/\/www.lettersign.top\/wp-content\/uploads\/2023\/04\/Customized-Acrylic-Frontlit-Backlit-Letter-Sign-Attractive-Storefront-Sign-Board-Led-Lighting-Letters3-768x768.jpg 768w\" sizes=\"auto, (max-width: 800px) 100vw, 800px\" \/><\/p>\n","protected":false},"excerpt":{"rendered":"<p><a href=\"https:\/\/api.whatsapp.com\/send?phone=008613976116176\" rel=\"nofollow\"><img loading=\"lazy\" decoding=\"async\" class=\"aligncenter size-medium wp-image-336\" src=\"http:\/\/www.lettersign.top\/wp-content\/uploads\/2023\/04\/whatsapp-tous.jpg\" alt=\"whatsapp-tous\" width=\"300\" height=\"93\"><\/a>[ninja_form id=\"1\"]<\/p>\n","protected":false},"featured_media":5625,"template":"","meta":{"_seopress_robots_primary_cat":"","_seopress_titles_title":"Letrero comercial iluminado con LED: R\u00f3tulo atractivo para escaparates con letras retroiluminadas de acero inoxidable.","_seopress_titles_desc":"F\u00e1brica de letras retroiluminadas de acero inoxidable | Atractiva se\u00f1alizaci\u00f3n para escaparates | Fabricante de letreros comerciales iluminados con LED","_seopress_robots_index":""},"product_brand":[],"product_cat":[184],"product_tag":[260,247],"class_list":{"0":"post-5638","1":"product","2":"type-product","3":"status-publish","4":"has-post-thumbnail","6":"product_cat-signo-de-carta","7":"product_tag-letras","8":"product_tag-senal-led","10":"first","11":"instock","12":"shipping-taxable","13":"product-type-simple"},"_links":{"self":[{"href":"https:\/\/www.lettersign.top\/es\/wp-json\/wp\/v2\/product\/5638","targetHints":{"allow":["GET"]}}],"collection":[{"href":"https:\/\/www.lettersign.top\/es\/wp-json\/wp\/v2\/product"}],"about":[{"href":"https:\/\/www.lettersign.top\/es\/wp-json\/wp\/v2\/types\/product"}],"wp:featuredmedia":[{"embeddable":true,"href":"https:\/\/www.lettersign.top\/es\/wp-json\/wp\/v2\/media\/5625"}],"wp:attachment":[{"href":"https:\/\/www.lettersign.top\/es\/wp-json\/wp\/v2\/media?parent=5638"}],"wp:term":[{"taxonomy":"product_brand","embeddable":true,"href":"https:\/\/www.lettersign.top\/es\/wp-json\/wp\/v2\/product_brand?post=5638"},{"taxonomy":"product_cat","embeddable":true,"href":"https:\/\/www.lettersign.top\/es\/wp-json\/wp\/v2\/product_cat?post=5638"},{"taxonomy":"product_tag","embeddable":true,"href":"https:\/\/www.lettersign.top\/es\/wp-json\/wp\/v2\/product_tag?post=5638"}],"curies":[{"name":"wp","href":"https:\/\/api.w.org\/{rel}","templated":true}]}}