{"id":4935,"date":"2023-06-26T06:59:53","date_gmt":"2023-06-26T06:59:53","guid":{"rendered":"https:\/\/www.lettersign.top\/p\/3d-auto-autocollants-abs-chrome-lettres-car-styling-metal-moto-racing-embleme-badge-autocollant\/"},"modified":"2023-06-26T06:59:53","modified_gmt":"2023-06-26T06:59:53","slug":"3d-auto-stickers-abs-chrome-letters-car-styling-metal-moto-racing-embleme-badge-sticker","status":"publish","type":"product","link":"https:\/\/www.lettersign.top\/fr\/p\/3d-auto-stickers-abs-chrome-letters-car-styling-metal-moto-racing-embleme-badge-sticker\/","title":{"rendered":"3D Auto Autocollants ABS Chrome Lettres Car Styling M\u00e9tal Moto Racing Embl\u00e8me Badge Autocollant"},"content":{"rendered":"<p><strong>Personnalis\u00e9 3D Auto Autocollants ABS Chrome Lettres Car-styling M\u00e9tal Moto Racing Embl\u00e8me Badge Autocollant Logo Signalisation Accessoires<\/strong><\/p>\n<table style=\"height: 520px;\" width=\"1128\">\n<tbody>\n<tr>\n<td colspan=\"1\" rowspan=\"1\">\n<div>\n<div>Description<\/div>\n<\/div>\n<\/td>\n<td colspan=\"1\" rowspan=\"1\">\n<div>\n<div>Embl\u00e8mes de voiture logo 3d en plastique personnalis\u00e9 badges auto logo abs autocollant logo embl\u00e8me<\/div>\n<\/div>\n<\/td>\n<\/tr>\n<tr>\n<td colspan=\"1\" rowspan=\"1\">\n<div>\n<div>Mat\u00e9riel<\/div>\n<\/div>\n<\/td>\n<td colspan=\"1\" rowspan=\"1\">\n<div>\n<div>ABS<\/div>\n<\/div>\n<\/td>\n<\/tr>\n<tr>\n<td colspan=\"1\" rowspan=\"1\">\n<div>\n<div>Adh\u00e9sif<\/div>\n<\/div>\n<\/td>\n<td colspan=\"1\" rowspan=\"1\">\n<div>\n<div>Adh\u00e9sif acrylique double face<\/div>\n<\/div>\n<\/td>\n<\/tr>\n<tr>\n<td colspan=\"1\" rowspan=\"1\">\n<div>\n<div>\u00c9paisseur<\/div>\n<\/div>\n<\/td>\n<td colspan=\"1\" rowspan=\"1\">\n<div>\n<div>3mm<\/div>\n<\/div>\n<\/td>\n<\/tr>\n<tr>\n<td colspan=\"1\" rowspan=\"1\">\n<div>\n<div>Technologie<\/div>\n<\/div>\n<\/td>\n<td colspan=\"1\" rowspan=\"1\">\n<div>\n<div>Galvanoplastie<\/div>\n<\/div>\n<\/td>\n<\/tr>\n<tr>\n<td colspan=\"1\" rowspan=\"1\">\n<div>\n<div>Format de fichier de conception<\/div>\n<\/div>\n<\/td>\n<td colspan=\"1\" rowspan=\"1\">\n<div>\n<div>Format AI\/CDR\/PDF<\/div>\n<\/div>\n<\/td>\n<\/tr>\n<tr>\n<td colspan=\"1\" rowspan=\"1\">\n<div>\n<div>Couleur<\/div>\n<\/div>\n<\/td>\n<td colspan=\"1\" rowspan=\"1\">\n<div>\n<div>Noir et argent mat<\/div>\n<\/div>\n<\/td>\n<\/tr>\n<tr>\n<td colspan=\"1\" rowspan=\"1\">\n<div>\n<div>Surface<\/div>\n<\/div>\n<\/td>\n<td colspan=\"1\" rowspan=\"1\">\n<div>\n<div>Surface lisse et givr\u00e9e<\/div>\n<\/div>\n<\/td>\n<\/tr>\n<tr>\n<td colspan=\"1\" rowspan=\"1\">\n<div>\n<div>Emballage<\/div>\n<\/div>\n<\/td>\n<td colspan=\"1\" rowspan=\"1\">\n<div>\n<div>Sac d&rsquo;opp, carton<\/div>\n<\/div>\n<\/td>\n<\/tr>\n<tr>\n<td colspan=\"1\" rowspan=\"1\">\n<div>\n<div>Prix<\/div>\n<\/div>\n<\/td>\n<td colspan=\"1\" rowspan=\"1\">\n<div>\n<div>Prix comp\u00e9titif et bonne qualit\u00e9<\/div>\n<\/div>\n<\/td>\n<\/tr>\n<tr>\n<td colspan=\"1\" rowspan=\"1\">\n<div>\n<div>Temps d&rsquo;\u00e9chantillonnage<\/div>\n<\/div>\n<\/td>\n<td colspan=\"1\" rowspan=\"1\">\n<div>\n<div>10-15 jours<\/div>\n<\/div>\n<\/td>\n<\/tr>\n<tr>\n<td colspan=\"1\" rowspan=\"1\">\n<div>\n<div>D\u00e9lai de livraison<\/div>\n<\/div>\n<\/td>\n<td colspan=\"1\" rowspan=\"1\">\n<div>\n<div>5-7 jours<\/div>\n<\/div>\n<\/td>\n<\/tr>\n<tr>\n<td colspan=\"1\" rowspan=\"1\">\n<div>\n<div>Paiement<\/div>\n<\/div>\n<\/td>\n<td colspan=\"1\" rowspan=\"1\">\n<div>\n<div>Avance de 100 % ou avance de 30 %, 70 % avant l&rsquo;exp\u00e9dition<\/div>\n<\/div>\n<\/td>\n<\/tr>\n<tr>\n<td colspan=\"1\" rowspan=\"1\">\n<div>\n<div>Service<\/div>\n<\/div>\n<\/td>\n<td colspan=\"1\" rowspan=\"1\">\n<div>\n<div>Pour toute question ou utilisation de commentaires, n&rsquo;h\u00e9sitez pas \u00e0 nous contacter.<\/div>\n<\/div>\n<\/td>\n<\/tr>\n<\/tbody>\n<\/table>\n<p><strong>Description:<\/strong><br \/>\n1. Design \u00e9l\u00e9gant et cool, apparence 3D absolue, surface lisse r\u00e9fl\u00e9chissante, ne se d\u00e9colore pas, rend s\u00fbrement votre voiture plus sp\u00e9ciale et pleine d&rsquo;attrait.<br \/>\n2. Facile \u00e0 installer, aucun outil n\u00e9cessaire. peut \u00eatre appliqu\u00e9 sur n&rsquo;importe quelle surface plane et propre &#8211; v\u00e9hicules, portes de voiture, carrosserie, garde-boue lat\u00e9ral de voiture, coffre arri\u00e8re de voiture, etc.<br \/>\n3. Mat\u00e9riau : fabriqu\u00e9 en alliage d&rsquo;aluminium solide et respectueux de l&rsquo;environnement, il n&rsquo;est pas facile \u00e0 d\u00e9former et a une texture plus solide.<br \/>\n4. Artisanat : plusieurs temps de placage, r\u00e9sultant en une plus grande r\u00e9sistance \u00e0 la corrosion et \u00e0 l&rsquo;oxydation.<br \/>\n5. Ruban adh\u00e9sif super r\u00e9sistant \u00e0 l&rsquo;arri\u00e8re, il suffit de d\u00e9coller le support pour coller (lorsque vous collez, utilisez un s\u00e8che-cheveux pour chauffer la colle, rendre la viscosit\u00e9 plus forte).<\/p>\n<p><strong>Comment installer:<\/strong><br \/>\n1. Nettoyez la position \u00e0 fixer.<br \/>\n2. Gardez la surface s\u00e8che, ne pas avoir d&rsquo;eau, d&rsquo;huile, de poussi\u00e8re (il est pr\u00e9f\u00e9rable de ne pas cirer dans un proche avenir).<br \/>\n3. Lorsque vous collez, selon la taille des autocollants de voiture, choisissez un endroit plat.<br \/>\n4. Retirez le papier inf\u00e9rieur en plastique \u00e0 l&rsquo;arri\u00e8re du logo de la voiture, directement attach\u00e9, la pression de la main peut \u00eatre.<\/p>\n<table style=\"height: 393px;\" width=\"1116\">\n<tbody>\n<tr>\n<td colspan=\"4\">\n<div>\n<div><b>Comment nous passer une commande ?<\/b><\/div>\n<\/div>\n<\/td>\n<\/tr>\n<tr>\n<td>\n<div>  1<\/div>\n<\/td>\n<td colspan=\"3\">\n<div> Veuillez envoyer votre demande avec les d\u00e9tails (article, taille, quantit\u00e9, illustration) et les coordonn\u00e9es.<\/div>\n<\/td>\n<\/tr>\n<tr>\n<td>\n<div>  2<\/div>\n<\/td>\n<td colspan=\"3\">\n<div> <b> <\/b>Notre devis : nous citons le meilleur prix, le d\u00e9lai d&rsquo;ex\u00e9cution, le mode d&rsquo;exp\u00e9dition \u00e0 confirmer.<\/div>\n<\/td>\n<\/tr>\n<tr>\n<td>\n<div>  3<\/div>\n<\/td>\n<td colspan=\"3\">\n<div> <b> <\/b>Paiement : nos ventes vous envoient la facture proforma pour paiement.<\/div>\n<\/td>\n<\/tr>\n<tr>\n<td>\n<div>  4<\/div>\n<\/td>\n<td colspan=\"3\">\n<div> <b> <\/b>Modes de paiement : virement bancaire, PayPal, Western Union, carte de cr\u00e9dit\/d\u00e9bit.<\/div>\n<\/td>\n<\/tr>\n<tr>\n<td>\n<div>  5<\/div>\n<\/td>\n<td colspan=\"3\">\n<div> <b> <\/b>Production : Nous commen\u00e7ons la production et vous informons une fois la production termin\u00e9e et vous envoyons des photos.<\/div>\n<\/td>\n<\/tr>\n<tr>\n<td>\n<div>  6<\/div>\n<\/td>\n<td colspan=\"3\">\n<div> <b> <\/b>Livraison: Nous exp\u00e9dions vos marchandises et informons le num\u00e9ro de suivi et v\u00e9rifions l&rsquo;\u00e9tat jusqu&rsquo;\u00e0 son arriv\u00e9e.<\/div>\n<\/td>\n<\/tr>\n<tr>\n<td>\n<div>  7<\/div>\n<\/td>\n<td colspan=\"3\">\n<div> Veuillez \u00e9crire un avis sur la qualit\u00e9, le service, les commentaires et suggestions du march\u00e9, et nous pouvons faire mieux.<\/div>\n<\/td>\n<\/tr>\n<tr>\n<td>\n<div>  8<\/div>\n<\/td>\n<td colspan=\"3\">\n<div> La commande peut \u00eatre dite termin\u00e9e lorsque vous recevez les marchandises et satisfaites avec elles.<\/div>\n<\/td>\n<\/tr>\n<\/tbody>\n<\/table>\n","protected":false},"excerpt":{"rendered":"<p>Personnalis\u00e9 3D Auto Autocollants ABS Chrome Lettres Car-styling M\u00e9tal Moto Racing Embl\u00e8me Badge Autocollant Logo Signalisation Accessoires Description Embl\u00e8mes de voiture logo 3d en plastique personnalis\u00e9 badges auto logo abs autocollant logo embl\u00e8me Mat\u00e9riel ABS Adh\u00e9sif Adh\u00e9sif acrylique double face \u00c9paisseur 3mm Technologie Galvanoplastie Format de fichier de conception Format AI\/CDR\/PDF Couleur Noir et argent &hellip;<\/p>\n","protected":false},"featured_media":4885,"template":"","meta":{"_seopress_robots_primary_cat":"","_seopress_titles_title":"","_seopress_titles_desc":"","_seopress_robots_index":""},"product_brand":[],"product_cat":[192],"product_tag":[204,200],"class_list":{"0":"post-4935","1":"product","2":"type-product","3":"status-publish","4":"has-post-thumbnail","6":"product_cat-badge-embleme-sticker","7":"product_tag-badge-automatique","8":"product_tag-embleme-de-voiture","10":"first","11":"instock","12":"shipping-taxable","13":"product-type-simple"},"_links":{"self":[{"href":"https:\/\/www.lettersign.top\/fr\/wp-json\/wp\/v2\/product\/4935","targetHints":{"allow":["GET"]}}],"collection":[{"href":"https:\/\/www.lettersign.top\/fr\/wp-json\/wp\/v2\/product"}],"about":[{"href":"https:\/\/www.lettersign.top\/fr\/wp-json\/wp\/v2\/types\/product"}],"wp:featuredmedia":[{"embeddable":true,"href":"https:\/\/www.lettersign.top\/fr\/wp-json\/wp\/v2\/media\/4885"}],"wp:attachment":[{"href":"https:\/\/www.lettersign.top\/fr\/wp-json\/wp\/v2\/media?parent=4935"}],"wp:term":[{"taxonomy":"product_brand","embeddable":true,"href":"https:\/\/www.lettersign.top\/fr\/wp-json\/wp\/v2\/product_brand?post=4935"},{"taxonomy":"product_cat","embeddable":true,"href":"https:\/\/www.lettersign.top\/fr\/wp-json\/wp\/v2\/product_cat?post=4935"},{"taxonomy":"product_tag","embeddable":true,"href":"https:\/\/www.lettersign.top\/fr\/wp-json\/wp\/v2\/product_tag?post=4935"}],"curies":[{"name":"wp","href":"https:\/\/api.w.org\/{rel}","templated":true}]}}