{"id":4951,"date":"2023-03-25T10:41:28","date_gmt":"2023-03-25T10:41:28","guid":{"rendered":"https:\/\/www.lettersign.top\/p\/logo-de-lentreprise-acrylique-frontlit-lettre-signe-annoncez-boite-en-acier-inoxydable-magasin-lettres-led-signage\/"},"modified":"2023-03-25T10:41:28","modified_gmt":"2023-03-25T10:41:28","slug":"logo-de-la-societe-acrylique-lettre-eclairee-a-l-avant-publicite-boite-en-acier-inoxydable-lettres-de-magasin-signalisation-led","status":"publish","type":"product","link":"https:\/\/www.lettersign.top\/fr\/p\/logo-de-la-societe-acrylique-lettre-eclairee-a-l-avant-publicite-boite-en-acier-inoxydable-lettres-de-magasin-signalisation-led\/","title":{"rendered":"Logo de l&rsquo;entreprise Acrylique Frontlit Lettre Signe Annoncez Bo\u00eete En Acier Inoxydable Magasin Lettres Led Signage"},"content":{"rendered":"<p><strong>Outdoor Company Logo Acrylique Frontlit Lettre Sign Maker Annoncez Bo\u00eete En Acier Inoxydable Magasin Lettres Led Fabricant De Signalisation<\/strong><\/p>\n<p><strong>Description:<\/strong><br \/>\nMat\u00e9riau : acier inoxydable, acrylique Source de lumi\u00e8re : modules LED<br \/>\nAlimentation : Tension d&rsquo;entr\u00e9e du transformateur : 12 V<br \/>\nTemp\u00e9rature de fonctionnement : 20 \u2103 Dur\u00e9e de vie : 50 000 heures<br \/>\nGarantie : 2 ans<br \/>\nMani\u00e8re d&rsquo;installation : mont\u00e9 sur le mur par des boulons, comme demande du client<br \/>\nUtilisation : enseignes int\u00e9rieures et ext\u00e9rieures<br \/>\nLieux d&rsquo;application : b\u00e2timents, magasins, centres commerciaux, entreprises, h\u00f4tels<br \/>\nNom du produit: signe \u00e9lectrique lumineux de logo d&rsquo;avant de magasin fait sur commande men\u00e9 par 3d<br \/>\nTaille et couleur : Personnalis\u00e9 MOQ : 1 set Certificat : CE<br \/>\nAccessoires : transformateur et tous les accessoires d&rsquo;installation<br \/>\nConception : Conception de client\/notre conception d&rsquo;usine<br \/>\nD\u00e9lai de livraison : 7-10 jours, selon la quantit\u00e9<br \/>\nConditionnement : caisse bois 3 plis<br \/>\nCaract\u00e9ristique: \u00c9conomie d&rsquo;\u00e9nergie, \u00e9clairage uniforme<\/p>\n<table class=\"has-title all magic-13\">\n<tbody>\n<tr>\n<td colspan=\"1\" rowspan=\"1\">\n<div class=\"magic-14\">Mat\u00e9riel<\/div>\n<\/td>\n<td colspan=\"1\" rowspan=\"1\">\n<div class=\"magic-15\">Acier inoxydable, Acrylique<\/div>\n<\/td>\n<\/tr>\n<tr>\n<td colspan=\"1\" rowspan=\"1\">\n<div class=\"magic-14\">Traitement de surface<\/div>\n<\/td>\n<td colspan=\"1\" rowspan=\"1\">\n<div class=\"magic-15\">Poli, bross\u00e9, galvanoplastie, peint<\/div>\n<\/td>\n<\/tr>\n<tr>\n<td colspan=\"1\" rowspan=\"1\">\n<div class=\"magic-14\">Source de lumi\u00e8re<\/div>\n<\/td>\n<td colspan=\"1\" rowspan=\"1\">\n<div class=\"magic-15\">Module LED 12V, approuv\u00e9 CE<\/div>\n<\/td>\n<\/tr>\n<tr>\n<td colspan=\"1\" rowspan=\"1\">\n<div class=\"magic-14\">Taille de couleur<\/div>\n<\/td>\n<td colspan=\"1\" rowspan=\"1\">\n<div class=\"magic-15\">N&rsquo;importe quelle taille et couleur, accepter sur mesure<\/div>\n<\/td>\n<\/tr>\n<tr>\n<td colspan=\"1\" rowspan=\"1\">\n<div class=\"magic-14\">Transformateur<\/div>\n<\/td>\n<td colspan=\"1\" rowspan=\"1\">\n<div class=\"magic-15\">Marque Meanwell, homologu\u00e9e CE, avec prise personnalis\u00e9e<\/div>\n<\/td>\n<\/tr>\n<tr>\n<td colspan=\"1\" rowspan=\"1\">\n<div class=\"magic-14\">garantie<\/div>\n<\/td>\n<td colspan=\"1\" rowspan=\"1\">\n<div class=\"magic-15\">1 an<\/div>\n<\/td>\n<\/tr>\n<tr>\n<td colspan=\"1\" rowspan=\"1\">\n<div class=\"magic-14\">MOQ<\/div>\n<\/td>\n<td colspan=\"1\" rowspan=\"1\">\n<div class=\"magic-15\">1 jeu<\/div>\n<\/td>\n<\/tr>\n<tr>\n<td colspan=\"1\" rowspan=\"1\">\n<div class=\"magic-14\">Tension<\/div>\n<\/td>\n<td colspan=\"1\" rowspan=\"1\">\n<div class=\"magic-15\">Entr\u00e9e standard 110AC ~ 240 AC, tensions de sortie DC 12V ~ 24V<\/div>\n<\/td>\n<\/tr>\n<tr>\n<td colspan=\"1\" rowspan=\"1\">\n<div class=\"magic-14\">Accessoires<\/div>\n<\/td>\n<td colspan=\"1\" rowspan=\"1\">\n<div class=\"magic-15\">Boulons \u00e0 vis, transformateur, papier mod\u00e8le d&rsquo;installation 1: 1, toutes les pi\u00e8ces d&rsquo;installation<\/div>\n<\/td>\n<\/tr>\n<tr>\n<td colspan=\"1\" rowspan=\"1\">\n<div class=\"magic-14\">Application<\/div>\n<\/td>\n<td colspan=\"1\" rowspan=\"1\">\n<div class=\"magic-15\">H\u00f4tels, restaurants, caf\u00e9s, transports, parkings, trains, arr\u00eats de bus, a\u00e9roports, signalisation pi\u00e9tonne, etc.<\/div>\n<\/td>\n<\/tr>\n<tr>\n<td colspan=\"1\" rowspan=\"1\">\n<div class=\"magic-14\">Caract\u00e9ristiques<\/div>\n<\/td>\n<td colspan=\"1\" rowspan=\"1\">\n<div class=\"magic-15\">Utilisation d&rsquo;un panneau acrylique haute densit\u00e9 et de lumi\u00e8res LED de haute qualit\u00e9. \u00c9clairage uniforme sans point chaud. La dur\u00e9e de vie moyenne est jusqu&rsquo;\u00e0 50 000 heures<\/div>\n<\/td>\n<\/tr>\n<tr>\n<td colspan=\"1\" rowspan=\"1\">\n<div class=\"magic-14\">Emballage<\/div>\n<\/td>\n<td colspan=\"1\" rowspan=\"1\">\n<div class=\"magic-15\"> Papier bulle, mousse, caisse en bois<\/div>\n<\/td>\n<\/tr>\n<tr>\n<td colspan=\"1\" rowspan=\"1\">\n<div class=\"magic-14\">D\u00e9lai de mise en \u0153uvre<\/div>\n<\/td>\n<td colspan=\"1\" rowspan=\"1\">\n<div class=\"magic-15\">7-15 jours, d\u00e9pendent de votre quantit\u00e9<\/div>\n<\/td>\n<\/tr>\n<tr>\n<td colspan=\"1\" rowspan=\"1\">\n<div class=\"magic-14\">Champ d&rsquo;activit\u00e9<\/div>\n<\/td>\n<td colspan=\"1\" rowspan=\"1\">\n<div class=\"magic-15\" data-spm-anchor-id=\"a2700.details.0.i25.54cc6056kzup2t\">Diff\u00e9rents types de signalisation, lettres en m\u00e9tal, lettres en r\u00e9sine \u00e9poxy, lettres lumineuses Halo, lettres \u00e9clair\u00e9es par le visage, lettres de chapiteau, lettres Faux n\u00e9on, bo\u00eete \u00e0 lumi\u00e8re&#8230;<\/div>\n<\/td>\n<\/tr>\n<\/tbody>\n<\/table>\n<div><\/div>\n<div id=\"attachment_3775\" style=\"width: 810px\" class=\"wp-caption alignleft\"><img loading=\"lazy\" decoding=\"async\" aria-describedby=\"caption-attachment-3775\" class=\"size-full wp-image-3775\" src=\"http:\/\/www.lettersign.top\/wp-content\/uploads\/2023\/03\/Company-Logo-Acrylic-Frontlit-Letter-Sign-Advertise-Stainless-Steel-Box-Store-Letters-Led-Signage.jpg\" alt=\"Logo de l'entreprise Acrylique Frontlit Lettre Signe Annoncez Bo\u00eete En Acier Inoxydable Magasin Lettres Led Signage\" width=\"800\" height=\"800\" srcset=\"https:\/\/www.lettersign.top\/wp-content\/uploads\/2023\/03\/Company-Logo-Acrylic-Frontlit-Letter-Sign-Advertise-Stainless-Steel-Box-Store-Letters-Led-Signage.jpg 800w, https:\/\/www.lettersign.top\/wp-content\/uploads\/2023\/03\/Company-Logo-Acrylic-Frontlit-Letter-Sign-Advertise-Stainless-Steel-Box-Store-Letters-Led-Signage-500x500.jpg 500w, https:\/\/www.lettersign.top\/wp-content\/uploads\/2023\/03\/Company-Logo-Acrylic-Frontlit-Letter-Sign-Advertise-Stainless-Steel-Box-Store-Letters-Led-Signage-100x100.jpg 100w, https:\/\/www.lettersign.top\/wp-content\/uploads\/2023\/03\/Company-Logo-Acrylic-Frontlit-Letter-Sign-Advertise-Stainless-Steel-Box-Store-Letters-Led-Signage-700x700.jpg 700w, https:\/\/www.lettersign.top\/wp-content\/uploads\/2023\/03\/Company-Logo-Acrylic-Frontlit-Letter-Sign-Advertise-Stainless-Steel-Box-Store-Letters-Led-Signage-300x300.jpg 300w, https:\/\/www.lettersign.top\/wp-content\/uploads\/2023\/03\/Company-Logo-Acrylic-Frontlit-Letter-Sign-Advertise-Stainless-Steel-Box-Store-Letters-Led-Signage-150x150.jpg 150w, https:\/\/www.lettersign.top\/wp-content\/uploads\/2023\/03\/Company-Logo-Acrylic-Frontlit-Letter-Sign-Advertise-Stainless-Steel-Box-Store-Letters-Led-Signage-768x768.jpg 768w\" sizes=\"auto, (max-width: 800px) 100vw, 800px\" \/><p id=\"caption-attachment-3775\" class=\"wp-caption-text\">Logo de l&rsquo;entreprise Acrylique Frontlit Lettre Signe Annoncez Bo\u00eete En Acier Inoxydable Magasin Lettres Led Signage<\/p><\/div>\n<p><img loading=\"lazy\" decoding=\"async\" class=\"size-full wp-image-3777 alignleft\" src=\"http:\/\/www.lettersign.top\/wp-content\/uploads\/2023\/03\/Company-Logo-Acrylic-Frontlit-Letter-Sign-Advertise-Stainless-Steel-Box-Store-Letters-Led-Signage2.jpg\" alt=\"\" width=\"800\" height=\"800\" srcset=\"https:\/\/www.lettersign.top\/wp-content\/uploads\/2023\/03\/Company-Logo-Acrylic-Frontlit-Letter-Sign-Advertise-Stainless-Steel-Box-Store-Letters-Led-Signage2.jpg 800w, https:\/\/www.lettersign.top\/wp-content\/uploads\/2023\/03\/Company-Logo-Acrylic-Frontlit-Letter-Sign-Advertise-Stainless-Steel-Box-Store-Letters-Led-Signage2-500x500.jpg 500w, https:\/\/www.lettersign.top\/wp-content\/uploads\/2023\/03\/Company-Logo-Acrylic-Frontlit-Letter-Sign-Advertise-Stainless-Steel-Box-Store-Letters-Led-Signage2-100x100.jpg 100w, https:\/\/www.lettersign.top\/wp-content\/uploads\/2023\/03\/Company-Logo-Acrylic-Frontlit-Letter-Sign-Advertise-Stainless-Steel-Box-Store-Letters-Led-Signage2-700x700.jpg 700w, https:\/\/www.lettersign.top\/wp-content\/uploads\/2023\/03\/Company-Logo-Acrylic-Frontlit-Letter-Sign-Advertise-Stainless-Steel-Box-Store-Letters-Led-Signage2-300x300.jpg 300w, https:\/\/www.lettersign.top\/wp-content\/uploads\/2023\/03\/Company-Logo-Acrylic-Frontlit-Letter-Sign-Advertise-Stainless-Steel-Box-Store-Letters-Led-Signage2-150x150.jpg 150w, https:\/\/www.lettersign.top\/wp-content\/uploads\/2023\/03\/Company-Logo-Acrylic-Frontlit-Letter-Sign-Advertise-Stainless-Steel-Box-Store-Letters-Led-Signage2-768x768.jpg 768w\" sizes=\"auto, (max-width: 800px) 100vw, 800px\" \/><\/p>\n<p><img loading=\"lazy\" decoding=\"async\" class=\"size-full wp-image-3778 alignleft\" src=\"http:\/\/www.lettersign.top\/wp-content\/uploads\/2023\/03\/Company-Logo-Acrylic-Frontlit-Letter-Sign-Advertise-Stainless-Steel-Box-Store-Letters-Led-Signage3.jpg\" alt=\"Logo de l'entreprise Acrylique Frontlit Lettre Signe Annoncez Bo\u00eete En Acier Inoxydable Magasin Lettres Led Signage\" width=\"800\" height=\"800\" srcset=\"https:\/\/www.lettersign.top\/wp-content\/uploads\/2023\/03\/Company-Logo-Acrylic-Frontlit-Letter-Sign-Advertise-Stainless-Steel-Box-Store-Letters-Led-Signage3.jpg 800w, https:\/\/www.lettersign.top\/wp-content\/uploads\/2023\/03\/Company-Logo-Acrylic-Frontlit-Letter-Sign-Advertise-Stainless-Steel-Box-Store-Letters-Led-Signage3-500x500.jpg 500w, https:\/\/www.lettersign.top\/wp-content\/uploads\/2023\/03\/Company-Logo-Acrylic-Frontlit-Letter-Sign-Advertise-Stainless-Steel-Box-Store-Letters-Led-Signage3-100x100.jpg 100w, https:\/\/www.lettersign.top\/wp-content\/uploads\/2023\/03\/Company-Logo-Acrylic-Frontlit-Letter-Sign-Advertise-Stainless-Steel-Box-Store-Letters-Led-Signage3-700x700.jpg 700w, https:\/\/www.lettersign.top\/wp-content\/uploads\/2023\/03\/Company-Logo-Acrylic-Frontlit-Letter-Sign-Advertise-Stainless-Steel-Box-Store-Letters-Led-Signage3-300x300.jpg 300w, https:\/\/www.lettersign.top\/wp-content\/uploads\/2023\/03\/Company-Logo-Acrylic-Frontlit-Letter-Sign-Advertise-Stainless-Steel-Box-Store-Letters-Led-Signage3-150x150.jpg 150w, https:\/\/www.lettersign.top\/wp-content\/uploads\/2023\/03\/Company-Logo-Acrylic-Frontlit-Letter-Sign-Advertise-Stainless-Steel-Box-Store-Letters-Led-Signage3-768x768.jpg 768w\" sizes=\"auto, (max-width: 800px) 100vw, 800px\" \/><\/p>\n","protected":false},"excerpt":{"rendered":"[ninja_form id=1]\n","protected":false},"featured_media":4807,"template":"","meta":{"_seopress_robots_primary_cat":"","_seopress_titles_title":"","_seopress_titles_desc":"","_seopress_robots_index":""},"product_brand":[],"product_cat":[194],"product_tag":[242,241,206],"class_list":{"0":"post-4951","1":"product","2":"type-product","3":"status-publish","4":"has-post-thumbnail","6":"product_cat-signe-de-lettre","7":"product_tag-enseigne-de-magasin","8":"product_tag-lettre-de-canal","9":"product_tag-signe-de-lettre","11":"first","12":"instock","13":"shipping-taxable","14":"product-type-simple"},"_links":{"self":[{"href":"https:\/\/www.lettersign.top\/fr\/wp-json\/wp\/v2\/product\/4951","targetHints":{"allow":["GET"]}}],"collection":[{"href":"https:\/\/www.lettersign.top\/fr\/wp-json\/wp\/v2\/product"}],"about":[{"href":"https:\/\/www.lettersign.top\/fr\/wp-json\/wp\/v2\/types\/product"}],"wp:featuredmedia":[{"embeddable":true,"href":"https:\/\/www.lettersign.top\/fr\/wp-json\/wp\/v2\/media\/4807"}],"wp:attachment":[{"href":"https:\/\/www.lettersign.top\/fr\/wp-json\/wp\/v2\/media?parent=4951"}],"wp:term":[{"taxonomy":"product_brand","embeddable":true,"href":"https:\/\/www.lettersign.top\/fr\/wp-json\/wp\/v2\/product_brand?post=4951"},{"taxonomy":"product_cat","embeddable":true,"href":"https:\/\/www.lettersign.top\/fr\/wp-json\/wp\/v2\/product_cat?post=4951"},{"taxonomy":"product_tag","embeddable":true,"href":"https:\/\/www.lettersign.top\/fr\/wp-json\/wp\/v2\/product_tag?post=4951"}],"curies":[{"name":"wp","href":"https:\/\/api.w.org\/{rel}","templated":true}]}}