{"id":4987,"date":"2022-11-30T02:56:17","date_gmt":"2022-11-30T02:56:17","guid":{"rendered":"https:\/\/www.lettersign.top\/p\/custom-vintage-faux-neon-light-led-store-signalisation-publicite-acrylique-channel-letters-retail-shop-sign\/"},"modified":"2022-11-30T02:56:17","modified_gmt":"2022-11-30T02:56:17","slug":"custom-vintage-faux-neon-light-led-store-signage-advertising-acrylic-channel-letters-enseigne-de-magasin-de-detail","status":"publish","type":"product","link":"https:\/\/www.lettersign.top\/fr\/p\/custom-vintage-faux-neon-light-led-store-signage-advertising-acrylic-channel-letters-enseigne-de-magasin-de-detail\/","title":{"rendered":"Custom Vintage Faux Neon Light Led Store Signalisation Publicit\u00e9 Acrylique Channel Letters Retail Shop Sign"},"content":{"rendered":"<p><strong>Personnalis\u00e9 \u00c9lectronique Vintage Faux N\u00e9on Led Magasin Signalisation Publicit\u00e9 Acrylique Canal Lettres D\u00e9tail Boutique Signe<\/strong><\/p>\n<p><strong>Description: <\/strong><\/p>\n<p>Type : faux n\u00e9on Mat\u00e9riau : acier inoxydable, acrylique<br \/>\nSource de lumi\u00e8re : 12 V LED Alimentation : Transformateur<br \/>\nTension d&rsquo;entr\u00e9e : 12 V Temp\u00e9rature de fonctionnement : 20 \u2103<br \/>\nDur\u00e9e de vie : 50 000 heures Garantie : 3 ans<br \/>\nMani\u00e8re d&rsquo;installation: mont\u00e9 sur le mur par des vis, comme le re des clients<br \/>\nUtilisation : enseignes int\u00e9rieures et ext\u00e9rieures<br \/>\nLieux d&rsquo;application : b\u00e2timents, magasins, \u00e9coles, bars, h\u00f4pitaux, centres commerciaux, entreprises, parcs, bureaux, h\u00f4tels<br \/>\nTaille et couleur : n&rsquo;importe quelle taille et couleur, accepter MOQ sur mesure : 1 PC<br \/>\nTension : entr\u00e9e standard 100 AC\/260 AC, tensions de sortie DC 12 V.<br \/>\naccessoires : Transformateur et tous les accessoires d&rsquo;installation<br \/>\nPaiement : PayPal.Western Union .TT<br \/>\nD\u00e9lai de livraison : 7-10 jours, d\u00e9pend de la quantit\u00e9<br \/>\nCaract\u00e9ristique: \u00e9clairage uniforme et \u00e9conome en \u00e9nergie<br \/>\nEmballage : bo\u00eete en bois 3 plis.<\/p>\n<table class=\"has-title all magic-1\">\n<tbody>\n<tr>\n<td colspan=\"1\" rowspan=\"1\">\n<div class=\"magic-2\">Mat\u00e9riel<\/div>\n<\/td>\n<td colspan=\"1\" rowspan=\"1\">\n<div class=\"magic-3\">Acier inoxydable, Acrylique<\/div>\n<\/td>\n<\/tr>\n<tr>\n<td colspan=\"1\" rowspan=\"1\">\n<div class=\"magic-2\">Traitement de surface<\/div>\n<\/td>\n<td colspan=\"1\" rowspan=\"1\">\n<div class=\"magic-3\">Poli, bross\u00e9, galvanoplastie, peint<\/div>\n<\/td>\n<\/tr>\n<tr>\n<td colspan=\"1\" rowspan=\"1\">\n<div class=\"magic-2\">Source de lumi\u00e8re<\/div>\n<\/td>\n<td colspan=\"1\" rowspan=\"1\">\n<div class=\"magic-3\">Module LED 12V, approuv\u00e9 CE<\/div>\n<\/td>\n<\/tr>\n<tr>\n<td colspan=\"1\" rowspan=\"1\">\n<div class=\"magic-2\">Taille de couleur<\/div>\n<\/td>\n<td colspan=\"1\" rowspan=\"1\">\n<div class=\"magic-3\">N&rsquo;importe quelle taille et couleur, accepter sur mesure<\/div>\n<\/td>\n<\/tr>\n<tr>\n<td colspan=\"1\" rowspan=\"1\">\n<div class=\"magic-2\">Transformateur<\/div>\n<\/td>\n<td colspan=\"1\" rowspan=\"1\">\n<div class=\"magic-3\">Marque Meanwell, homologu\u00e9e CE, avec prise personnalis\u00e9e<\/div>\n<\/td>\n<\/tr>\n<tr>\n<td colspan=\"1\" rowspan=\"1\">\n<div class=\"magic-2\">garantie<\/div>\n<\/td>\n<td colspan=\"1\" rowspan=\"1\">\n<div class=\"magic-3\">2 ann\u00e9es<\/div>\n<\/td>\n<\/tr>\n<tr>\n<td colspan=\"1\" rowspan=\"1\">\n<div class=\"magic-2\">MOQ<\/div>\n<\/td>\n<td colspan=\"1\" rowspan=\"1\">\n<div class=\"magic-3\">1 jeu<\/div>\n<\/td>\n<\/tr>\n<tr>\n<td colspan=\"1\" rowspan=\"1\">\n<div class=\"magic-2\">Tension<\/div>\n<\/td>\n<td colspan=\"1\" rowspan=\"1\">\n<div class=\"magic-3\">Entr\u00e9e standard 110AC ~ 240 AC, tensions de sortie DC 12V ~ 24V<\/div>\n<\/td>\n<\/tr>\n<tr>\n<td colspan=\"1\" rowspan=\"1\">\n<div class=\"magic-2\">Accessoires<\/div>\n<\/td>\n<td colspan=\"1\" rowspan=\"1\">\n<div class=\"magic-3\">Boulons \u00e0 vis, transformateur, papier mod\u00e8le d&rsquo;installation 1: 1, toutes les pi\u00e8ces d&rsquo;installation<\/div>\n<\/td>\n<\/tr>\n<tr>\n<td colspan=\"1\" rowspan=\"1\">\n<div class=\"magic-2\">Application<\/div>\n<\/td>\n<td colspan=\"1\" rowspan=\"1\">\n<div class=\"magic-3\">H\u00f4tels, restaurants, caf\u00e9s, transports, parkings, trains, arr\u00eats de bus, a\u00e9roports, signalisation pi\u00e9tonne, etc.<\/div>\n<\/td>\n<\/tr>\n<tr>\n<td colspan=\"1\" rowspan=\"1\">\n<div class=\"magic-2\">Caract\u00e9ristiques<\/div>\n<\/td>\n<td colspan=\"1\" rowspan=\"1\">\n<div class=\"magic-3\">Utilisation d&rsquo;un panneau acrylique haute densit\u00e9 et de lumi\u00e8res LED de haute qualit\u00e9. \u00c9clairage uniforme sans point chaud.<\/div>\n<div class=\"magic-3\">La dur\u00e9e de vie moyenne est jusqu&rsquo;\u00e0 50000 heures<\/div>\n<\/td>\n<\/tr>\n<tr>\n<td colspan=\"1\" rowspan=\"1\">\n<div class=\"magic-2\">Emballage<\/div>\n<\/td>\n<td colspan=\"1\" rowspan=\"1\">\n<div class=\"magic-3\"> Papier bulle, mousse, caisse en bois<\/div>\n<\/td>\n<\/tr>\n<tr>\n<td colspan=\"1\" rowspan=\"1\">\n<div class=\"magic-2\">D\u00e9lai de mise en \u0153uvre<\/div>\n<\/td>\n<td colspan=\"1\" rowspan=\"1\">\n<div class=\"magic-3\">7-15 jours, d\u00e9pendent de votre quantit\u00e9<\/div>\n<\/td>\n<\/tr>\n<tr>\n<td colspan=\"1\" rowspan=\"1\">\n<div class=\"magic-2\">Champ d&rsquo;activit\u00e9<\/div>\n<\/td>\n<td colspan=\"1\" rowspan=\"1\">\n<div class=\"magic-3\" data-spm-anchor-id=\"a2700.details.0.i22.721cbed5fMJtLT\">Diff\u00e9rents types de signalisation, lettres m\u00e9talliques, lettres en r\u00e9sine \u00e9poxy, lettres lumineuses Halo,<\/div>\n<div class=\"magic-3\" data-spm-anchor-id=\"a2700.details.0.i22.721cbed5fMJtLT\">Lettres \u00e9clair\u00e9es par le visage, lettres de chapiteau, lettres Faux n\u00e9on, bo\u00eete \u00e0 lumi\u00e8re&#8230;<\/div>\n<\/td>\n<\/tr>\n<\/tbody>\n<\/table>\n<div><\/div>\n<div id=\"attachment_3624\" style=\"width: 810px\" class=\"wp-caption alignleft\"><img loading=\"lazy\" decoding=\"async\" aria-describedby=\"caption-attachment-3624\" class=\"size-full wp-image-3624\" src=\"http:\/\/www.lettersign.top\/wp-content\/uploads\/2022\/11\/Custom-Vintage-Style-Faux-Neon-Light-Led-Store-Signage-Letters-Retail-Sign.jpg\" alt=\"Custom Vintage Faux Neon Light Led Store Signalisation Publicit\u00e9 Acrylique Channel Letters Retail Shop Sign\" width=\"800\" height=\"800\" srcset=\"https:\/\/www.lettersign.top\/wp-content\/uploads\/2022\/11\/Custom-Vintage-Style-Faux-Neon-Light-Led-Store-Signage-Letters-Retail-Sign.jpg 800w, https:\/\/www.lettersign.top\/wp-content\/uploads\/2022\/11\/Custom-Vintage-Style-Faux-Neon-Light-Led-Store-Signage-Letters-Retail-Sign-500x500.jpg 500w, https:\/\/www.lettersign.top\/wp-content\/uploads\/2022\/11\/Custom-Vintage-Style-Faux-Neon-Light-Led-Store-Signage-Letters-Retail-Sign-100x100.jpg 100w, https:\/\/www.lettersign.top\/wp-content\/uploads\/2022\/11\/Custom-Vintage-Style-Faux-Neon-Light-Led-Store-Signage-Letters-Retail-Sign-700x700.jpg 700w, https:\/\/www.lettersign.top\/wp-content\/uploads\/2022\/11\/Custom-Vintage-Style-Faux-Neon-Light-Led-Store-Signage-Letters-Retail-Sign-300x300.jpg 300w, https:\/\/www.lettersign.top\/wp-content\/uploads\/2022\/11\/Custom-Vintage-Style-Faux-Neon-Light-Led-Store-Signage-Letters-Retail-Sign-150x150.jpg 150w, https:\/\/www.lettersign.top\/wp-content\/uploads\/2022\/11\/Custom-Vintage-Style-Faux-Neon-Light-Led-Store-Signage-Letters-Retail-Sign-768x768.jpg 768w\" sizes=\"auto, (max-width: 800px) 100vw, 800px\" \/><p id=\"caption-attachment-3624\" class=\"wp-caption-text\">Custom Vintage Faux Neon Light Led Store Signalisation Publicit\u00e9 Acrylique Channel Letters Retail Shop Sign<\/p><\/div>\n<p><img loading=\"lazy\" decoding=\"async\" class=\"size-full wp-image-3626 alignleft\" src=\"http:\/\/www.lettersign.top\/wp-content\/uploads\/2022\/11\/Custom-Vintage-Style-Faux-Neon-Light-Led-Store-Signage-Letters-Retail-Sign-2.jpg\" alt=\"\" width=\"800\" height=\"800\" srcset=\"https:\/\/www.lettersign.top\/wp-content\/uploads\/2022\/11\/Custom-Vintage-Style-Faux-Neon-Light-Led-Store-Signage-Letters-Retail-Sign-2.jpg 800w, https:\/\/www.lettersign.top\/wp-content\/uploads\/2022\/11\/Custom-Vintage-Style-Faux-Neon-Light-Led-Store-Signage-Letters-Retail-Sign-2-500x500.jpg 500w, https:\/\/www.lettersign.top\/wp-content\/uploads\/2022\/11\/Custom-Vintage-Style-Faux-Neon-Light-Led-Store-Signage-Letters-Retail-Sign-2-100x100.jpg 100w, https:\/\/www.lettersign.top\/wp-content\/uploads\/2022\/11\/Custom-Vintage-Style-Faux-Neon-Light-Led-Store-Signage-Letters-Retail-Sign-2-700x700.jpg 700w, https:\/\/www.lettersign.top\/wp-content\/uploads\/2022\/11\/Custom-Vintage-Style-Faux-Neon-Light-Led-Store-Signage-Letters-Retail-Sign-2-300x300.jpg 300w, https:\/\/www.lettersign.top\/wp-content\/uploads\/2022\/11\/Custom-Vintage-Style-Faux-Neon-Light-Led-Store-Signage-Letters-Retail-Sign-2-150x150.jpg 150w, https:\/\/www.lettersign.top\/wp-content\/uploads\/2022\/11\/Custom-Vintage-Style-Faux-Neon-Light-Led-Store-Signage-Letters-Retail-Sign-2-768x768.jpg 768w\" sizes=\"auto, (max-width: 800px) 100vw, 800px\" \/> <img loading=\"lazy\" decoding=\"async\" class=\"size-full wp-image-3499 alignleft\" src=\"http:\/\/www.lettersign.top\/wp-content\/uploads\/2022\/07\/%E5%BE%AE%E4%BF%A1%E6%88%AA%E5%9B%BE_20220712094357.png\" alt=\"\" width=\"814\" height=\"795\"><\/p>\n","protected":false},"excerpt":{"rendered":"[ninja_form id=1]\n","protected":false},"featured_media":4585,"template":"","meta":{"_seopress_robots_primary_cat":"","_seopress_titles_title":"","_seopress_titles_desc":"","_seopress_robots_index":""},"product_brand":[],"product_cat":[194],"product_tag":[256,241,206],"class_list":{"0":"post-4987","1":"product","2":"type-product","3":"status-publish","4":"has-post-thumbnail","6":"product_cat-signe-de-lettre","7":"product_tag-des-lettres","8":"product_tag-lettre-de-canal","9":"product_tag-signe-de-lettre","11":"first","12":"instock","13":"shipping-taxable","14":"product-type-simple"},"_links":{"self":[{"href":"https:\/\/www.lettersign.top\/fr\/wp-json\/wp\/v2\/product\/4987","targetHints":{"allow":["GET"]}}],"collection":[{"href":"https:\/\/www.lettersign.top\/fr\/wp-json\/wp\/v2\/product"}],"about":[{"href":"https:\/\/www.lettersign.top\/fr\/wp-json\/wp\/v2\/types\/product"}],"wp:featuredmedia":[{"embeddable":true,"href":"https:\/\/www.lettersign.top\/fr\/wp-json\/wp\/v2\/media\/4585"}],"wp:attachment":[{"href":"https:\/\/www.lettersign.top\/fr\/wp-json\/wp\/v2\/media?parent=4987"}],"wp:term":[{"taxonomy":"product_brand","embeddable":true,"href":"https:\/\/www.lettersign.top\/fr\/wp-json\/wp\/v2\/product_brand?post=4987"},{"taxonomy":"product_cat","embeddable":true,"href":"https:\/\/www.lettersign.top\/fr\/wp-json\/wp\/v2\/product_cat?post=4987"},{"taxonomy":"product_tag","embeddable":true,"href":"https:\/\/www.lettersign.top\/fr\/wp-json\/wp\/v2\/product_tag?post=4987"}],"curies":[{"name":"wp","href":"https:\/\/api.w.org\/{rel}","templated":true}]}}