{"id":5038,"date":"2022-07-12T02:25:01","date_gmt":"2022-07-12T02:25:01","guid":{"rendered":"https:\/\/www.lettersign.top\/p\/lacrylique-exterieur-a-mene-des-lettres-lumineuses-signe-le-panneau-publicitaire-de-signalisation-de-signalisation-3d-a-mene-des-signes-electroniques-de-signalisation\/"},"modified":"2022-07-12T02:25:01","modified_gmt":"2022-07-12T02:25:01","slug":"exterieur-acrylique-led-lettres-lumineuses-sign-signalisation-3d-publicite-signboard-led-signal-electronic-signs","status":"publish","type":"product","link":"https:\/\/www.lettersign.top\/fr\/p\/exterieur-acrylique-led-lettres-lumineuses-sign-signalisation-3d-publicite-signboard-led-signal-electronic-signs\/","title":{"rendered":"L&rsquo;acrylique ext\u00e9rieur a men\u00e9 des lettres lumineuses signe le panneau publicitaire de signalisation de signalisation 3D a men\u00e9 des signes \u00e9lectroniques de signalisation"},"content":{"rendered":"<div><strong>L&rsquo;acrylique ext\u00e9rieur a men\u00e9 des lettres lumineuses signe le panneau publicitaire de signalisation de signalisation 3D a men\u00e9 des signes \u00e9lectroniques de signalisation<\/strong><\/div>\n<div><\/div>\n<div class=\"do-entry-title\">D\u00e9tails rapides<\/div>\n<div class=\"do-entry-list\">\n<dl class=\"do-entry-item\">\n<dt class=\"do-entry-item\"><span class=\"attr-name J-attr-name\" title=\"Taper\">Type: Enseigne lumineuse \u00e0 LED debout en acrylique<\/span><\/dt>\n<\/dl>\n<dl class=\"do-entry-item\">\n<dt class=\"do-entry-item\"><span class=\"attr-name J-attr-name\" title=\"Lieu d'origine\">Lieu d&rsquo;origine : Shanghai, Chine Mat\u00e9riau : acrylique, acrylique + acier inoxydable<\/span><\/dt>\n<\/dl>\n<dl class=\"do-entry-item\">\n<dt class=\"do-entry-item\"><span class=\"attr-name J-attr-name\" title=\"Source de lumi\u00e8re\">Source de lumi\u00e8re : bandes LED Alimentation : adaptateur, transformateur<\/span><\/dt>\n<\/dl>\n<dl class=\"do-entry-item\">\n<dt class=\"do-entry-item\"><span class=\"attr-name J-attr-name\" title=\"Tension d'entr\u00e9e\">Tension d&rsquo;entr\u00e9e : 12 V Temp\u00e9rature de fonctionnement : 60 \u2103<\/span><\/dt>\n<\/dl>\n<dl class=\"do-entry-item\">\n<dt class=\"do-entry-item\"><span class=\"attr-name J-attr-name\" title=\"Dur\u00e9e de vie active\">Working Lifetime: <\/span>50000 hours Warranty: 3 Years<\/dt>\n<\/dl>\n<dl class=\"do-entry-item\">\n<dt class=\"do-entry-item\"><span class=\"attr-name J-attr-name\" title=\"Mani\u00e8re d'installation\">Mode d&rsquo;installation : utilisation murale : d\u00e9coration.<\/span><\/dt>\n<\/dl>\n<dl class=\"do-entry-item\">\n<dt class=\"do-entry-item\"><span class=\"attr-name J-attr-name\" title=\"Lieux d'application\">Lieux d&rsquo;application : b\u00e2timents, magasins, bars, gares routi\u00e8res, h\u00f4pitaux, centres commerciaux, entreprises, parcs, bureaux, h\u00f4tels, \u00e9v\u00e9nements et f\u00eates<\/span><\/dt>\n<\/dl>\n<dl class=\"do-entry-item\">\n<dt class=\"do-entry-item\"><span class=\"attr-name J-attr-name\" title=\"Nom de l'article\">Nom de l&rsquo;article : enseigne lumineuse en acrylique debout.<\/span><\/dt>\n<\/dl>\n<dl class=\"do-entry-item\">\n<dt class=\"do-entry-item\"><span class=\"attr-name J-attr-name\" title=\"Application\">Application : int\u00e9rieur et ext\u00e9rieur<\/span><\/dt>\n<\/dl>\n<dl class=\"do-entry-item\">\n<dt class=\"do-entry-item\"><span class=\"attr-name J-attr-name\" title=\"Couleur\">Couleur:Couleur personnalis\u00e9e<\/span><\/dt>\n<\/dl>\n<dl class=\"do-entry-item\">\n<dt class=\"do-entry-item\"><span class=\"attr-name J-attr-name\" title=\"Forme\">Forme:Forme personnalis\u00e9e<\/span><\/dt>\n<\/dl>\n<dl class=\"do-entry-item\">\n<dt class=\"do-entry-item\"><span class=\"attr-name J-attr-name\" title=\"Taille\">Taille:Taille personnalis\u00e9e<\/span><\/dt>\n<\/dl>\n<dl class=\"do-entry-item\">\n<dt class=\"do-entry-item\"><span class=\"attr-name J-attr-name\" title=\"MOQ\">MOQ : 1 jeu<\/span><\/dt>\n<\/dl>\n<dl class=\"do-entry-item\">\n<dt class=\"do-entry-item\"><span class=\"attr-name J-attr-name\" title=\"Emballage\">Emballage : emballage en bois<\/span><\/dt>\n<\/dl>\n<dl class=\"do-entry-item\">\n<dt class=\"do-entry-item\"><span class=\"attr-name J-attr-name\" title=\"Style\">Style: moderne<\/span><\/dt>\n<\/dl>\n<dl class=\"do-entry-item\" data-spm-anchor-id=\"a2700.details.0.i33.3e3457d9TEdANS\">\n<dt class=\"do-entry-item\"><span class=\"attr-name J-attr-name\" title=\"Fonctionnalit\u00e9\">Caract\u00e9ristique : faible consommation<\/span><\/dt>\n<\/dl>\n<table class=\"all magic-11\">\n<tbody>\n<tr>\n<td colspan=\"1\" rowspan=\"1\">\n<div class=\"magic-12\"><b>Article<\/b><\/div>\n<\/td>\n<td colspan=\"1\" rowspan=\"1\">\n<div class=\"magic-13\"> Signe de lettres lumineuses \u00e0 led acrylique<\/div>\n<\/td>\n<\/tr>\n<tr>\n<td colspan=\"1\" rowspan=\"1\">\n<div class=\"magic-12\"><b>\u00c9mission de la couleur<\/b><\/div>\n<\/td>\n<td colspan=\"1\" rowspan=\"1\">\n<div class=\"magic-13\">Personnalisable<\/div>\n<\/td>\n<\/tr>\n<tr>\n<td colspan=\"1\" rowspan=\"1\">\n<div class=\"magic-12\"><b>Forme du panneau arri\u00e8re<\/b><\/div>\n<\/td>\n<td colspan=\"1\" rowspan=\"1\">\n<div class=\"magic-13\">Personnalisable<\/div>\n<\/td>\n<\/tr>\n<tr>\n<td colspan=\"1\" rowspan=\"1\">\n<div class=\"magic-12\"><b>Taille<\/b><\/div>\n<\/td>\n<td colspan=\"1\" rowspan=\"1\">\n<div class=\"magic-13\">Personnalisable<\/div>\n<\/td>\n<\/tr>\n<tr>\n<td colspan=\"1\" rowspan=\"1\">\n<div class=\"magic-12\"><b>material<\/b><\/div>\n<\/td>\n<td colspan=\"1\" rowspan=\"1\">\n<div class=\"magic-13\">Acrylique + acier inoxydable<\/div>\n<\/td>\n<\/tr>\n<tr>\n<td colspan=\"1\" rowspan=\"1\">\n<div class=\"magic-12\"><b>M\u00e9thode d&rsquo;installation<\/b><\/div>\n<\/td>\n<td colspan=\"1\" rowspan=\"1\">\n<div class=\"magic-13\">CE\/ROHS<\/div>\n<\/td>\n<\/tr>\n<tr>\n<td colspan=\"1\" rowspan=\"1\">\n<div class=\"magic-12\"><b>Exp\u00e9dition<\/b><\/div>\n<\/td>\n<td colspan=\"1\" rowspan=\"1\">\n<div class=\"magic-13\">Par Air\/Mer\/Express (UPS, DHL, Fedex etc.)<\/div>\n<\/td>\n<\/tr>\n<tr>\n<td colspan=\"1\" rowspan=\"1\">\n<div class=\"magic-12\"><b>D\u00e9lai de mise en \u0153uvre<\/b><\/div>\n<\/td>\n<td colspan=\"1\" rowspan=\"1\">\n<div class=\"magic-13\">Habituellement 7 jours ouvrables, le temps r\u00e9el est bas\u00e9 sur la conception et la quantit\u00e9.<\/div>\n<\/td>\n<\/tr>\n<tr>\n<td colspan=\"1\" rowspan=\"1\">\n<div class=\"magic-12\"><b>Certificat<\/b><\/div>\n<\/td>\n<td colspan=\"1\" rowspan=\"1\">\n<div class=\"magic-13\">Certification CE de la LED et du transformateur.<\/div>\n<\/td>\n<\/tr>\n<tr>\n<td colspan=\"1\" rowspan=\"1\">\n<div class=\"magic-12\"><b>Emballer<\/b><\/div>\n<\/td>\n<td colspan=\"1\" rowspan=\"1\">\n<div class=\"magic-13\" data-spm-anchor-id=\"a2700.details.0.i34.3e3457d9TEdANS\">L&rsquo;int\u00e9rieur est en papier bulle et en mousse, l&#8217;emballage ext\u00e9rieur est une bo\u00eete en bois.<\/div>\n<\/td>\n<\/tr>\n<\/tbody>\n<\/table>\n<div><\/div>\n<p>&nbsp;<\/p>\n<div id=\"attachment_3512\" style=\"width: 730px\" class=\"wp-caption alignleft\"><img loading=\"lazy\" decoding=\"async\" aria-describedby=\"caption-attachment-3512\" class=\"size-full wp-image-3512\" src=\"http:\/\/www.lettersign.top\/wp-content\/uploads\/2022\/07\/Outdoor-Acrylic-Led-Illuminated-Letters-Sign-3D-Signage-Advertising-Signboard-Led-Signage-Electronic-Signs.jpg\" alt=\"L'acrylique ext\u00e9rieur a men\u00e9 des lettres lumineuses signe le panneau publicitaire de signalisation de signalisation 3D a men\u00e9 des signes \u00e9lectroniques de signalisation\" width=\"720\" height=\"720\" srcset=\"https:\/\/www.lettersign.top\/wp-content\/uploads\/2022\/07\/Outdoor-Acrylic-Led-Illuminated-Letters-Sign-3D-Signage-Advertising-Signboard-Led-Signage-Electronic-Signs.jpg 720w, https:\/\/www.lettersign.top\/wp-content\/uploads\/2022\/07\/Outdoor-Acrylic-Led-Illuminated-Letters-Sign-3D-Signage-Advertising-Signboard-Led-Signage-Electronic-Signs-500x500.jpg 500w, https:\/\/www.lettersign.top\/wp-content\/uploads\/2022\/07\/Outdoor-Acrylic-Led-Illuminated-Letters-Sign-3D-Signage-Advertising-Signboard-Led-Signage-Electronic-Signs-100x100.jpg 100w, https:\/\/www.lettersign.top\/wp-content\/uploads\/2022\/07\/Outdoor-Acrylic-Led-Illuminated-Letters-Sign-3D-Signage-Advertising-Signboard-Led-Signage-Electronic-Signs-700x700.jpg 700w, https:\/\/www.lettersign.top\/wp-content\/uploads\/2022\/07\/Outdoor-Acrylic-Led-Illuminated-Letters-Sign-3D-Signage-Advertising-Signboard-Led-Signage-Electronic-Signs-300x300.jpg 300w, https:\/\/www.lettersign.top\/wp-content\/uploads\/2022\/07\/Outdoor-Acrylic-Led-Illuminated-Letters-Sign-3D-Signage-Advertising-Signboard-Led-Signage-Electronic-Signs-150x150.jpg 150w, https:\/\/www.lettersign.top\/wp-content\/uploads\/2022\/07\/Outdoor-Acrylic-Led-Illuminated-Letters-Sign-3D-Signage-Advertising-Signboard-Led-Signage-Electronic-Signs-600x600.jpg 600w\" sizes=\"auto, (max-width: 720px) 100vw, 720px\" \/><p id=\"caption-attachment-3512\" class=\"wp-caption-text\">L&rsquo;acrylique ext\u00e9rieur a men\u00e9 des lettres lumineuses signe le panneau publicitaire de signalisation de signalisation 3D a men\u00e9 des signes \u00e9lectroniques de signalisation<\/p><\/div>\n<p><img loading=\"lazy\" decoding=\"async\" class=\"size-full wp-image-3513 alignleft\" src=\"http:\/\/www.lettersign.top\/wp-content\/uploads\/2022\/07\/Outdoor-Acrylic-Led-Illuminated-Letters-Sign-3D-Signage-Advertising-Signboard-Led-Signage-Electronic-Signs-1.jpg\" alt=\"\" width=\"720\" height=\"720\" srcset=\"https:\/\/www.lettersign.top\/wp-content\/uploads\/2022\/07\/Outdoor-Acrylic-Led-Illuminated-Letters-Sign-3D-Signage-Advertising-Signboard-Led-Signage-Electronic-Signs-1.jpg 720w, https:\/\/www.lettersign.top\/wp-content\/uploads\/2022\/07\/Outdoor-Acrylic-Led-Illuminated-Letters-Sign-3D-Signage-Advertising-Signboard-Led-Signage-Electronic-Signs-1-500x500.jpg 500w, https:\/\/www.lettersign.top\/wp-content\/uploads\/2022\/07\/Outdoor-Acrylic-Led-Illuminated-Letters-Sign-3D-Signage-Advertising-Signboard-Led-Signage-Electronic-Signs-1-100x100.jpg 100w, https:\/\/www.lettersign.top\/wp-content\/uploads\/2022\/07\/Outdoor-Acrylic-Led-Illuminated-Letters-Sign-3D-Signage-Advertising-Signboard-Led-Signage-Electronic-Signs-1-700x700.jpg 700w, https:\/\/www.lettersign.top\/wp-content\/uploads\/2022\/07\/Outdoor-Acrylic-Led-Illuminated-Letters-Sign-3D-Signage-Advertising-Signboard-Led-Signage-Electronic-Signs-1-300x300.jpg 300w, https:\/\/www.lettersign.top\/wp-content\/uploads\/2022\/07\/Outdoor-Acrylic-Led-Illuminated-Letters-Sign-3D-Signage-Advertising-Signboard-Led-Signage-Electronic-Signs-1-150x150.jpg 150w, https:\/\/www.lettersign.top\/wp-content\/uploads\/2022\/07\/Outdoor-Acrylic-Led-Illuminated-Letters-Sign-3D-Signage-Advertising-Signboard-Led-Signage-Electronic-Signs-1-600x600.jpg 600w\" sizes=\"auto, (max-width: 720px) 100vw, 720px\" \/><\/p>\n<p><img loading=\"lazy\" decoding=\"async\" class=\"size-full wp-image-3514 alignleft\" src=\"http:\/\/www.lettersign.top\/wp-content\/uploads\/2022\/07\/Outdoor-Acrylic-Led-Illuminated-Letters-Sign-3D-Signage-Advertising-Signboard-Led-Signage-Electronic-Signs-2.jpg\" alt=\"\" width=\"720\" height=\"720\" srcset=\"https:\/\/www.lettersign.top\/wp-content\/uploads\/2022\/07\/Outdoor-Acrylic-Led-Illuminated-Letters-Sign-3D-Signage-Advertising-Signboard-Led-Signage-Electronic-Signs-2.jpg 720w, https:\/\/www.lettersign.top\/wp-content\/uploads\/2022\/07\/Outdoor-Acrylic-Led-Illuminated-Letters-Sign-3D-Signage-Advertising-Signboard-Led-Signage-Electronic-Signs-2-500x500.jpg 500w, https:\/\/www.lettersign.top\/wp-content\/uploads\/2022\/07\/Outdoor-Acrylic-Led-Illuminated-Letters-Sign-3D-Signage-Advertising-Signboard-Led-Signage-Electronic-Signs-2-100x100.jpg 100w, https:\/\/www.lettersign.top\/wp-content\/uploads\/2022\/07\/Outdoor-Acrylic-Led-Illuminated-Letters-Sign-3D-Signage-Advertising-Signboard-Led-Signage-Electronic-Signs-2-700x700.jpg 700w, https:\/\/www.lettersign.top\/wp-content\/uploads\/2022\/07\/Outdoor-Acrylic-Led-Illuminated-Letters-Sign-3D-Signage-Advertising-Signboard-Led-Signage-Electronic-Signs-2-300x300.jpg 300w, https:\/\/www.lettersign.top\/wp-content\/uploads\/2022\/07\/Outdoor-Acrylic-Led-Illuminated-Letters-Sign-3D-Signage-Advertising-Signboard-Led-Signage-Electronic-Signs-2-150x150.jpg 150w, https:\/\/www.lettersign.top\/wp-content\/uploads\/2022\/07\/Outdoor-Acrylic-Led-Illuminated-Letters-Sign-3D-Signage-Advertising-Signboard-Led-Signage-Electronic-Signs-2-600x600.jpg 600w\" sizes=\"auto, (max-width: 720px) 100vw, 720px\" \/><\/p>\n<p>&nbsp;<\/p>\n<p><img loading=\"lazy\" decoding=\"async\" class=\"size-full wp-image-3499 alignleft\" src=\"http:\/\/www.lettersign.top\/wp-content\/uploads\/2022\/07\/%E5%BE%AE%E4%BF%A1%E6%88%AA%E5%9B%BE_20220712094357.png\" alt=\"\" width=\"814\" height=\"795\"><\/p>\n<\/div>\n","protected":false},"excerpt":{"rendered":"[ninja_form id=1]\n","protected":false},"featured_media":4399,"template":"","meta":{"_seopress_robots_primary_cat":"","_seopress_titles_title":"","_seopress_titles_desc":"","_seopress_robots_index":""},"product_brand":[],"product_cat":[194],"product_tag":[214,300,206],"class_list":{"0":"post-5038","1":"product","2":"type-product","3":"status-publish","4":"has-post-thumbnail","6":"product_cat-signe-de-lettre","7":"product_tag-lettre-acrylique","8":"product_tag-signalisation-de-magasin","9":"product_tag-signe-de-lettre","11":"first","12":"instock","13":"shipping-taxable","14":"product-type-simple"},"_links":{"self":[{"href":"https:\/\/www.lettersign.top\/fr\/wp-json\/wp\/v2\/product\/5038","targetHints":{"allow":["GET"]}}],"collection":[{"href":"https:\/\/www.lettersign.top\/fr\/wp-json\/wp\/v2\/product"}],"about":[{"href":"https:\/\/www.lettersign.top\/fr\/wp-json\/wp\/v2\/types\/product"}],"wp:featuredmedia":[{"embeddable":true,"href":"https:\/\/www.lettersign.top\/fr\/wp-json\/wp\/v2\/media\/4399"}],"wp:attachment":[{"href":"https:\/\/www.lettersign.top\/fr\/wp-json\/wp\/v2\/media?parent=5038"}],"wp:term":[{"taxonomy":"product_brand","embeddable":true,"href":"https:\/\/www.lettersign.top\/fr\/wp-json\/wp\/v2\/product_brand?post=5038"},{"taxonomy":"product_cat","embeddable":true,"href":"https:\/\/www.lettersign.top\/fr\/wp-json\/wp\/v2\/product_cat?post=5038"},{"taxonomy":"product_tag","embeddable":true,"href":"https:\/\/www.lettersign.top\/fr\/wp-json\/wp\/v2\/product_tag?post=5038"}],"curies":[{"name":"wp","href":"https:\/\/api.w.org\/{rel}","templated":true}]}}