{"id":5186,"date":"2023-09-13T08:31:47","date_gmt":"2023-09-13T08:31:47","guid":{"rendered":"https:\/\/www.lettersign.top\/p\/porte-cles-de-voiture-en-metal-3d-support-chrome-accessoires-automobiles-logo-de-voiture-embleme\/"},"modified":"2023-09-13T08:31:47","modified_gmt":"2023-09-13T08:31:47","slug":"porte-cles-de-voiture-en-metal-3d-porte-cles-porte-chrome-logo-accessoires-auto-logo-de-voiture-embleme-badge","status":"publish","type":"product","link":"https:\/\/www.lettersign.top\/fr\/p\/porte-cles-de-voiture-en-metal-3d-porte-cles-porte-chrome-logo-accessoires-auto-logo-de-voiture-embleme-badge\/","title":{"rendered":"Porte-cl\u00e9s de voiture en m\u00e9tal 3D, support chrom\u00e9, accessoires automobiles, logo de voiture, embl\u00e8me"},"content":{"rendered":"<p><strong>Porte-cl\u00e9s de voiture en m\u00e9tal 3D, Logo, accessoires automobiles, VW BMW Audi Mercedes Toyota, logo de voiture, embl\u00e8me<\/strong><\/p>\n<table border=\"1\" cellspacing=\"0\">\n<tbody>\n<tr>\n<td valign=\"center\" width=\"24.2000%\"><strong>Nom du produit<\/strong><\/td>\n<td valign=\"center\" width=\"75.7800%\">Porte-cl\u00e9s de voiture en m\u00e9tal 3D, porte-cl\u00e9s avec Logo, accessoires automobiles, porte-cl\u00e9s volkswagen<\/td>\n<\/tr>\n<tr>\n<td valign=\"center\" width=\"24.2000%\"><strong>Couleur, forme et logo<\/strong><\/td>\n<td valign=\"center\" width=\"75.7800%\">Bienvenue personnalis\u00e9, laissez votre logo unique.<\/td>\n<\/tr>\n<tr>\n<td valign=\"center\" width=\"24.2000%\"><strong>Taille<\/strong><\/td>\n<td valign=\"center\" width=\"75.7800%\"><span data-spm-anchor-id=\"a2700.details.0.i36.5f0c7607mp6f4a\">Utilisez couramment la taille, faites la taille d\u00e9sign\u00e9e pour correspondre \u00e0 vos produits.<\/span><\/td>\n<\/tr>\n<tr>\n<td valign=\"center\" width=\"24.2000%\"><strong>Mat\u00e9riel<\/strong><\/td>\n<td valign=\"center\" width=\"75.7800%\">M\u00e9tal\/acier inoxydable\/laiton\/PVC souple\/acrylique\/cuir\/EVA, etc.<\/p>\n<p data-spm-anchor-id=\"a2700.details.0.i37.5f0c7607mp6f4a\">Ils sont tous respectueux de l&rsquo;environnement, la bonne sant\u00e9 est la meilleure.<\/p>\n<\/td>\n<\/tr>\n<tr>\n<td valign=\"center\" width=\"24.2000%\"><strong>Concevoir et conseiller<\/strong><\/td>\n<td valign=\"center\" width=\"75.7800%\">Conception gratuite et assistance qualifi\u00e9e, concr\u00e9tisez votre bonne id\u00e9e.<\/td>\n<\/tr>\n<tr>\n<td valign=\"center\" width=\"24.2000%\"><strong>Logo<\/strong><\/td>\n<td valign=\"center\" width=\"75.7800%\">\u00c9mail doux, \u00e9mail dur, gaufr\u00e9, laser, s\u00e9rigraphie, etc.<\/td>\n<\/tr>\n<tr>\n<td valign=\"center\" width=\"24.2000%\"><strong>Technique<\/strong><\/td>\n<td valign=\"center\" width=\"75.7800%\">Processus de moulage par injection. Notre Professionnel, Votre Satisfaction.<\/td>\n<\/tr>\n<tr>\n<td valign=\"center\" width=\"24.2000%\"><strong>Usage<\/strong><\/td>\n<td valign=\"center\" width=\"75.7800%\">Largement utilis\u00e9 dans les tissus, jouets, chaussures, sacs, cosm\u00e9tiques, tabac et alcool, produits \u00e9lectroniques, etc.<\/td>\n<\/tr>\n<tr>\n<td valign=\"center\" width=\"24.2000%\"><strong>Emballer<\/strong><\/td>\n<td valign=\"center\" width=\"75.7800%\">Sac en poly\u00e9thyl\u00e8ne, bo\u00eete en velours, bo\u00eete en plastique, sac 1pc\/opp, bo\u00eete-cadeau, etc.<\/p>\n<p>Acceptez vos demandes particuli\u00e8res, \u00e9conomisez du temps et des soucis.<\/td>\n<\/tr>\n<tr>\n<td valign=\"center\" width=\"24.2000%\"><strong>MOQ<\/strong><\/td>\n<td valign=\"center\" width=\"75.7800%\"><span data-spm-anchor-id=\"a2700.details.0.i38.5f0c7607mp6f4a\">Faible MOQ pour \u00e9viter le gaspillage inutile de vos produits et de votre argent, pas moins de 100 pi\u00e8ces.<\/span><\/td>\n<\/tr>\n<tr>\n<td valign=\"center\" width=\"24.2000%\"><strong>Frais de moisissure<\/strong><\/td>\n<td valign=\"center\" width=\"75.7800%\">60usd-190usd (voir illustration et taille).<\/td>\n<\/tr>\n<tr>\n<td valign=\"center\" width=\"24.2000%\"><strong>Exemple de co\u00fbt<\/strong><\/td>\n<td valign=\"center\" width=\"75.7800%\">Normalement, c&rsquo;est 50 ~ 110 USD par style. Si une conception sp\u00e9ciale, nous avons besoin de frais d&rsquo;\u00e9chantillon, nous pouvons vous rembourser lorsque vous avez une commande group\u00e9e officielle.<\/td>\n<\/tr>\n<tr>\n<td valign=\"center\" width=\"24.2000%\"><strong>Temps d&rsquo;\u00e9chantillonnage et temps de masse<\/strong><\/td>\n<td valign=\"center\" width=\"75.7800%\">Temps d&rsquo;\u00e9chantillonnage d&rsquo;environ 5 \u00e0 8 jours ouvrables ; D\u00e9lai de livraison d&rsquo;environ 8 \u00e0 14 jours ouvrables.<\/p>\n<p data-spm-anchor-id=\"a2700.details.0.i40.5f0c7607mp6f4a\">Faites ce que vous voulez, pensez \u00e0 ce qui vous importe.<\/p>\n<\/td>\n<\/tr>\n<\/tbody>\n<\/table>\n<div><\/div>\n<div class=\"col-left\">Type d&#8217;emballage : 1 pi\u00e8ce\/poly-sac, 50 pi\u00e8ces\/bo\u00eete int\u00e9rieure, 200 pi\u00e8ces\/carton Taille du caton : 30*30*10 cm<span data-spm-anchor-id=\"a2700.details.0.i42.5f0c7607mp6f4a\"><\/span><\/div>\n<div>\n<div id=\"attachment_5179\" style=\"width: 1062px\" class=\"wp-caption alignleft\"><img loading=\"lazy\" decoding=\"async\" aria-describedby=\"caption-attachment-5179\" class=\" wp-image-5179\" src=\"http:\/\/www.lettersign.top\/wp-content\/uploads\/2023\/09\/H2695180182aa4f34a370b211ee307af8p.jpg\" alt=\"Porte-cl\u00e9s de voiture en m\u00e9tal 3D, support chrom\u00e9, accessoires automobiles, logo de voiture, embl\u00e8me\" width=\"1052\" height=\"710\" srcset=\"https:\/\/www.lettersign.top\/wp-content\/uploads\/2023\/09\/H2695180182aa4f34a370b211ee307af8p.jpg 750w, https:\/\/www.lettersign.top\/wp-content\/uploads\/2023\/09\/H2695180182aa4f34a370b211ee307af8p-500x337.jpg 500w, https:\/\/www.lettersign.top\/wp-content\/uploads\/2023\/09\/H2695180182aa4f34a370b211ee307af8p-700x472.jpg 700w, https:\/\/www.lettersign.top\/wp-content\/uploads\/2023\/09\/H2695180182aa4f34a370b211ee307af8p-300x202.jpg 300w\" sizes=\"auto, (max-width: 1052px) 100vw, 1052px\" \/><p id=\"caption-attachment-5179\" class=\"wp-caption-text\">Porte-cl\u00e9s de voiture en m\u00e9tal 3D, support chrom\u00e9, accessoires automobiles, logo de voiture, embl\u00e8me<\/p><\/div>\n<\/div>\n","protected":false},"excerpt":{"rendered":"[ninja_form id=\"1\"]\n","protected":false},"featured_media":5168,"template":"","meta":{"_seopress_robots_primary_cat":"","_seopress_titles_title":"","_seopress_titles_desc":"","_seopress_robots_index":""},"product_brand":[],"product_cat":[192],"product_tag":[321,322],"class_list":{"0":"post-5186","1":"product","2":"type-product","3":"status-publish","4":"has-post-thumbnail","6":"product_cat-badge-embleme-sticker","7":"product_tag-insigne-de-voiture","8":"product_tag-porte-cles-de-voiture","10":"first","11":"instock","12":"shipping-taxable","13":"product-type-simple"},"_links":{"self":[{"href":"https:\/\/www.lettersign.top\/fr\/wp-json\/wp\/v2\/product\/5186","targetHints":{"allow":["GET"]}}],"collection":[{"href":"https:\/\/www.lettersign.top\/fr\/wp-json\/wp\/v2\/product"}],"about":[{"href":"https:\/\/www.lettersign.top\/fr\/wp-json\/wp\/v2\/types\/product"}],"wp:featuredmedia":[{"embeddable":true,"href":"https:\/\/www.lettersign.top\/fr\/wp-json\/wp\/v2\/media\/5168"}],"wp:attachment":[{"href":"https:\/\/www.lettersign.top\/fr\/wp-json\/wp\/v2\/media?parent=5186"}],"wp:term":[{"taxonomy":"product_brand","embeddable":true,"href":"https:\/\/www.lettersign.top\/fr\/wp-json\/wp\/v2\/product_brand?post=5186"},{"taxonomy":"product_cat","embeddable":true,"href":"https:\/\/www.lettersign.top\/fr\/wp-json\/wp\/v2\/product_cat?post=5186"},{"taxonomy":"product_tag","embeddable":true,"href":"https:\/\/www.lettersign.top\/fr\/wp-json\/wp\/v2\/product_tag?post=5186"}],"curies":[{"name":"wp","href":"https:\/\/api.w.org\/{rel}","templated":true}]}}