{"id":5542,"date":"2024-07-31T03:10:56","date_gmt":"2024-07-31T03:10:56","guid":{"rendered":"https:\/\/www.lettersign.top\/p\/autocollants-de-tatouage-a-base-de-plantes-semi-permanents-tatouages-temporaires-personnalises-de-longue-duree-de-2-semaines\/"},"modified":"2024-07-31T03:10:56","modified_gmt":"2024-07-31T03:10:56","slug":"tatouages-temporaires-personnalises-semi-permanents-a-base-de-jus-et-dherbes-dune-duree-de-2-semaines","status":"publish","type":"product","link":"https:\/\/www.lettersign.top\/fr\/p\/tatouages-temporaires-personnalises-semi-permanents-a-base-de-jus-et-dherbes-dune-duree-de-2-semaines\/","title":{"rendered":"Autocollants de tatouage \u00e0 base de plantes semi-permanents, tatouages temporaires personnalis\u00e9s de longue dur\u00e9e de 2 semaines"},"content":{"rendered":"<p><strong>Autocollants de tatouage \u00e0 base de plantes semi-permanents pour femmes Fabricant de tatouages temporaires personnalis\u00e9s pour hommes de longue dur\u00e9e de 2 semaines<\/strong><\/p>\n<p>Nom du produit : Autocollant de tatouage \u00e0 base de plantes<br \/>\nCouleur : CMJN<br \/>\nMat\u00e9riau : encre \u00e9cologique + colle non toxique<br \/>\nIllustration : CDR, AI, PSD, PDF, IGS, etc.<br \/>\nTaille : 5*5cm, 11*18cm, 17*48cm, Personnalis\u00e9<br \/>\nImpression : Marquage \u00e0 chaud\/Transfert thermique<br \/>\nFonctionnalit\u00e9 : respectueux de l&rsquo;environnement, imperm\u00e9able.<br \/>\nCertificat: EN71,REACH,ISO9001,MSDS,GMPC<br \/>\nEmballage : 1 feuille\/opp ou personnalis\u00e9<br \/>\nH.S. Code: 4908900000<br \/>\nD\u00e9lai de livraison : \u00e9chantillons sous 7 \u00e0 10 jours, 7 \u00e0 15 jours ouvrables apr\u00e8s confirmation<br \/>\nPaiement: T\/T or Western Union<br \/>\nExp\u00e9dition : Par mer, par avion, par FEDEX, UPS, DHL, etc.<\/p>\n","protected":false},"excerpt":{"rendered":"[ninja_form id=\"1\"]\n","protected":false},"featured_media":5516,"template":"","meta":{"_seopress_robots_primary_cat":"none","_seopress_titles_title":"Autocollants de tatouage \u00e0 base de plantes Jus Tatouages temporaires personnalis\u00e9s longue dur\u00e9e de 2 semaines","_seopress_titles_desc":"Autocollants de tatouage \u00e0 base de plantes semi-permanents et imperm\u00e9ables en gros pour femmes, usine de tatouages temporaires personnalis\u00e9s pour hommes de longue dur\u00e9e de 2 semaines","_seopress_robots_index":""},"product_brand":[],"product_cat":[192],"product_tag":[391,392],"class_list":{"0":"post-5542","1":"product","2":"type-product","3":"status-publish","4":"has-post-thumbnail","6":"product_cat-badge-embleme-sticker","7":"product_tag-autocollant-de-tatouage","8":"product_tag-tatouages","10":"first","11":"instock","12":"shipping-taxable","13":"product-type-simple"},"_links":{"self":[{"href":"https:\/\/www.lettersign.top\/fr\/wp-json\/wp\/v2\/product\/5542","targetHints":{"allow":["GET"]}}],"collection":[{"href":"https:\/\/www.lettersign.top\/fr\/wp-json\/wp\/v2\/product"}],"about":[{"href":"https:\/\/www.lettersign.top\/fr\/wp-json\/wp\/v2\/types\/product"}],"wp:featuredmedia":[{"embeddable":true,"href":"https:\/\/www.lettersign.top\/fr\/wp-json\/wp\/v2\/media\/5516"}],"wp:attachment":[{"href":"https:\/\/www.lettersign.top\/fr\/wp-json\/wp\/v2\/media?parent=5542"}],"wp:term":[{"taxonomy":"product_brand","embeddable":true,"href":"https:\/\/www.lettersign.top\/fr\/wp-json\/wp\/v2\/product_brand?post=5542"},{"taxonomy":"product_cat","embeddable":true,"href":"https:\/\/www.lettersign.top\/fr\/wp-json\/wp\/v2\/product_cat?post=5542"},{"taxonomy":"product_tag","embeddable":true,"href":"https:\/\/www.lettersign.top\/fr\/wp-json\/wp\/v2\/product_tag?post=5542"}],"curies":[{"name":"wp","href":"https:\/\/api.w.org\/{rel}","templated":true}]}}