{"id":5581,"date":"2024-11-07T06:48:15","date_gmt":"2024-11-07T06:48:15","guid":{"rendered":"https:\/\/www.lettersign.top\/p\/guirlande-lumineuse-dexterieur-en-forme-de-cerf-avec-motif-decoratif-3d-a-led-pour-noel\/"},"modified":"2024-11-07T06:48:15","modified_gmt":"2024-11-07T06:48:15","slug":"outdoor-holiday-landscape-deer-lamp-string-motif-decorative-3d-led-christmas-reindeer-lights","status":"publish","type":"product","link":"https:\/\/www.lettersign.top\/fr\/p\/outdoor-holiday-landscape-deer-lamp-string-motif-decorative-3d-led-christmas-reindeer-lights\/","title":{"rendered":"Guirlande lumineuse d&rsquo;ext\u00e9rieur en forme de cerf avec motif d\u00e9coratif 3D \u00e0 LED pour No\u00ebl"},"content":{"rendered":"<p data-spm-anchor-id=\"a2700.details.0.i71.7be72d6aqBc3Db\"><strong>Guirlande lumineuse d&rsquo;ext\u00e9rieur \u00e9tanche en forme de cerf pour jardin, rue, vacances, paysage, motif d\u00e9coratif 3D, LED, lumi\u00e8res de No\u00ebl, fabricant<\/strong><\/p>\n<p id=\"key-attributes\" class=\"att-title\" data-spm-anchor-id=\"a2700.details.0.i71.7be72d6aqBc3Db\">Nom du produit : Lampe LED de No\u00ebl 3D \u00e0 motif de cerf<br \/>\nTemp\u00e9rature de couleur (CCT) : 2700K (blanc chaud doux)<br \/>\nIndice de protection IP: IP65<br \/>\nTension d&rsquo;entr\u00e9e(V): AC 220V( \u00b1 10%)<br \/>\nGarantie (ann\u00e9e) : 1 an<br \/>\nTemp\u00e9rature de fonctionnement(\u2103): -50-50<br \/>\nIndice de rendu des couleurs(Ra): 95<br \/>\nLongueur : 3 m, 4 m, 5 m, 6 m, 7 m, 8 m, 9 m<br \/>\nNom de la f\u00eate : No\u00ebl<br \/>\nPrise en charge du variateur : Oui<br \/>\nStyle : Lumi\u00e8re LED de No\u00ebl en forme de renne 3D<br \/>\nService de solutions d&rsquo;\u00e9clairage : conception d&rsquo;\u00e9clairage et de circuits, installation de projets, mise en page automatique CAO, comptage sur site, mise en page LitePro DLX<br \/>\nDur\u00e9e de vie (heures): 50000<br \/>\nTension: 110V\/220V\/24V<br \/>\nTaille de r\u00e9f\u00e9rence : 8FT, 10FT, 12FT, 15FT, 20FT ou taille personnalis\u00e9e<br \/>\nMat\u00e9riau : PVC, cadre en acier\/aluminium, guirlande lumineuse \u00e0 LED, corde lumineuse \u00e0 LED, PVC<br \/>\nCouleurs disponibles : rouge, vert, jaune, bleu, blanc, blanc chaud, violet, rose<br \/>\nEffet : statique ou scintillant<br \/>\nApplication : D\u00e9corations ext\u00e9rieures<br \/>\nCertification: ROHS.CE<br \/>\nPaiement : T\/T, Western Union, Paypal, etc.<br \/>\nExp\u00e9dition : Par mer, par avion, par FEDEX, UPS, DHL, etc.<\/p>\n","protected":false},"excerpt":{"rendered":"[ninja_form id=\"1\"]\n","protected":false},"featured_media":5563,"template":"","meta":{"_seopress_robots_primary_cat":"none","_seopress_titles_title":"Guirlande lumineuse d\u00e9corative \u00e0 LED 3D en forme de cerf pour No\u00ebl","_seopress_titles_desc":"Lampe d'ext\u00e9rieur en forme de cerf pour jardin, rue, vacances, paysage, guirlande lumineuse d\u00e9corative 3D \u00e0 LED, lumi\u00e8res de No\u00ebl en forme de renne","_seopress_robots_index":""},"product_brand":[],"product_cat":[195],"product_tag":[396],"class_list":{"0":"post-5581","1":"product","2":"type-product","3":"status-publish","4":"has-post-thumbnail","6":"product_cat-enseigne-au-neon","7":"product_tag-lumieres-de-rennes","9":"first","10":"instock","11":"shipping-taxable","12":"product-type-simple"},"_links":{"self":[{"href":"https:\/\/www.lettersign.top\/fr\/wp-json\/wp\/v2\/product\/5581","targetHints":{"allow":["GET"]}}],"collection":[{"href":"https:\/\/www.lettersign.top\/fr\/wp-json\/wp\/v2\/product"}],"about":[{"href":"https:\/\/www.lettersign.top\/fr\/wp-json\/wp\/v2\/types\/product"}],"wp:featuredmedia":[{"embeddable":true,"href":"https:\/\/www.lettersign.top\/fr\/wp-json\/wp\/v2\/media\/5563"}],"wp:attachment":[{"href":"https:\/\/www.lettersign.top\/fr\/wp-json\/wp\/v2\/media?parent=5581"}],"wp:term":[{"taxonomy":"product_brand","embeddable":true,"href":"https:\/\/www.lettersign.top\/fr\/wp-json\/wp\/v2\/product_brand?post=5581"},{"taxonomy":"product_cat","embeddable":true,"href":"https:\/\/www.lettersign.top\/fr\/wp-json\/wp\/v2\/product_cat?post=5581"},{"taxonomy":"product_tag","embeddable":true,"href":"https:\/\/www.lettersign.top\/fr\/wp-json\/wp\/v2\/product_tag?post=5581"}],"curies":[{"name":"wp","href":"https:\/\/api.w.org\/{rel}","templated":true}]}}