{"id":5640,"date":"2026-04-22T09:18:20","date_gmt":"2026-04-22T09:18:20","guid":{"rendered":"https:\/\/www.lettersign.top\/p\/enseigne-de-vitrine-attrayante-en-lettres-retroeclairees-en-acier-inoxydable-panneau-publicitaire-lumineux-a-led-pour-entreprises\/"},"modified":"2026-04-22T09:26:20","modified_gmt":"2026-04-22T09:26:20","slug":"stainless-steel-backlit-letter-attractive-storefront-signage-board-business-led-illuminated-sign","status":"publish","type":"product","link":"https:\/\/www.lettersign.top\/fr\/p\/stainless-steel-backlit-letter-attractive-storefront-signage-board-business-led-illuminated-sign\/","title":{"rendered":"Enseigne de vitrine attrayante en lettres r\u00e9tro\u00e9clair\u00e9es en acier inoxydable \u2014 Panneau publicitaire lumineux \u00e0 LED pour entreprises"},"content":{"rendered":"<p><strong>Supply Stainless Steel Backlit Letter Attractive Storefront Signage Board Business Led Illuminated Sign Manufacturers<\/strong><\/p>\n<p><strong>Description:<\/strong><br \/>\nMat\u00e9riau : acier inoxydable, acrylique Source de lumi\u00e8re : modules LED<br \/>\nAlimentation : Tension d&rsquo;entr\u00e9e du transformateur : 12 V<br \/>\nTemp\u00e9rature de fonctionnement : 20 \u2103 Dur\u00e9e de vie : 50 000 heures<br \/>\nGarantie : 2 ans<br \/>\nMani\u00e8re d&rsquo;installation : mont\u00e9 sur le mur par des boulons, comme demande du client<br \/>\nUtilisation : enseignes int\u00e9rieures et ext\u00e9rieures<br \/>\nLieux d&rsquo;application : b\u00e2timents, magasins, centres commerciaux, entreprises, h\u00f4tels<br \/>\nNom du produit: signe \u00e9lectrique lumineux de logo d&rsquo;avant de magasin fait sur commande men\u00e9 par 3d<br \/>\nTaille et couleur : Personnalis\u00e9 MOQ : 1 set Certificat : CE<br \/>\nAccessoires : transformateur et tous les accessoires d&rsquo;installation<br \/>\nConception : Conception de client\/notre conception d&rsquo;usine<br \/>\nD\u00e9lai de livraison : 7-10 jours, selon la quantit\u00e9<br \/>\nConditionnement : caisse bois 3 plis<br \/>\nCaract\u00e9ristique: \u00c9conomie d&rsquo;\u00e9nergie, \u00e9clairage uniforme<\/p>\n<table class=\"has-title all magic-13\">\n<tbody>\n<tr>\n<td colspan=\"1\" rowspan=\"1\">\n<div class=\"magic-14\">Mat\u00e9riel<\/div>\n<\/td>\n<td colspan=\"1\" rowspan=\"1\">\n<div class=\"magic-15\">Acier inoxydable, Acrylique<\/div>\n<\/td>\n<\/tr>\n<tr>\n<td colspan=\"1\" rowspan=\"1\">\n<div class=\"magic-14\">Traitement de surface<\/div>\n<\/td>\n<td colspan=\"1\" rowspan=\"1\">\n<div class=\"magic-15\">Poli, bross\u00e9, galvanoplastie, peint<\/div>\n<\/td>\n<\/tr>\n<tr>\n<td colspan=\"1\" rowspan=\"1\">\n<div class=\"magic-14\">Source de lumi\u00e8re<\/div>\n<\/td>\n<td colspan=\"1\" rowspan=\"1\">\n<div class=\"magic-15\">Module LED 12V, approuv\u00e9 CE<\/div>\n<\/td>\n<\/tr>\n<tr>\n<td colspan=\"1\" rowspan=\"1\">\n<div class=\"magic-14\">Taille de couleur<\/div>\n<\/td>\n<td colspan=\"1\" rowspan=\"1\">\n<div class=\"magic-15\">N&rsquo;importe quelle taille et couleur, accepter sur mesure<\/div>\n<\/td>\n<\/tr>\n<tr>\n<td colspan=\"1\" rowspan=\"1\">\n<div class=\"magic-14\">Transformateur<\/div>\n<\/td>\n<td colspan=\"1\" rowspan=\"1\">\n<div class=\"magic-15\">Marque Meanwell, homologu\u00e9e CE, avec prise personnalis\u00e9e<\/div>\n<\/td>\n<\/tr>\n<tr>\n<td colspan=\"1\" rowspan=\"1\">\n<div class=\"magic-14\">garantie<\/div>\n<\/td>\n<td colspan=\"1\" rowspan=\"1\">\n<div class=\"magic-15\">1 an<\/div>\n<\/td>\n<\/tr>\n<tr>\n<td colspan=\"1\" rowspan=\"1\">\n<div class=\"magic-14\">MOQ<\/div>\n<\/td>\n<td colspan=\"1\" rowspan=\"1\">\n<div class=\"magic-15\">1 jeu<\/div>\n<\/td>\n<\/tr>\n<tr>\n<td colspan=\"1\" rowspan=\"1\">\n<div class=\"magic-14\">Tension<\/div>\n<\/td>\n<td colspan=\"1\" rowspan=\"1\">\n<div class=\"magic-15\">Entr\u00e9e standard 110AC ~ 240 AC, tensions de sortie DC 12V ~ 24V<\/div>\n<\/td>\n<\/tr>\n<tr>\n<td colspan=\"1\" rowspan=\"1\">\n<div class=\"magic-14\">Accessoires<\/div>\n<\/td>\n<td colspan=\"1\" rowspan=\"1\">\n<div class=\"magic-15\">Boulons \u00e0 vis, transformateur, papier mod\u00e8le d&rsquo;installation 1: 1, toutes les pi\u00e8ces d&rsquo;installation<\/div>\n<\/td>\n<\/tr>\n<tr>\n<td colspan=\"1\" rowspan=\"1\">\n<div class=\"magic-14\">Application<\/div>\n<\/td>\n<td colspan=\"1\" rowspan=\"1\">\n<div class=\"magic-15\">H\u00f4tels, restaurants, caf\u00e9s, transports, parkings, trains, arr\u00eats de bus, a\u00e9roports, signalisation pi\u00e9tonne, etc.<\/div>\n<\/td>\n<\/tr>\n<tr>\n<td colspan=\"1\" rowspan=\"1\">\n<div class=\"magic-14\">Caract\u00e9ristiques<\/div>\n<\/td>\n<td colspan=\"1\" rowspan=\"1\">\n<div class=\"magic-15\">Utilisation d&rsquo;un panneau acrylique haute densit\u00e9 et de lumi\u00e8res LED de haute qualit\u00e9. \u00c9clairage uniforme sans point chaud. La dur\u00e9e de vie moyenne est jusqu&rsquo;\u00e0 50 000 heures<\/div>\n<\/td>\n<\/tr>\n<tr>\n<td colspan=\"1\" rowspan=\"1\">\n<div class=\"magic-14\">Emballage<\/div>\n<\/td>\n<td colspan=\"1\" rowspan=\"1\">\n<div class=\"magic-15\"> Papier bulle, mousse, caisse en bois<\/div>\n<\/td>\n<\/tr>\n<tr>\n<td colspan=\"1\" rowspan=\"1\">\n<div class=\"magic-14\">D\u00e9lai de mise en \u0153uvre<\/div>\n<\/td>\n<td colspan=\"1\" rowspan=\"1\">\n<div class=\"magic-15\">7-15 jours, d\u00e9pendent de votre quantit\u00e9<\/div>\n<\/td>\n<\/tr>\n<tr>\n<td colspan=\"1\" rowspan=\"1\">\n<div class=\"magic-14\">Champ d&rsquo;activit\u00e9<\/div>\n<\/td>\n<td colspan=\"1\" rowspan=\"1\">\n<div class=\"magic-15\" data-spm-anchor-id=\"a2700.details.0.i25.54cc6056kzup2t\">Diff\u00e9rents types de signalisation, lettres en m\u00e9tal, lettres en r\u00e9sine \u00e9poxy, lettres lumineuses Halo, lettres \u00e9clair\u00e9es par le visage, lettres de chapiteau, lettres Faux n\u00e9on, bo\u00eete \u00e0 lumi\u00e8re&#8230;<\/div>\n<\/td>\n<\/tr>\n<\/tbody>\n<\/table>\n<p>&nbsp;<\/p>\n<div id=\"attachment_5622\" style=\"width: 810px\" class=\"wp-caption aligncenter\"><img loading=\"lazy\" decoding=\"async\" aria-describedby=\"caption-attachment-5622\" class=\"size-full wp-image-5622\" src=\"http:\/\/www.lettersign.top\/wp-content\/uploads\/2026\/04\/Stainless-Steel-Backlit-Letter-Attractive-Storefront-Signage-Board-Business-Led-Illuminated-Sign.jpg\" alt=\"Enseigne de vitrine attrayante en lettres r\u00e9tro\u00e9clair\u00e9es en acier inoxydable \u2014 Panneau publicitaire lumineux \u00e0 LED pour entreprises\" width=\"800\" height=\"800\" srcset=\"https:\/\/www.lettersign.top\/wp-content\/uploads\/2026\/04\/Stainless-Steel-Backlit-Letter-Attractive-Storefront-Signage-Board-Business-Led-Illuminated-Sign.jpg 800w, https:\/\/www.lettersign.top\/wp-content\/uploads\/2026\/04\/Stainless-Steel-Backlit-Letter-Attractive-Storefront-Signage-Board-Business-Led-Illuminated-Sign-300x300.jpg 300w, https:\/\/www.lettersign.top\/wp-content\/uploads\/2026\/04\/Stainless-Steel-Backlit-Letter-Attractive-Storefront-Signage-Board-Business-Led-Illuminated-Sign-150x150.jpg 150w, https:\/\/www.lettersign.top\/wp-content\/uploads\/2026\/04\/Stainless-Steel-Backlit-Letter-Attractive-Storefront-Signage-Board-Business-Led-Illuminated-Sign-768x768.jpg 768w, https:\/\/www.lettersign.top\/wp-content\/uploads\/2026\/04\/Stainless-Steel-Backlit-Letter-Attractive-Storefront-Signage-Board-Business-Led-Illuminated-Sign-500x500.jpg 500w, https:\/\/www.lettersign.top\/wp-content\/uploads\/2026\/04\/Stainless-Steel-Backlit-Letter-Attractive-Storefront-Signage-Board-Business-Led-Illuminated-Sign-700x700.jpg 700w, https:\/\/www.lettersign.top\/wp-content\/uploads\/2026\/04\/Stainless-Steel-Backlit-Letter-Attractive-Storefront-Signage-Board-Business-Led-Illuminated-Sign-100x100.jpg 100w\" sizes=\"auto, (max-width: 800px) 100vw, 800px\" \/><p id=\"caption-attachment-5622\" class=\"wp-caption-text\">stainless steel backlit letter attractive storefront signage board business led illuminated sign<\/p><\/div>\n<p><img loading=\"lazy\" decoding=\"async\" class=\"aligncenter size-full wp-image-3799\" src=\"http:\/\/www.lettersign.top\/wp-content\/uploads\/2023\/04\/Customized-Acrylic-Frontlit-Backlit-Letter-Sign-Attractive-Storefront-Sign-Board-Led-Lighting-Letters3.jpg\" alt=\"Enseigne de lettre r\u00e9tro\u00e9clair\u00e9e \u00e0 l'avant en acrylique en acier inoxydable\" width=\"800\" height=\"800\" srcset=\"https:\/\/www.lettersign.top\/wp-content\/uploads\/2023\/04\/Customized-Acrylic-Frontlit-Backlit-Letter-Sign-Attractive-Storefront-Sign-Board-Led-Lighting-Letters3.jpg 800w, https:\/\/www.lettersign.top\/wp-content\/uploads\/2023\/04\/Customized-Acrylic-Frontlit-Backlit-Letter-Sign-Attractive-Storefront-Sign-Board-Led-Lighting-Letters3-500x500.jpg 500w, https:\/\/www.lettersign.top\/wp-content\/uploads\/2023\/04\/Customized-Acrylic-Frontlit-Backlit-Letter-Sign-Attractive-Storefront-Sign-Board-Led-Lighting-Letters3-100x100.jpg 100w, https:\/\/www.lettersign.top\/wp-content\/uploads\/2023\/04\/Customized-Acrylic-Frontlit-Backlit-Letter-Sign-Attractive-Storefront-Sign-Board-Led-Lighting-Letters3-700x700.jpg 700w, https:\/\/www.lettersign.top\/wp-content\/uploads\/2023\/04\/Customized-Acrylic-Frontlit-Backlit-Letter-Sign-Attractive-Storefront-Sign-Board-Led-Lighting-Letters3-300x300.jpg 300w, https:\/\/www.lettersign.top\/wp-content\/uploads\/2023\/04\/Customized-Acrylic-Frontlit-Backlit-Letter-Sign-Attractive-Storefront-Sign-Board-Led-Lighting-Letters3-150x150.jpg 150w, https:\/\/www.lettersign.top\/wp-content\/uploads\/2023\/04\/Customized-Acrylic-Frontlit-Backlit-Letter-Sign-Attractive-Storefront-Sign-Board-Led-Lighting-Letters3-768x768.jpg 768w\" sizes=\"auto, (max-width: 800px) 100vw, 800px\" \/><\/p>\n","protected":false},"excerpt":{"rendered":"<p><a href=\"https:\/\/api.whatsapp.com\/send?phone=008613976116176\" rel=\"nofollow\"><img loading=\"lazy\" decoding=\"async\" class=\"aligncenter size-medium wp-image-336\" src=\"http:\/\/www.lettersign.top\/wp-content\/uploads\/2023\/04\/whatsapp-tous.jpg\" alt=\"whatsapp-tous\" width=\"300\" height=\"93\"><\/a>[ninja_form id=\"1\"]<\/p>\n","protected":false},"featured_media":5623,"template":"","meta":{"_seopress_robots_primary_cat":"","_seopress_titles_title":"Enseigne de vitrine attrayante en lettres r\u00e9tro\u00e9clair\u00e9es en acier inoxydable \u2014 Panneau publicitaire lumineux \u00e0 LED pour entreprises","_seopress_titles_desc":"Fabricant de lettres r\u00e9tro\u00e9clair\u00e9es en acier inoxydable \u2014 Enseignes de vitrine attrayantes \u2014 Fabricant d'enseignes commerciales lumineuses \u00e0 LED","_seopress_robots_index":""},"product_brand":[],"product_cat":[194],"product_tag":[256,249],"class_list":{"0":"post-5640","1":"product","2":"type-product","3":"status-publish","4":"has-post-thumbnail","6":"product_cat-signe-de-lettre","7":"product_tag-des-lettres","8":"product_tag-signe-mene","10":"first","11":"instock","12":"shipping-taxable","13":"product-type-simple"},"_links":{"self":[{"href":"https:\/\/www.lettersign.top\/fr\/wp-json\/wp\/v2\/product\/5640","targetHints":{"allow":["GET"]}}],"collection":[{"href":"https:\/\/www.lettersign.top\/fr\/wp-json\/wp\/v2\/product"}],"about":[{"href":"https:\/\/www.lettersign.top\/fr\/wp-json\/wp\/v2\/types\/product"}],"wp:featuredmedia":[{"embeddable":true,"href":"https:\/\/www.lettersign.top\/fr\/wp-json\/wp\/v2\/media\/5623"}],"wp:attachment":[{"href":"https:\/\/www.lettersign.top\/fr\/wp-json\/wp\/v2\/media?parent=5640"}],"wp:term":[{"taxonomy":"product_brand","embeddable":true,"href":"https:\/\/www.lettersign.top\/fr\/wp-json\/wp\/v2\/product_brand?post=5640"},{"taxonomy":"product_cat","embeddable":true,"href":"https:\/\/www.lettersign.top\/fr\/wp-json\/wp\/v2\/product_cat?post=5640"},{"taxonomy":"product_tag","embeddable":true,"href":"https:\/\/www.lettersign.top\/fr\/wp-json\/wp\/v2\/product_tag?post=5640"}],"curies":[{"name":"wp","href":"https:\/\/api.w.org\/{rel}","templated":true}]}}