{"id":4961,"date":"2023-03-18T01:47:49","date_gmt":"2023-03-18T01:47:49","guid":{"rendered":"https:\/\/www.lettersign.top\/p\/3d-benelli-logo-emblema-decalques-decalque-adesivo-de-aluminio-da-motocicleta-emblema-do-carro-acessorios-automotivos\/"},"modified":"2023-03-18T01:47:49","modified_gmt":"2023-03-18T01:47:49","slug":"3d-benelli-logotipo-emblema-cracha-decalques-motocicleta-aluminio-adesivo-decalque-carro-emblema-auto-acessorios","status":"publish","type":"product","link":"https:\/\/www.lettersign.top\/pt-pt\/p\/3d-benelli-logotipo-emblema-cracha-decalques-motocicleta-aluminio-adesivo-decalque-carro-emblema-auto-acessorios\/","title":{"rendered":"3D Benelli Logo Emblema Decalques Decalque Adesivo De Alum\u00ednio Da Motocicleta Emblema Do Carro Acess\u00f3rios Automotivos"},"content":{"rendered":"<p>Tamanho personalizado 3D Benelli Logo Emblema Decalques Emblema Decalque De Alum\u00ednio Da Motocicleta Decalque De Carro Emblema Auto Acess\u00f3rios<\/p>\n<p>1. 100% novo e pe\u00e7a de reposi\u00e7\u00e3o.<\/p>\n<p>2. Port\u00e1til e dur\u00e1vel, f\u00e1cil de transportar, leve.<\/p>\n<p>3. F\u00e1cil instala\u00e7\u00e3o, sem instala\u00e7\u00e3o inclu\u00edda. S\u00f3 precisa limpar a superf\u00edcie e descascar para colar.<\/p>\n<p>4. Decore perfeitamente sua moto.<\/p>\n<p align=\"start\"><strong>Material:<\/strong><strong> <\/strong><span data-spm-anchor-id=\"a2g0o.detail.1000023.i0.6de744d5VbbSrH\">High Quality Aluminum Alloy Stickers<\/span><\/p>\n<p align=\"start\"><strong>Color:<\/strong><strong> <\/strong>As Picture Show<\/p>\n<p align=\"start\"><strong>Aviso de instala\u00e7\u00e3o &gt;&gt;<\/strong><\/p>\n<p align=\"start\">1. Limpe a \u00e1rea de aplica\u00e7\u00e3o da superf\u00edcie, certifique-se de que est\u00e1 seca e plana antes da instala\u00e7\u00e3o.<\/p>\n<p align=\"start\">2. Rasgue a tampa da cola, pressione o emblema firmemente no local designado por 1 minuto.<\/p>\n<p align=\"start\" data-spm-anchor-id=\"a2g0o.detail.1000023.i1.6de744d5VbbSrH\">3. Nenhuma lavagem dentro de 24 horas ap\u00f3s a instala\u00e7\u00e3o.<\/p>\n<div id=\"attachment_3692\" style=\"width: 810px\" class=\"wp-caption aligncenter\"><img loading=\"lazy\" decoding=\"async\" aria-describedby=\"caption-attachment-3692\" class=\"size-full wp-image-3692\" src=\"http:\/\/www.lettersign.top\/wp-content\/uploads\/2023\/03\/3D-Benelli-Logo-Emblem-Badge-Decals-Motorcycle-Aluminum-Sticker-Decal-Car-Emblem-Auto-Accessories.jpg\" alt=\"3D Benelli Logo Emblema Decalques Decalque Adesivo De Alum\u00ednio Da Motocicleta Emblema Do Carro Acess\u00f3rios Automotivos\" width=\"800\" height=\"800\" srcset=\"https:\/\/www.lettersign.top\/wp-content\/uploads\/2023\/03\/3D-Benelli-Logo-Emblem-Badge-Decals-Motorcycle-Aluminum-Sticker-Decal-Car-Emblem-Auto-Accessories.jpg 800w, https:\/\/www.lettersign.top\/wp-content\/uploads\/2023\/03\/3D-Benelli-Logo-Emblem-Badge-Decals-Motorcycle-Aluminum-Sticker-Decal-Car-Emblem-Auto-Accessories-500x500.jpg 500w, https:\/\/www.lettersign.top\/wp-content\/uploads\/2023\/03\/3D-Benelli-Logo-Emblem-Badge-Decals-Motorcycle-Aluminum-Sticker-Decal-Car-Emblem-Auto-Accessories-100x100.jpg 100w, https:\/\/www.lettersign.top\/wp-content\/uploads\/2023\/03\/3D-Benelli-Logo-Emblem-Badge-Decals-Motorcycle-Aluminum-Sticker-Decal-Car-Emblem-Auto-Accessories-700x700.jpg 700w, https:\/\/www.lettersign.top\/wp-content\/uploads\/2023\/03\/3D-Benelli-Logo-Emblem-Badge-Decals-Motorcycle-Aluminum-Sticker-Decal-Car-Emblem-Auto-Accessories-300x300.jpg 300w, https:\/\/www.lettersign.top\/wp-content\/uploads\/2023\/03\/3D-Benelli-Logo-Emblem-Badge-Decals-Motorcycle-Aluminum-Sticker-Decal-Car-Emblem-Auto-Accessories-150x150.jpg 150w, https:\/\/www.lettersign.top\/wp-content\/uploads\/2023\/03\/3D-Benelli-Logo-Emblem-Badge-Decals-Motorcycle-Aluminum-Sticker-Decal-Car-Emblem-Auto-Accessories-768x768.jpg 768w\" sizes=\"auto, (max-width: 800px) 100vw, 800px\" \/><p id=\"caption-attachment-3692\" class=\"wp-caption-text\">3D Benelli Logo Emblema Decalques Decalque Adesivo De Alum\u00ednio Da Motocicleta Emblema Do Carro Acess\u00f3rios Automotivos<\/p><\/div>\n<p align=\"start\" data-spm-anchor-id=\"a2g0o.detail.1000023.i1.6de744d5VbbSrH\"><img loading=\"lazy\" decoding=\"async\" class=\"aligncenter size-full wp-image-3693\" src=\"http:\/\/www.lettersign.top\/wp-content\/uploads\/2023\/03\/3D-Benelli-Logo-Emblem-Badge-Decals-Motorcycle-Aluminum-Sticker-Decal-Car-Emblem-Auto-Accessories1.jpg\" alt=\"\" width=\"800\" height=\"800\" srcset=\"https:\/\/www.lettersign.top\/wp-content\/uploads\/2023\/03\/3D-Benelli-Logo-Emblem-Badge-Decals-Motorcycle-Aluminum-Sticker-Decal-Car-Emblem-Auto-Accessories1.jpg 800w, https:\/\/www.lettersign.top\/wp-content\/uploads\/2023\/03\/3D-Benelli-Logo-Emblem-Badge-Decals-Motorcycle-Aluminum-Sticker-Decal-Car-Emblem-Auto-Accessories1-500x500.jpg 500w, https:\/\/www.lettersign.top\/wp-content\/uploads\/2023\/03\/3D-Benelli-Logo-Emblem-Badge-Decals-Motorcycle-Aluminum-Sticker-Decal-Car-Emblem-Auto-Accessories1-100x100.jpg 100w, https:\/\/www.lettersign.top\/wp-content\/uploads\/2023\/03\/3D-Benelli-Logo-Emblem-Badge-Decals-Motorcycle-Aluminum-Sticker-Decal-Car-Emblem-Auto-Accessories1-700x700.jpg 700w, https:\/\/www.lettersign.top\/wp-content\/uploads\/2023\/03\/3D-Benelli-Logo-Emblem-Badge-Decals-Motorcycle-Aluminum-Sticker-Decal-Car-Emblem-Auto-Accessories1-300x300.jpg 300w, https:\/\/www.lettersign.top\/wp-content\/uploads\/2023\/03\/3D-Benelli-Logo-Emblem-Badge-Decals-Motorcycle-Aluminum-Sticker-Decal-Car-Emblem-Auto-Accessories1-150x150.jpg 150w, https:\/\/www.lettersign.top\/wp-content\/uploads\/2023\/03\/3D-Benelli-Logo-Emblem-Badge-Decals-Motorcycle-Aluminum-Sticker-Decal-Car-Emblem-Auto-Accessories1-768x768.jpg 768w\" sizes=\"auto, (max-width: 800px) 100vw, 800px\" \/> <img loading=\"lazy\" decoding=\"async\" class=\"aligncenter size-full wp-image-3694\" src=\"http:\/\/www.lettersign.top\/wp-content\/uploads\/2023\/03\/3D-Benelli-Logo-Emblem-Badge-Decals-Motorcycle-Aluminum-Sticker-Decal-Car-Emblem-Auto-Accessories2.jpg\" alt=\"3D Benelli Logo Emblema Decalques Decalque Adesivo De Alum\u00ednio Da Motocicleta Emblema Do Carro Acess\u00f3rios Automotivos\" width=\"800\" height=\"800\" srcset=\"https:\/\/www.lettersign.top\/wp-content\/uploads\/2023\/03\/3D-Benelli-Logo-Emblem-Badge-Decals-Motorcycle-Aluminum-Sticker-Decal-Car-Emblem-Auto-Accessories2.jpg 800w, https:\/\/www.lettersign.top\/wp-content\/uploads\/2023\/03\/3D-Benelli-Logo-Emblem-Badge-Decals-Motorcycle-Aluminum-Sticker-Decal-Car-Emblem-Auto-Accessories2-500x500.jpg 500w, https:\/\/www.lettersign.top\/wp-content\/uploads\/2023\/03\/3D-Benelli-Logo-Emblem-Badge-Decals-Motorcycle-Aluminum-Sticker-Decal-Car-Emblem-Auto-Accessories2-100x100.jpg 100w, https:\/\/www.lettersign.top\/wp-content\/uploads\/2023\/03\/3D-Benelli-Logo-Emblem-Badge-Decals-Motorcycle-Aluminum-Sticker-Decal-Car-Emblem-Auto-Accessories2-700x700.jpg 700w, https:\/\/www.lettersign.top\/wp-content\/uploads\/2023\/03\/3D-Benelli-Logo-Emblem-Badge-Decals-Motorcycle-Aluminum-Sticker-Decal-Car-Emblem-Auto-Accessories2-300x300.jpg 300w, https:\/\/www.lettersign.top\/wp-content\/uploads\/2023\/03\/3D-Benelli-Logo-Emblem-Badge-Decals-Motorcycle-Aluminum-Sticker-Decal-Car-Emblem-Auto-Accessories2-150x150.jpg 150w, https:\/\/www.lettersign.top\/wp-content\/uploads\/2023\/03\/3D-Benelli-Logo-Emblem-Badge-Decals-Motorcycle-Aluminum-Sticker-Decal-Car-Emblem-Auto-Accessories2-768x768.jpg 768w\" sizes=\"auto, (max-width: 800px) 100vw, 800px\" \/><\/p>\n","protected":false},"excerpt":{"rendered":"[ninja_form id=1]\n","protected":false},"featured_media":4697,"template":"","meta":{"_seopress_robots_primary_cat":"","_seopress_titles_title":"","_seopress_titles_desc":"","_seopress_robots_index":""},"product_brand":[],"product_cat":[189],"product_tag":[227,199,198,251],"class_list":{"0":"post-4961","1":"product","2":"type-product","3":"status-publish","4":"has-post-thumbnail","6":"product_cat-distintivo-emblema-adesivo","7":"product_tag-adesivo-de-carro","8":"product_tag-distintivo","9":"product_tag-emblema-do-carro","10":"product_tag-logotipo-benelli","12":"first","13":"instock","14":"shipping-taxable","15":"product-type-simple"},"_links":{"self":[{"href":"https:\/\/www.lettersign.top\/pt-pt\/wp-json\/wp\/v2\/product\/4961","targetHints":{"allow":["GET"]}}],"collection":[{"href":"https:\/\/www.lettersign.top\/pt-pt\/wp-json\/wp\/v2\/product"}],"about":[{"href":"https:\/\/www.lettersign.top\/pt-pt\/wp-json\/wp\/v2\/types\/product"}],"wp:featuredmedia":[{"embeddable":true,"href":"https:\/\/www.lettersign.top\/pt-pt\/wp-json\/wp\/v2\/media\/4697"}],"wp:attachment":[{"href":"https:\/\/www.lettersign.top\/pt-pt\/wp-json\/wp\/v2\/media?parent=4961"}],"wp:term":[{"taxonomy":"product_brand","embeddable":true,"href":"https:\/\/www.lettersign.top\/pt-pt\/wp-json\/wp\/v2\/product_brand?post=4961"},{"taxonomy":"product_cat","embeddable":true,"href":"https:\/\/www.lettersign.top\/pt-pt\/wp-json\/wp\/v2\/product_cat?post=4961"},{"taxonomy":"product_tag","embeddable":true,"href":"https:\/\/www.lettersign.top\/pt-pt\/wp-json\/wp\/v2\/product_tag?post=4961"}],"curies":[{"name":"wp","href":"https:\/\/api.w.org\/{rel}","templated":true}]}}