{"id":4988,"date":"2022-11-30T02:56:17","date_gmt":"2022-11-30T02:56:17","guid":{"rendered":"https:\/\/www.lettersign.top\/p\/sinalizacao-de-loja-vintage-personalizada-com-luz-de-neon-artificial-letras-de-canal-de-acrilico-letras-de-loja-de-varejo\/"},"modified":"2022-11-30T02:56:17","modified_gmt":"2022-11-30T02:56:17","slug":"sinal-de-loja-de-luz-de-neon-vintage-personalizado-propaganda-acrilico-canal-letras-sinal-de-loja-de-varejo","status":"publish","type":"product","link":"https:\/\/www.lettersign.top\/pt-pt\/p\/sinal-de-loja-de-luz-de-neon-vintage-personalizado-propaganda-acrilico-canal-letras-sinal-de-loja-de-varejo\/","title":{"rendered":"Sinaliza\u00e7\u00e3o de loja vintage personalizada com luz de n\u00e9on artificial Letras de canal de acr\u00edlico Letras de loja de varejo"},"content":{"rendered":"<p><strong>Sinaliza\u00e7\u00e3o de loja eletr\u00f4nica vintage personalizada falsa luz neon led letras de canal acr\u00edlico sinal de loja de varejo<\/strong><\/p>\n<p><strong>Descri\u00e7\u00e3o: <\/strong><\/p>\n<p>Tipo: sinal de n\u00e9on sint\u00e9tico Material: a\u00e7o inoxid\u00e1vel, acr\u00edlico<br \/>\nFonte de luz: led 12V Fonte de alimenta\u00e7\u00e3o: transformador<br \/>\nTens\u00e3o de entrada: 12 V Temperatura de trabalho: 20 \u2103<br \/>\nVida \u00fatil: 50000 horas Garantia: 3 anos<br \/>\nManeira de instala\u00e7\u00e3o: montado na parede por parafusos, conforme os clientes<br \/>\nUso: Sinais internos e externos<br \/>\nLocais de aplica\u00e7\u00e3o: Edif\u00edcios, lojas, escolas, bares, hospitais, shoppings, empresas, parques, escrit\u00f3rios, hot\u00e9is<br \/>\nTamanho e cor: qualquer tamanho e cor, aceite MOQ personalizado: 1 PC<br \/>\nTens\u00e3o: entrada padr\u00e3o 100AC\/260 AC, tens\u00f5es de sa\u00edda DC 12V<br \/>\nacess\u00f3rios: Transformador e todos os acess\u00f3rios de instala\u00e7\u00e3o<br \/>\nPagamento: PayPal. Western Union .TT<br \/>\nPrazo de entrega: 7-10 dias, dependendo da quantidade<br \/>\nCaracter\u00edstica: Economia de energia, ilumina\u00e7\u00e3o uniforme<br \/>\nPacote: caixa de madeira de 3 dobras<\/p>\n<table class=\"has-title all magic-1\">\n<tbody>\n<tr>\n<td colspan=\"1\" rowspan=\"1\">\n<div class=\"magic-2\">Material<\/div>\n<\/td>\n<td colspan=\"1\" rowspan=\"1\">\n<div class=\"magic-3\">A\u00e7o inoxid\u00e1vel, acr\u00edlico<\/div>\n<\/td>\n<\/tr>\n<tr>\n<td colspan=\"1\" rowspan=\"1\">\n<div class=\"magic-2\">Tratamento da superf\u00edcie<\/div>\n<\/td>\n<td colspan=\"1\" rowspan=\"1\">\n<div class=\"magic-3\">Polido, escovado, galvanoplastia, pintado<\/div>\n<\/td>\n<\/tr>\n<tr>\n<td colspan=\"1\" rowspan=\"1\">\n<div class=\"magic-2\">Fonte de luz<\/div>\n<\/td>\n<td colspan=\"1\" rowspan=\"1\">\n<div class=\"magic-3\">M\u00f3dulo LED 12V, aprovado pela CE<\/div>\n<\/td>\n<\/tr>\n<tr>\n<td colspan=\"1\" rowspan=\"1\">\n<div class=\"magic-2\">Cor Tamanho<\/div>\n<\/td>\n<td colspan=\"1\" rowspan=\"1\">\n<div class=\"magic-3\">Qualquer tamanho e cor, aceite custom-made<\/div>\n<\/td>\n<\/tr>\n<tr>\n<td colspan=\"1\" rowspan=\"1\">\n<div class=\"magic-2\">Transformador<\/div>\n<\/td>\n<td colspan=\"1\" rowspan=\"1\">\n<div class=\"magic-3\">Marca Meanwell, aprovado pela CE, com plug personalizado<\/div>\n<\/td>\n<\/tr>\n<tr>\n<td colspan=\"1\" rowspan=\"1\">\n<div class=\"magic-2\">garantia<\/div>\n<\/td>\n<td colspan=\"1\" rowspan=\"1\">\n<div class=\"magic-3\">2 anos<\/div>\n<\/td>\n<\/tr>\n<tr>\n<td colspan=\"1\" rowspan=\"1\">\n<div class=\"magic-2\">MOQ<\/div>\n<\/td>\n<td colspan=\"1\" rowspan=\"1\">\n<div class=\"magic-3\">1 conjunto<\/div>\n<\/td>\n<\/tr>\n<tr>\n<td colspan=\"1\" rowspan=\"1\">\n<div class=\"magic-2\">Tens\u00e3o<\/div>\n<\/td>\n<td colspan=\"1\" rowspan=\"1\">\n<div class=\"magic-3\">110AC~240 AC entrada padr\u00e3o, tens\u00f5es de sa\u00edda DC 12V~24V<\/div>\n<\/td>\n<\/tr>\n<tr>\n<td colspan=\"1\" rowspan=\"1\">\n<div class=\"magic-2\">Acess\u00f3rios<\/div>\n<\/td>\n<td colspan=\"1\" rowspan=\"1\">\n<div class=\"magic-3\">Parafusos, transformador, papel modelo de instala\u00e7\u00e3o 1:1, todas as pe\u00e7as de instala\u00e7\u00e3o<\/div>\n<\/td>\n<\/tr>\n<tr>\n<td colspan=\"1\" rowspan=\"1\">\n<div class=\"magic-2\">Aplicativo<\/div>\n<\/td>\n<td colspan=\"1\" rowspan=\"1\">\n<div class=\"magic-3\">Hot\u00e9is, Restaurantes, Caf\u00e9s, Transportes, Estacionamentos, Comboios, Paragens de Autocarros, Aeroportos, Sinaliza\u00e7\u00e3o Pedonal, etc<\/div>\n<\/td>\n<\/tr>\n<tr>\n<td colspan=\"1\" rowspan=\"1\">\n<div class=\"magic-2\">Caracter\u00edsticos<\/div>\n<\/td>\n<td colspan=\"1\" rowspan=\"1\">\n<div class=\"magic-3\">Usando placa acr\u00edlica de alta densidade e luzes led de alta qualidade. Ilumina\u00e7\u00e3o uniforme sem ponto quente.<\/div>\n<div class=\"magic-3\">A vida \u00fatil m\u00e9dia \u00e9 de at\u00e9 50000 horas<\/div>\n<\/td>\n<\/tr>\n<tr>\n<td colspan=\"1\" rowspan=\"1\">\n<div class=\"magic-2\">Embalagem<\/div>\n<\/td>\n<td colspan=\"1\" rowspan=\"1\">\n<div class=\"magic-3\"> Pl\u00e1stico bolha, espuma, caixa de madeira<\/div>\n<\/td>\n<\/tr>\n<tr>\n<td colspan=\"1\" rowspan=\"1\">\n<div class=\"magic-2\">Tempo de espera<\/div>\n<\/td>\n<td colspan=\"1\" rowspan=\"1\">\n<div class=\"magic-3\">7-15 dias, depende da sua quantidade<\/div>\n<\/td>\n<\/tr>\n<tr>\n<td colspan=\"1\" rowspan=\"1\">\n<div class=\"magic-2\">Escopo de neg\u00f3cios<\/div>\n<\/td>\n<td colspan=\"1\" rowspan=\"1\">\n<div class=\"magic-3\" data-spm-anchor-id=\"a2700.details.0.i22.721cbed5fMJtLT\">Diferentes tipos de sinaliza\u00e7\u00e3o, letras de metal, letras de resina ep\u00f3xi, letras de luz Halo,<\/div>\n<div class=\"magic-3\" data-spm-anchor-id=\"a2700.details.0.i22.721cbed5fMJtLT\">Letras com ilumina\u00e7\u00e3o facial, letras letreiros, letras neon falsas, caixa de luz&#8230;<\/div>\n<\/td>\n<\/tr>\n<\/tbody>\n<\/table>\n<div><\/div>\n<div id=\"attachment_3624\" style=\"width: 810px\" class=\"wp-caption alignleft\"><img loading=\"lazy\" decoding=\"async\" aria-describedby=\"caption-attachment-3624\" class=\"size-full wp-image-3624\" src=\"http:\/\/www.lettersign.top\/wp-content\/uploads\/2022\/11\/Custom-Vintage-Style-Faux-Neon-Light-Led-Store-Signage-Letters-Retail-Sign.jpg\" alt=\"Sinaliza\u00e7\u00e3o de loja vintage personalizada com luz de n\u00e9on artificial Letras de canal de acr\u00edlico Letras de loja de varejo\" width=\"800\" height=\"800\" srcset=\"https:\/\/www.lettersign.top\/wp-content\/uploads\/2022\/11\/Custom-Vintage-Style-Faux-Neon-Light-Led-Store-Signage-Letters-Retail-Sign.jpg 800w, https:\/\/www.lettersign.top\/wp-content\/uploads\/2022\/11\/Custom-Vintage-Style-Faux-Neon-Light-Led-Store-Signage-Letters-Retail-Sign-500x500.jpg 500w, https:\/\/www.lettersign.top\/wp-content\/uploads\/2022\/11\/Custom-Vintage-Style-Faux-Neon-Light-Led-Store-Signage-Letters-Retail-Sign-100x100.jpg 100w, https:\/\/www.lettersign.top\/wp-content\/uploads\/2022\/11\/Custom-Vintage-Style-Faux-Neon-Light-Led-Store-Signage-Letters-Retail-Sign-700x700.jpg 700w, https:\/\/www.lettersign.top\/wp-content\/uploads\/2022\/11\/Custom-Vintage-Style-Faux-Neon-Light-Led-Store-Signage-Letters-Retail-Sign-300x300.jpg 300w, https:\/\/www.lettersign.top\/wp-content\/uploads\/2022\/11\/Custom-Vintage-Style-Faux-Neon-Light-Led-Store-Signage-Letters-Retail-Sign-150x150.jpg 150w, https:\/\/www.lettersign.top\/wp-content\/uploads\/2022\/11\/Custom-Vintage-Style-Faux-Neon-Light-Led-Store-Signage-Letters-Retail-Sign-768x768.jpg 768w\" sizes=\"auto, (max-width: 800px) 100vw, 800px\" \/><p id=\"caption-attachment-3624\" class=\"wp-caption-text\">Sinaliza\u00e7\u00e3o de loja vintage personalizada com luz de n\u00e9on artificial Letras de canal de acr\u00edlico Letras de loja de varejo<\/p><\/div>\n<p><img loading=\"lazy\" decoding=\"async\" class=\"size-full wp-image-3626 alignleft\" src=\"http:\/\/www.lettersign.top\/wp-content\/uploads\/2022\/11\/Custom-Vintage-Style-Faux-Neon-Light-Led-Store-Signage-Letters-Retail-Sign-2.jpg\" alt=\"\" width=\"800\" height=\"800\" srcset=\"https:\/\/www.lettersign.top\/wp-content\/uploads\/2022\/11\/Custom-Vintage-Style-Faux-Neon-Light-Led-Store-Signage-Letters-Retail-Sign-2.jpg 800w, https:\/\/www.lettersign.top\/wp-content\/uploads\/2022\/11\/Custom-Vintage-Style-Faux-Neon-Light-Led-Store-Signage-Letters-Retail-Sign-2-500x500.jpg 500w, https:\/\/www.lettersign.top\/wp-content\/uploads\/2022\/11\/Custom-Vintage-Style-Faux-Neon-Light-Led-Store-Signage-Letters-Retail-Sign-2-100x100.jpg 100w, https:\/\/www.lettersign.top\/wp-content\/uploads\/2022\/11\/Custom-Vintage-Style-Faux-Neon-Light-Led-Store-Signage-Letters-Retail-Sign-2-700x700.jpg 700w, https:\/\/www.lettersign.top\/wp-content\/uploads\/2022\/11\/Custom-Vintage-Style-Faux-Neon-Light-Led-Store-Signage-Letters-Retail-Sign-2-300x300.jpg 300w, https:\/\/www.lettersign.top\/wp-content\/uploads\/2022\/11\/Custom-Vintage-Style-Faux-Neon-Light-Led-Store-Signage-Letters-Retail-Sign-2-150x150.jpg 150w, https:\/\/www.lettersign.top\/wp-content\/uploads\/2022\/11\/Custom-Vintage-Style-Faux-Neon-Light-Led-Store-Signage-Letters-Retail-Sign-2-768x768.jpg 768w\" sizes=\"auto, (max-width: 800px) 100vw, 800px\" \/> <img loading=\"lazy\" decoding=\"async\" class=\"size-full wp-image-3499 alignleft\" src=\"http:\/\/www.lettersign.top\/wp-content\/uploads\/2022\/07\/%E5%BE%AE%E4%BF%A1%E6%88%AA%E5%9B%BE_20220712094357.png\" alt=\"\" width=\"814\" height=\"795\"><\/p>\n","protected":false},"excerpt":{"rendered":"[ninja_form id=1]\n","protected":false},"featured_media":4586,"template":"","meta":{"_seopress_robots_primary_cat":"","_seopress_titles_title":"","_seopress_titles_desc":"","_seopress_robots_index":""},"product_brand":[],"product_cat":[187],"product_tag":[258,243,209],"class_list":{"0":"post-4988","1":"product","2":"type-product","3":"status-publish","4":"has-post-thumbnail","6":"product_cat-sinal-de-letra","7":"product_tag-cartas","8":"product_tag-letra-do-canal","9":"product_tag-sinal-de-carta","11":"first","12":"instock","13":"shipping-taxable","14":"product-type-simple"},"_links":{"self":[{"href":"https:\/\/www.lettersign.top\/pt-pt\/wp-json\/wp\/v2\/product\/4988","targetHints":{"allow":["GET"]}}],"collection":[{"href":"https:\/\/www.lettersign.top\/pt-pt\/wp-json\/wp\/v2\/product"}],"about":[{"href":"https:\/\/www.lettersign.top\/pt-pt\/wp-json\/wp\/v2\/types\/product"}],"wp:featuredmedia":[{"embeddable":true,"href":"https:\/\/www.lettersign.top\/pt-pt\/wp-json\/wp\/v2\/media\/4586"}],"wp:attachment":[{"href":"https:\/\/www.lettersign.top\/pt-pt\/wp-json\/wp\/v2\/media?parent=4988"}],"wp:term":[{"taxonomy":"product_brand","embeddable":true,"href":"https:\/\/www.lettersign.top\/pt-pt\/wp-json\/wp\/v2\/product_brand?post=4988"},{"taxonomy":"product_cat","embeddable":true,"href":"https:\/\/www.lettersign.top\/pt-pt\/wp-json\/wp\/v2\/product_cat?post=4988"},{"taxonomy":"product_tag","embeddable":true,"href":"https:\/\/www.lettersign.top\/pt-pt\/wp-json\/wp\/v2\/product_tag?post=4988"}],"curies":[{"name":"wp","href":"https:\/\/api.w.org\/{rel}","templated":true}]}}