{"id":5043,"date":"2022-07-12T02:02:13","date_gmt":"2022-07-12T02:02:13","guid":{"rendered":"https:\/\/www.lettersign.top\/p\/frente-de-loja-personalizada-ao-ar-livre-retroiluminado-led-carta-letra-publicidade-canal-letras-sinalizacao-loja-canal-carta-led-letreiro-neon\/"},"modified":"2022-07-12T02:02:13","modified_gmt":"2022-07-12T02:02:13","slug":"custom-store-front-outdoor-backlit-led-letra-sinal-publicidade-canal-letras-loja-sinalizacao-canal-letra-led-neon-sinal","status":"publish","type":"product","link":"https:\/\/www.lettersign.top\/pt-pt\/p\/custom-store-front-outdoor-backlit-led-letra-sinal-publicidade-canal-letras-loja-sinalizacao-canal-letra-led-neon-sinal\/","title":{"rendered":"Frente de loja personalizada ao ar livre Retroiluminado Led Carta Letra Publicidade Canal Letras Sinaliza\u00e7\u00e3o loja canal carta led letreiro neon"},"content":{"rendered":"<div>Frente de loja personalizada ao ar livre Retroiluminado Led Carta Letra Publicidade Canal Letras Sinaliza\u00e7\u00e3o loja canal carta led letreiro neon<\/div>\n<div><\/div>\n<div class=\"do-entry-title\">Detalhes r\u00e1pidos<\/div>\n<div class=\"do-entry-list\">\n<dl class=\"do-entry-item\">\n<dt class=\"do-entry-item\"><span class=\"attr-name J-attr-name\" title=\"Tipo\">Tipo: Letreiro iluminado de led acr\u00edlico stand up<\/span><\/dt>\n<\/dl>\n<dl class=\"do-entry-item\">\n<dt class=\"do-entry-item\"><span class=\"attr-name J-attr-name\" title=\"Lugar de origem\">Local de Origem: Shanghai, China Material: Acr\u00edlico, Acr\u00edlico + A\u00e7o Inoxid\u00e1vel<\/span><\/dt>\n<\/dl>\n<dl class=\"do-entry-item\">\n<dt class=\"do-entry-item\"><span class=\"attr-name J-attr-name\" title=\"Fonte de luz\">Fonte de luz: tiras de LED Fonte de alimenta\u00e7\u00e3o: adaptador, transformador<\/span><\/dt>\n<\/dl>\n<dl class=\"do-entry-item\">\n<dt class=\"do-entry-item\"><span class=\"attr-name J-attr-name\" title=\"Tens\u00e3o de entrada\">Tens\u00e3o de entrada: 12 V Temperatura de trabalho: 60 \u2103<\/span><\/dt>\n<\/dl>\n<dl class=\"do-entry-item\">\n<dt class=\"do-entry-item\"><span class=\"attr-name J-attr-name\" title=\"Vida \u00fatil de trabalho\">Working Lifetime: <\/span>50000 hours Warranty: 3 Years<\/dt>\n<\/dl>\n<dl class=\"do-entry-item\">\n<dt class=\"do-entry-item\"><span class=\"attr-name J-attr-name\" title=\"Forma de instala\u00e7\u00e3o\">Modo de instala\u00e7\u00e3o: Montado na parede Uso: Decora\u00e7\u00e3o<\/span><\/dt>\n<\/dl>\n<dl class=\"do-entry-item\">\n<dt class=\"do-entry-item\"><span class=\"attr-name J-attr-name\" title=\"Locais de aplica\u00e7\u00e3o\">Locais de aplica\u00e7\u00e3o: Edif\u00edcios, lojas, bares, esta\u00e7\u00f5es de \u00f4nibus, hospitais, shoppings, empresas, parques, escrit\u00f3rios, hot\u00e9is, eventos e festas<\/span><\/dt>\n<\/dl>\n<dl class=\"do-entry-item\">\n<dt class=\"do-entry-item\"><span class=\"attr-name J-attr-name\" title=\"Nome do item\">Nome do item: placa iluminada led stand up de acr\u00edlico<\/span><\/dt>\n<\/dl>\n<dl class=\"do-entry-item\">\n<dt class=\"do-entry-item\"><span class=\"attr-name J-attr-name\" title=\"Aplicativo\">Aplica\u00e7\u00e3o: interior e exterior<\/span><\/dt>\n<\/dl>\n<dl class=\"do-entry-item\">\n<dt class=\"do-entry-item\"><span class=\"attr-name J-attr-name\" title=\"Cor\">Cor: Cor personalizada<\/span><\/dt>\n<\/dl>\n<dl class=\"do-entry-item\">\n<dt class=\"do-entry-item\"><span class=\"attr-name J-attr-name\" title=\"Forma\">Forma: forma personalizada<\/span><\/dt>\n<\/dl>\n<dl class=\"do-entry-item\">\n<dt class=\"do-entry-item\"><span class=\"attr-name J-attr-name\" title=\"Tamanho\">Tamanho:Tamanho personalizado<\/span><\/dt>\n<\/dl>\n<dl class=\"do-entry-item\">\n<dt class=\"do-entry-item\"><span class=\"attr-name J-attr-name\" title=\"MOQ\">MOQ: <\/span>1 Set<\/dt>\n<\/dl>\n<dl class=\"do-entry-item\">\n<dt class=\"do-entry-item\"><span class=\"attr-name J-attr-name\" title=\"Embalagem\">Embalagem: embalagem de madeira<\/span><\/dt>\n<\/dl>\n<dl class=\"do-entry-item\">\n<dt class=\"do-entry-item\"><span class=\"attr-name J-attr-name\" title=\"Estilo\">Estilo: Morden<\/span><\/dt>\n<\/dl>\n<dl class=\"do-entry-item\" data-spm-anchor-id=\"a2700.details.0.i33.3e3457d9TEdANS\">\n<dt class=\"do-entry-item\"><span class=\"attr-name J-attr-name\" title=\"Recurso\">Caracter\u00edstica:Baixo consumo<\/span><\/dt>\n<\/dl>\n<table class=\"all magic-11\">\n<tbody>\n<tr>\n<td colspan=\"1\" rowspan=\"1\">\n<div class=\"magic-12\"><b>Item<\/b><\/div>\n<\/td>\n<td colspan=\"1\" rowspan=\"1\">\n<div class=\"magic-13\"> Letreiro Iluminado Led Stand Up Acr\u00edlico<\/div>\n<\/td>\n<\/tr>\n<tr>\n<td colspan=\"1\" rowspan=\"1\">\n<div class=\"magic-12\"><b>Emitindo cor<\/b><\/div>\n<\/td>\n<td colspan=\"1\" rowspan=\"1\">\n<div class=\"magic-13\">Customiz\u00e1vel<\/div>\n<\/td>\n<\/tr>\n<tr>\n<td colspan=\"1\" rowspan=\"1\">\n<div class=\"magic-12\"><b>Formato da Placa Traseira<\/b><\/div>\n<\/td>\n<td colspan=\"1\" rowspan=\"1\">\n<div class=\"magic-13\">Customiz\u00e1vel<\/div>\n<\/td>\n<\/tr>\n<tr>\n<td colspan=\"1\" rowspan=\"1\">\n<div class=\"magic-12\"><b>Tamanho<\/b><\/div>\n<\/td>\n<td colspan=\"1\" rowspan=\"1\">\n<div class=\"magic-13\">Customiz\u00e1vel<\/div>\n<\/td>\n<\/tr>\n<tr>\n<td colspan=\"1\" rowspan=\"1\">\n<div class=\"magic-12\"><b>material<\/b><\/div>\n<\/td>\n<td colspan=\"1\" rowspan=\"1\">\n<div class=\"magic-13\">Acr\u00edlico + A\u00e7o Inoxid\u00e1vel<\/div>\n<\/td>\n<\/tr>\n<tr>\n<td colspan=\"1\" rowspan=\"1\">\n<div class=\"magic-12\"><b>M\u00e9todo de instala\u00e7\u00e3o<\/b><\/div>\n<\/td>\n<td colspan=\"1\" rowspan=\"1\">\n<div class=\"magic-13\">CE\/ROHS<\/div>\n<\/td>\n<\/tr>\n<tr>\n<td colspan=\"1\" rowspan=\"1\">\n<div class=\"magic-12\"><b>Envio<\/b><\/div>\n<\/td>\n<td colspan=\"1\" rowspan=\"1\">\n<div class=\"magic-13\">Por via a\u00e9rea\/mar\u00edtima\/expressa (UPS,DHL,Fedex etc.)<\/div>\n<\/td>\n<\/tr>\n<tr>\n<td colspan=\"1\" rowspan=\"1\">\n<div class=\"magic-12\"><b>Tempo de espera<\/b><\/div>\n<\/td>\n<td colspan=\"1\" rowspan=\"1\">\n<div class=\"magic-13\">Geralmente 7 dias \u00fateis, o tempo real \u00e9 baseado no design e na quantidade.<\/div>\n<\/td>\n<\/tr>\n<tr>\n<td colspan=\"1\" rowspan=\"1\">\n<div class=\"magic-12\"><b>Certifica\u00e7\u00e3o<\/b><\/div>\n<\/td>\n<td colspan=\"1\" rowspan=\"1\">\n<div class=\"magic-13\">Certifica\u00e7\u00e3o CE de LED e transformador.<\/div>\n<\/td>\n<\/tr>\n<tr>\n<td colspan=\"1\" rowspan=\"1\">\n<div class=\"magic-12\"><b>Pacote<\/b><\/div>\n<\/td>\n<td colspan=\"1\" rowspan=\"1\">\n<div class=\"magic-13\" data-spm-anchor-id=\"a2700.details.0.i34.3e3457d9TEdANS\">Interior \u00e9 papel bolha e espuma, exterior embalado \u00e9 caixa de madeira.<\/div>\n<\/td>\n<\/tr>\n<\/tbody>\n<\/table>\n<div><\/div>\n<div id=\"attachment_3504\" style=\"width: 730px\" class=\"wp-caption alignleft\"><img loading=\"lazy\" decoding=\"async\" aria-describedby=\"caption-attachment-3504\" class=\"size-full wp-image-3504\" src=\"http:\/\/www.lettersign.top\/wp-content\/uploads\/2022\/07\/Custom-Store-Front-Outdoor-Backlit-Led-Letter-Sign-Channel-Letters-for-Shop-Signs-channel-letter-led-neon-sign.jpg\" alt=\"Frente de loja personalizada ao ar livre Retroiluminado Led Carta Letra Publicidade Canal Letras Sinaliza\u00e7\u00e3o loja canal carta led letreiro neon\" width=\"720\" height=\"720\" srcset=\"https:\/\/www.lettersign.top\/wp-content\/uploads\/2022\/07\/Custom-Store-Front-Outdoor-Backlit-Led-Letter-Sign-Channel-Letters-for-Shop-Signs-channel-letter-led-neon-sign.jpg 720w, https:\/\/www.lettersign.top\/wp-content\/uploads\/2022\/07\/Custom-Store-Front-Outdoor-Backlit-Led-Letter-Sign-Channel-Letters-for-Shop-Signs-channel-letter-led-neon-sign-500x500.jpg 500w, https:\/\/www.lettersign.top\/wp-content\/uploads\/2022\/07\/Custom-Store-Front-Outdoor-Backlit-Led-Letter-Sign-Channel-Letters-for-Shop-Signs-channel-letter-led-neon-sign-100x100.jpg 100w, https:\/\/www.lettersign.top\/wp-content\/uploads\/2022\/07\/Custom-Store-Front-Outdoor-Backlit-Led-Letter-Sign-Channel-Letters-for-Shop-Signs-channel-letter-led-neon-sign-700x700.jpg 700w, https:\/\/www.lettersign.top\/wp-content\/uploads\/2022\/07\/Custom-Store-Front-Outdoor-Backlit-Led-Letter-Sign-Channel-Letters-for-Shop-Signs-channel-letter-led-neon-sign-300x300.jpg 300w, https:\/\/www.lettersign.top\/wp-content\/uploads\/2022\/07\/Custom-Store-Front-Outdoor-Backlit-Led-Letter-Sign-Channel-Letters-for-Shop-Signs-channel-letter-led-neon-sign-150x150.jpg 150w, https:\/\/www.lettersign.top\/wp-content\/uploads\/2022\/07\/Custom-Store-Front-Outdoor-Backlit-Led-Letter-Sign-Channel-Letters-for-Shop-Signs-channel-letter-led-neon-sign-600x600.jpg 600w\" sizes=\"auto, (max-width: 720px) 100vw, 720px\" \/><p id=\"caption-attachment-3504\" class=\"wp-caption-text\">Frente de loja personalizada ao ar livre Retroiluminado Led Carta Letra Publicidade Canal Letras Sinaliza\u00e7\u00e3o loja canal carta led letreiro neon<\/p><\/div>\n<p><img loading=\"lazy\" decoding=\"async\" class=\"size-full wp-image-3505 alignleft\" src=\"http:\/\/www.lettersign.top\/wp-content\/uploads\/2022\/07\/Custom-Store-Front-Outdoor-Backlit-Led-Letter-Sign-Channel-Letters-for-Shop-Signs-channel-letter-led-neon-sign-1.jpg\" alt=\"\" width=\"720\" height=\"720\" srcset=\"https:\/\/www.lettersign.top\/wp-content\/uploads\/2022\/07\/Custom-Store-Front-Outdoor-Backlit-Led-Letter-Sign-Channel-Letters-for-Shop-Signs-channel-letter-led-neon-sign-1.jpg 720w, https:\/\/www.lettersign.top\/wp-content\/uploads\/2022\/07\/Custom-Store-Front-Outdoor-Backlit-Led-Letter-Sign-Channel-Letters-for-Shop-Signs-channel-letter-led-neon-sign-1-500x500.jpg 500w, https:\/\/www.lettersign.top\/wp-content\/uploads\/2022\/07\/Custom-Store-Front-Outdoor-Backlit-Led-Letter-Sign-Channel-Letters-for-Shop-Signs-channel-letter-led-neon-sign-1-100x100.jpg 100w, https:\/\/www.lettersign.top\/wp-content\/uploads\/2022\/07\/Custom-Store-Front-Outdoor-Backlit-Led-Letter-Sign-Channel-Letters-for-Shop-Signs-channel-letter-led-neon-sign-1-700x700.jpg 700w, https:\/\/www.lettersign.top\/wp-content\/uploads\/2022\/07\/Custom-Store-Front-Outdoor-Backlit-Led-Letter-Sign-Channel-Letters-for-Shop-Signs-channel-letter-led-neon-sign-1-300x300.jpg 300w, https:\/\/www.lettersign.top\/wp-content\/uploads\/2022\/07\/Custom-Store-Front-Outdoor-Backlit-Led-Letter-Sign-Channel-Letters-for-Shop-Signs-channel-letter-led-neon-sign-1-150x150.jpg 150w, https:\/\/www.lettersign.top\/wp-content\/uploads\/2022\/07\/Custom-Store-Front-Outdoor-Backlit-Led-Letter-Sign-Channel-Letters-for-Shop-Signs-channel-letter-led-neon-sign-1-600x600.jpg 600w\" sizes=\"auto, (max-width: 720px) 100vw, 720px\" \/><\/p>\n<p><img loading=\"lazy\" decoding=\"async\" class=\"size-full wp-image-3506 alignleft\" src=\"http:\/\/www.lettersign.top\/wp-content\/uploads\/2022\/07\/Custom-Store-Front-Outdoor-Backlit-Led-Letter-Sign-Channel-Letters-for-Shop-Signs-channel-letter-led-neon-sign-2.jpg\" alt=\"\" width=\"720\" height=\"720\" srcset=\"https:\/\/www.lettersign.top\/wp-content\/uploads\/2022\/07\/Custom-Store-Front-Outdoor-Backlit-Led-Letter-Sign-Channel-Letters-for-Shop-Signs-channel-letter-led-neon-sign-2.jpg 720w, https:\/\/www.lettersign.top\/wp-content\/uploads\/2022\/07\/Custom-Store-Front-Outdoor-Backlit-Led-Letter-Sign-Channel-Letters-for-Shop-Signs-channel-letter-led-neon-sign-2-500x500.jpg 500w, https:\/\/www.lettersign.top\/wp-content\/uploads\/2022\/07\/Custom-Store-Front-Outdoor-Backlit-Led-Letter-Sign-Channel-Letters-for-Shop-Signs-channel-letter-led-neon-sign-2-100x100.jpg 100w, https:\/\/www.lettersign.top\/wp-content\/uploads\/2022\/07\/Custom-Store-Front-Outdoor-Backlit-Led-Letter-Sign-Channel-Letters-for-Shop-Signs-channel-letter-led-neon-sign-2-700x700.jpg 700w, https:\/\/www.lettersign.top\/wp-content\/uploads\/2022\/07\/Custom-Store-Front-Outdoor-Backlit-Led-Letter-Sign-Channel-Letters-for-Shop-Signs-channel-letter-led-neon-sign-2-300x300.jpg 300w, https:\/\/www.lettersign.top\/wp-content\/uploads\/2022\/07\/Custom-Store-Front-Outdoor-Backlit-Led-Letter-Sign-Channel-Letters-for-Shop-Signs-channel-letter-led-neon-sign-2-150x150.jpg 150w, https:\/\/www.lettersign.top\/wp-content\/uploads\/2022\/07\/Custom-Store-Front-Outdoor-Backlit-Led-Letter-Sign-Channel-Letters-for-Shop-Signs-channel-letter-led-neon-sign-2-600x600.jpg 600w\" sizes=\"auto, (max-width: 720px) 100vw, 720px\" \/><\/p>\n<p>&nbsp;<\/p>\n<p><img loading=\"lazy\" decoding=\"async\" class=\"size-full wp-image-3499 alignleft\" src=\"http:\/\/www.lettersign.top\/wp-content\/uploads\/2022\/07\/%E5%BE%AE%E4%BF%A1%E6%88%AA%E5%9B%BE_20220712094357.png\" alt=\"\" width=\"814\" height=\"795\"><\/p>\n<\/div>\n","protected":false},"excerpt":{"rendered":"[ninja_form id=1]\n","protected":false},"featured_media":4382,"template":"","meta":{"_seopress_robots_primary_cat":"","_seopress_titles_title":"","_seopress_titles_desc":"","_seopress_robots_index":""},"product_brand":[],"product_cat":[187],"product_tag":[215,209,299],"class_list":{"0":"post-5043","1":"product","2":"type-product","3":"status-publish","4":"has-post-thumbnail","6":"product_cat-sinal-de-letra","7":"product_tag-letra-acrilica","8":"product_tag-sinal-de-carta","9":"product_tag-sinalizacao-de-loja","11":"first","12":"instock","13":"shipping-taxable","14":"product-type-simple"},"_links":{"self":[{"href":"https:\/\/www.lettersign.top\/pt-pt\/wp-json\/wp\/v2\/product\/5043","targetHints":{"allow":["GET"]}}],"collection":[{"href":"https:\/\/www.lettersign.top\/pt-pt\/wp-json\/wp\/v2\/product"}],"about":[{"href":"https:\/\/www.lettersign.top\/pt-pt\/wp-json\/wp\/v2\/types\/product"}],"wp:featuredmedia":[{"embeddable":true,"href":"https:\/\/www.lettersign.top\/pt-pt\/wp-json\/wp\/v2\/media\/4382"}],"wp:attachment":[{"href":"https:\/\/www.lettersign.top\/pt-pt\/wp-json\/wp\/v2\/media?parent=5043"}],"wp:term":[{"taxonomy":"product_brand","embeddable":true,"href":"https:\/\/www.lettersign.top\/pt-pt\/wp-json\/wp\/v2\/product_brand?post=5043"},{"taxonomy":"product_cat","embeddable":true,"href":"https:\/\/www.lettersign.top\/pt-pt\/wp-json\/wp\/v2\/product_cat?post=5043"},{"taxonomy":"product_tag","embeddable":true,"href":"https:\/\/www.lettersign.top\/pt-pt\/wp-json\/wp\/v2\/product_tag?post=5043"}],"curies":[{"name":"wp","href":"https:\/\/api.w.org\/{rel}","templated":true}]}}