{"id":5155,"date":"2023-09-06T07:51:21","date_gmt":"2023-09-06T07:51:21","guid":{"rendered":"https:\/\/www.lettersign.top\/p\/placa-de-identificacao-de-metal-de-aluminio-de-aco-inoxidavel-do-emblema-do-oem-da-gravacao-do-logotipo-personalizado\/"},"modified":"2023-09-06T07:51:21","modified_gmt":"2023-09-06T07:51:21","slug":"logotipo-personalizado-gravacao-oem-cracha-emblema-aco-inoxidavel-aluminio-metal-placa-de-identificacao","status":"publish","type":"product","link":"https:\/\/www.lettersign.top\/pt-pt\/p\/logotipo-personalizado-gravacao-oem-cracha-emblema-aco-inoxidavel-aluminio-metal-placa-de-identificacao\/","title":{"rendered":"Placa de identifica\u00e7\u00e3o de metal de alum\u00ednio de a\u00e7o inoxid\u00e1vel do emblema do OEM da grava\u00e7\u00e3o do logotipo personalizado"},"content":{"rendered":"<p>Atacado logotipo personalizado gravado OEM emblema de a\u00e7o inoxid\u00e1vel placa de identifica\u00e7\u00e3o de metal de alum\u00ednio, nossas placas de identifica\u00e7\u00e3o de metal comercial s\u00e3o oferecidas em uma variedade de tipos de a\u00e7o inoxid\u00e1vel, bem como alum\u00ednio, podemos gravar a laser, gravar rotativamente, gravar \u00e1cido e etiquetas de impress\u00e3o de tela de acordo com suas especifica\u00e7\u00f5es .<\/p>\n<table style=\"height: 480px;\" width=\"1312\">\n<tbody>\n<tr>\n<td>\n<div><strong>Nome do Produto<\/strong><\/div>\n<\/td>\n<td colspan=\"3\">Placas de identifica\u00e7\u00e3o de alum\u00ednio anodizado, placas de identifica\u00e7\u00e3o industriais, placas de mesa<\/td>\n<\/tr>\n<tr>\n<td>\n<div><strong>Material<\/strong><\/div>\n<\/td>\n<td colspan=\"3\">\n<div>\n<div>Alum\u00ednio, a\u00e7o inoxid\u00e1vel, folha, acr\u00edlico, pl\u00e1stico, PC, PET, bronze, lat\u00e3o ou outro metal<\/div>\n<\/div>\n<\/td>\n<\/tr>\n<tr>\n<td>\n<div><strong>Espessura do material<\/strong><\/div>\n<\/td>\n<td colspan=\"3\">\n<div>Espessuras personalizadas variando de 0,1 mm, 0,5 mm, 0,8 mm, 1 mm, 1,5 mm a 3 mm.<\/div>\n<\/td>\n<\/tr>\n<tr>\n<td>\n<div><strong>Tamanho m\u00e1ximo<\/strong><\/div>\n<\/td>\n<td colspan=\"3\">\n<div>Tamanho m\u00e1ximo de 25&#8243; x 25&#8243; para grava\u00e7\u00e3o e preenchimento<\/div>\n<\/td>\n<\/tr>\n<tr>\n<td>\n<div><strong>Colora\u00e7\u00e3o<\/strong><\/div>\n<\/td>\n<td colspan=\"3\">\n<div>Pantone, CMYK, cores personalizadas<\/div>\n<\/td>\n<\/tr>\n<tr>\n<td>\n<div><strong>Fixa\u00e7\u00e3o<\/strong><\/div>\n<\/td>\n<td colspan=\"3\">\n<div>Fixador mec\u00e2nico, furos ou m\u00e9todos de fixa\u00e7\u00e3o adesiva<\/div>\n<\/td>\n<\/tr>\n<tr>\n<td>\n<div><strong>Numera\u00e7\u00e3o de s\u00e9rie<\/strong><\/div>\n<\/td>\n<td colspan=\"3\">\n<div>N\u00fameros de s\u00e9rie ou c\u00f3digos de barras impressos, carimbados ou gravados a laser<\/div>\n<\/td>\n<\/tr>\n<tr>\n<td>\n<div><strong>Fabrica\u00e7\u00e3o<\/strong><\/div>\n<\/td>\n<td colspan=\"3\">\n<div>\n<div>Ferramentas personalizadas, CNC, cisalhamento, corte a laser, gravado<\/div>\n<\/div>\n<\/td>\n<\/tr>\n<tr>\n<td>\n<div><strong>Durabilidade<\/strong><\/div>\n<\/td>\n<td colspan=\"3\">\n<div>\n<div>Durabilidade Suporta ambientes adversos, durabilidade m\u00ednima em ambientes externos de 3 a 7 anos<\/div>\n<\/div>\n<\/td>\n<\/tr>\n<tr>\n<td>\n<div><strong>Tempo de produ\u00e7\u00e3o<\/strong><\/div>\n<\/td>\n<td colspan=\"3\">\n<div>3-7 dias \u00fateis para o mesmo, 7-15 dias \u00fateis para produ\u00e7\u00e3o em massa<\/div>\n<\/td>\n<\/tr>\n<tr>\n<td>\n<div><strong>Entrega<\/strong><\/div>\n<\/td>\n<td colspan=\"3\">\n<div data-spm-anchor-id=\"a2700.details.0.i33.2b127c03K3RhOl\">Entregue por frete a\u00e9reo com 1-5 dias \u00fateis, por mar para grandes mercadorias pesadas 30 dias<\/div>\n<\/td>\n<\/tr>\n<\/tbody>\n<\/table>\n<div><\/div>\n<div id=\"attachment_5150\" style=\"width: 849px\" class=\"wp-caption aligncenter\"><img loading=\"lazy\" decoding=\"async\" aria-describedby=\"caption-attachment-5150\" class=\"size-full wp-image-5150\" src=\"http:\/\/www.lettersign.top\/wp-content\/uploads\/2023\/09\/nameplate_20230906154118.jpg\" alt=\"Placa de identifica\u00e7\u00e3o de metal de alum\u00ednio de a\u00e7o inoxid\u00e1vel do emblema do OEM da grava\u00e7\u00e3o do logotipo personalizado\" width=\"839\" height=\"638\" srcset=\"https:\/\/www.lettersign.top\/wp-content\/uploads\/2023\/09\/nameplate_20230906154118.jpg 839w, https:\/\/www.lettersign.top\/wp-content\/uploads\/2023\/09\/nameplate_20230906154118-500x380.jpg 500w, https:\/\/www.lettersign.top\/wp-content\/uploads\/2023\/09\/nameplate_20230906154118-700x532.jpg 700w, https:\/\/www.lettersign.top\/wp-content\/uploads\/2023\/09\/nameplate_20230906154118-300x228.jpg 300w, https:\/\/www.lettersign.top\/wp-content\/uploads\/2023\/09\/nameplate_20230906154118-768x584.jpg 768w\" sizes=\"auto, (max-width: 839px) 100vw, 839px\" \/><p id=\"caption-attachment-5150\" class=\"wp-caption-text\">Placa de identifica\u00e7\u00e3o de metal de alum\u00ednio de a\u00e7o inoxid\u00e1vel do emblema do OEM da grava\u00e7\u00e3o do logotipo personalizado<\/p><\/div>\n<h3>BENEF\u00cdCIOS DAS PLACAS DE ALUM\u00cdNIO ANODIZADAS<\/h3>\n<ul>\n<li>Excelente resist\u00eancia \u00e0 abras\u00e3o, produtos qu\u00edmicos, solventes e temperaturas extremas<\/li>\n<li>As placas de identifica\u00e7\u00e3o s\u00e3o fabricadas de acordo com suas especifica\u00e7\u00f5es exatas<\/li>\n<li>Os gr\u00e1ficos s\u00e3o impressos em tela e selados sob a camada an\u00f3dica para maior durabilidade<\/li>\n<li>A vida exterior de at\u00e9 10 anos pode ser esperada para gr\u00e1ficos pretos<\/li>\n<li data-spm-anchor-id=\"a2700.details.0.i36.2b127c03K3RhOl\">Adesivos\/furos de alto desempenho est\u00e3o dispon\u00edveis para fixa\u00e7\u00e3o mec\u00e2nica<\/li>\n<\/ul>\n","protected":false},"excerpt":{"rendered":"[ninja_form id=\"1\"]\n","protected":false},"featured_media":5136,"template":"","meta":{"_seopress_robots_primary_cat":"","_seopress_titles_title":"","_seopress_titles_desc":"","_seopress_robots_index":""},"product_brand":[],"product_cat":[189],"product_tag":[311,312],"class_list":{"0":"post-5155","1":"product","2":"type-product","3":"status-publish","4":"has-post-thumbnail","6":"product_cat-distintivo-emblema-adesivo","7":"product_tag-distintivo-pt-pt","8":"product_tag-placa-de-identificacao","10":"first","11":"instock","12":"shipping-taxable","13":"product-type-simple"},"_links":{"self":[{"href":"https:\/\/www.lettersign.top\/pt-pt\/wp-json\/wp\/v2\/product\/5155","targetHints":{"allow":["GET"]}}],"collection":[{"href":"https:\/\/www.lettersign.top\/pt-pt\/wp-json\/wp\/v2\/product"}],"about":[{"href":"https:\/\/www.lettersign.top\/pt-pt\/wp-json\/wp\/v2\/types\/product"}],"wp:featuredmedia":[{"embeddable":true,"href":"https:\/\/www.lettersign.top\/pt-pt\/wp-json\/wp\/v2\/media\/5136"}],"wp:attachment":[{"href":"https:\/\/www.lettersign.top\/pt-pt\/wp-json\/wp\/v2\/media?parent=5155"}],"wp:term":[{"taxonomy":"product_brand","embeddable":true,"href":"https:\/\/www.lettersign.top\/pt-pt\/wp-json\/wp\/v2\/product_brand?post=5155"},{"taxonomy":"product_cat","embeddable":true,"href":"https:\/\/www.lettersign.top\/pt-pt\/wp-json\/wp\/v2\/product_cat?post=5155"},{"taxonomy":"product_tag","embeddable":true,"href":"https:\/\/www.lettersign.top\/pt-pt\/wp-json\/wp\/v2\/product_tag?post=5155"}],"curies":[{"name":"wp","href":"https:\/\/api.w.org\/{rel}","templated":true}]}}