{"id":5208,"date":"2023-10-05T02:15:11","date_gmt":"2023-10-05T02:15:11","guid":{"rendered":"https:\/\/www.lettersign.top\/p\/emblema-de-carro-de-jipe-de-plastico-abs-personalizado-metal-liga-de-zinco-adesivo-forte-3d-adesivo-de-emblema-de-logotipo-automatico\/"},"modified":"2023-10-05T02:15:11","modified_gmt":"2023-10-05T02:15:11","slug":"personalizado-abs-plastico-jeep-carro-emblema-metal-zinco-liga-3d-adesivo-forte-auto-logotipo-emblema-adesivo","status":"publish","type":"product","link":"https:\/\/www.lettersign.top\/pt-pt\/p\/personalizado-abs-plastico-jeep-carro-emblema-metal-zinco-liga-3d-adesivo-forte-auto-logotipo-emblema-adesivo\/","title":{"rendered":"Emblema de carro de jipe de pl\u00e1stico ABS personalizado metal liga de zinco adesivo forte 3D adesivo de emblema de logotipo autom\u00e1tico"},"content":{"rendered":"<p><strong>Emblema de carro jeep de pl\u00e1stico abs personalizado, emblema de carta cromada, liga de zinco de metal, adesivo forte 3d, logotipo autom\u00e1tico, adesivo de emblema, atacado<\/strong><\/p>\n<table class=\"has-title all magic-1\" style=\"height: 600px;\" width=\"1169\">\n<tbody>\n<tr>\n<td colspan=\"1\" rowspan=\"1\">\n<div class=\"magic-2\">Tipo<\/div>\n<\/td>\n<td colspan=\"1\" rowspan=\"1\">\n<div class=\"magic-3\">Carta<\/div>\n<\/td>\n<\/tr>\n<tr>\n<td colspan=\"1\" rowspan=\"1\">\n<div class=\"magic-2\">Usar<\/div>\n<\/td>\n<td colspan=\"1\" rowspan=\"1\">\n<div class=\"magic-3\">Adesivos corporais<\/div>\n<\/td>\n<\/tr>\n<tr>\n<td colspan=\"1\" rowspan=\"1\">\n<div class=\"magic-2\">Material<\/div>\n<\/td>\n<td colspan=\"1\" rowspan=\"1\">\n<div class=\"magic-3\">ABS, Metal<\/div>\n<\/td>\n<\/tr>\n<tr>\n<td colspan=\"1\" rowspan=\"1\">\n<div class=\"magic-2\">Lugar de origem<\/div>\n<\/td>\n<td colspan=\"1\" rowspan=\"1\">\n<div class=\"magic-3\">China<\/div>\n<\/td>\n<\/tr>\n<tr>\n<td colspan=\"1\" rowspan=\"1\">\n<div class=\"magic-2\">garantia<\/div>\n<\/td>\n<td colspan=\"1\" rowspan=\"1\">\n<div class=\"magic-3\">3 anos<\/div>\n<\/td>\n<\/tr>\n<tr>\n<td colspan=\"1\" rowspan=\"1\">\n<div class=\"magic-2\">Nome do Produto<\/div>\n<\/td>\n<td colspan=\"1\" rowspan=\"1\">\n<div class=\"magic-3\">crach\u00e1 de carro ABS personalizado<\/div>\n<\/td>\n<\/tr>\n<tr>\n<td colspan=\"1\" rowspan=\"1\">\n<div class=\"magic-2\">MOQ<\/div>\n<\/td>\n<td colspan=\"1\" rowspan=\"1\">\n<div class=\"magic-3\">100-1000pe\u00e7as<\/div>\n<\/td>\n<\/tr>\n<tr>\n<td colspan=\"1\" rowspan=\"1\">\n<div class=\"magic-2\">Fita traseira<\/div>\n<\/td>\n<td colspan=\"1\" rowspan=\"1\">\n<div class=\"magic-3\">Fita 3M<\/div>\n<\/td>\n<\/tr>\n<tr>\n<td colspan=\"1\" rowspan=\"1\">\n<div class=\"magic-2\">Aplicativo<\/div>\n<\/td>\n<td colspan=\"1\" rowspan=\"1\">\n<div class=\"magic-3\">Decora\u00e7\u00e3o de carro<\/div>\n<\/td>\n<\/tr>\n<tr>\n<td colspan=\"1\" rowspan=\"1\">\n<div class=\"magic-2\">Cor<\/div>\n<\/td>\n<td colspan=\"1\" rowspan=\"1\">\n<div class=\"magic-3\">Cor customizada<\/div>\n<\/td>\n<\/tr>\n<tr>\n<td colspan=\"1\" rowspan=\"1\">\n<div class=\"magic-2\">Tamanho<\/div>\n<\/td>\n<td colspan=\"1\" rowspan=\"1\">\n<div class=\"magic-3\">ABS 14,3*4cm, Metal 14,5*4,5cm e personalizado<\/div>\n<\/td>\n<\/tr>\n<tr>\n<td colspan=\"1\" rowspan=\"1\">\n<div class=\"magic-2\">Grossura<\/div>\n<\/td>\n<td colspan=\"1\" rowspan=\"1\">\n<div class=\"magic-3\"> 1-5mm, Personalizado<\/div>\n<\/td>\n<\/tr>\n<tr>\n<td colspan=\"1\" rowspan=\"1\">\n<div class=\"magic-2\">Tempo de espera<\/div>\n<\/td>\n<td colspan=\"1\" rowspan=\"1\">\n<div class=\"magic-3\">Geralmente de 7 a 15 dias \u00fateis<\/div>\n<\/td>\n<\/tr>\n<tr>\n<td colspan=\"1\" rowspan=\"1\">\n<div class=\"magic-2\">Pagamento<\/div>\n<\/td>\n<td colspan=\"1\" rowspan=\"1\">\n<div class=\"magic-3\">T\/T, Wechat Pay, Alipay, Western Union e assim por diante<\/div>\n<\/td>\n<\/tr>\n<tr>\n<td colspan=\"1\" rowspan=\"1\">\n<div class=\"magic-2\">Amostra<\/div>\n<\/td>\n<td colspan=\"1\" rowspan=\"1\">\n<div class=\"magic-3\" data-spm-anchor-id=\"a2700.details.0.i22.5311671azdDKR7\">Dispon\u00edvel<\/div>\n<\/td>\n<\/tr>\n<\/tbody>\n<\/table>\n<p><strong>Descri\u00e7\u00e3o:<\/strong><br \/>\n1. Design elegante e legal, apar\u00eancia 3D absoluta, superf\u00edcie lisa de reflex\u00e3o, sem desbotamento, certamente torna seu carro mais especial e cheio de atrativos.<br \/>\n2. F\u00e1cil de instalar, sem necessidade de ferramentas. pode ser aplicado a qualquer superf\u00edcie plana limpa &#8211; ve\u00edculos, portas de carro, carroceria, p\u00e1ra-choque lateral do carro, porta-malas traseiro do carro, etc.<br \/>\n3. Material: Feito de liga de alum\u00ednio ecol\u00f3gica s\u00f3lida, n\u00e3o \u00e9 f\u00e1cil de deformar e tem uma textura mais forte.<br \/>\n4. Artesanato: Tempo de chapeamento m\u00faltiplo, resultando em maior resist\u00eancia \u00e0 corros\u00e3o e resist\u00eancia \u00e0 oxida\u00e7\u00e3o.<br \/>\n5. Fita adesiva super forte na parte de tr\u00e1s, basta descascar a parte de tr\u00e1s para colar (ao colar, use um secador de cabelo para aquecer a cola, torne a viscosidade mais forte).<\/p>\n<p><strong>Como instalar:<\/strong><br \/>\n1. Limpe a posi\u00e7\u00e3o a ser afixada.<br \/>\n2. Mantenha a superf\u00edcie seca, n\u00e3o tenha \u00e1gua, \u00f3leo, poeira (\u00e9 melhor n\u00e3o encerar em um futuro pr\u00f3ximo).<br \/>\n3. Ao colar, de acordo com o tamanho dos adesivos do carro, escolha um local plano.<br \/>\n4. Remova o papel inferior de pl\u00e1stico na parte de tr\u00e1s do logotipo do carro, diretamente conectado, a press\u00e3o manual pode ser.<\/p>\n<table width=\"1116\">\n<tbody>\n<tr>\n<td colspan=\"4\">\n<div>\n<div><b>Como fazer um pedido para n\u00f3s?<\/b><\/div>\n<\/div>\n<\/td>\n<\/tr>\n<tr>\n<td>\n<div>  1<\/div>\n<\/td>\n<td colspan=\"3\">\n<div> Por favor, envie sua pergunta com detalhes (item, szie, quantidade, arte) e detalhes de contato.<\/div>\n<\/td>\n<\/tr>\n<tr>\n<td>\n<div>  2<\/div>\n<\/td>\n<td colspan=\"3\">\n<div> <b> <\/b>Nossa cota\u00e7\u00e3o: Citamos o melhor pre\u00e7o, prazo de entrega, forma de envio para voc\u00ea confirmar.<\/div>\n<\/td>\n<\/tr>\n<tr>\n<td>\n<div>  3<\/div>\n<\/td>\n<td colspan=\"3\">\n<div> <b> <\/b>Pagamento: Nossas vendas enviam a Fatura Proforma para voc\u00ea para pagamento.<\/div>\n<\/td>\n<\/tr>\n<tr>\n<td>\n<div>  4<\/div>\n<\/td>\n<td colspan=\"3\">\n<div> <b> <\/b>Formas de pagamento: Transfer\u00eancia Banc\u00e1ria, PayPal, Western Union, Cart\u00e3o de Cr\u00e9dito\/D\u00e9bito.<\/div>\n<\/td>\n<\/tr>\n<tr>\n<td>\n<div>  5<\/div>\n<\/td>\n<td colspan=\"3\">\n<div> <b> <\/b>Produ\u00e7\u00e3o: Iniciamos a produ\u00e7\u00e3o e avisamos assim que a produ\u00e7\u00e3o terminar e enviamos fotos.<\/div>\n<\/td>\n<\/tr>\n<tr>\n<td>\n<div>  6<\/div>\n<\/td>\n<td colspan=\"3\">\n<div> <b> <\/b>Entrega: Enviamos sua mercadoria e informamos o n\u00famero de rastreamento e verificamos o status at\u00e9 a chegada.<\/div>\n<\/td>\n<\/tr>\n<tr>\n<td>\n<div>  7<\/div>\n<\/td>\n<td colspan=\"3\">\n<div> Por favor, escreva um coment\u00e1rio sobre qualidade, servi\u00e7o, feedback e sugest\u00e3o do mercado, e podemos fazer melhor.<\/div>\n<\/td>\n<\/tr>\n<tr>\n<td>\n<div>  8<\/div>\n<\/td>\n<td colspan=\"3\">\n<div> O pedido pode ser conclu\u00eddo quando voc\u00ea receber as mercadorias e satisfaz\u00ea-las.<\/div>\n<\/td>\n<\/tr>\n<\/tbody>\n<\/table>\n","protected":false},"excerpt":{"rendered":"[ninja_form id=\"1\"]\n","protected":false},"featured_media":5193,"template":"","meta":{"_seopress_robots_primary_cat":"","_seopress_titles_title":"","_seopress_titles_desc":"","_seopress_robots_index":""},"product_brand":[],"product_cat":[189],"product_tag":[325],"class_list":{"0":"post-5208","1":"product","2":"type-product","3":"status-publish","4":"has-post-thumbnail","6":"product_cat-distintivo-emblema-adesivo","7":"product_tag-emblema-do-jipe","9":"first","10":"instock","11":"shipping-taxable","12":"product-type-simple"},"_links":{"self":[{"href":"https:\/\/www.lettersign.top\/pt-pt\/wp-json\/wp\/v2\/product\/5208","targetHints":{"allow":["GET"]}}],"collection":[{"href":"https:\/\/www.lettersign.top\/pt-pt\/wp-json\/wp\/v2\/product"}],"about":[{"href":"https:\/\/www.lettersign.top\/pt-pt\/wp-json\/wp\/v2\/types\/product"}],"wp:featuredmedia":[{"embeddable":true,"href":"https:\/\/www.lettersign.top\/pt-pt\/wp-json\/wp\/v2\/media\/5193"}],"wp:attachment":[{"href":"https:\/\/www.lettersign.top\/pt-pt\/wp-json\/wp\/v2\/media?parent=5208"}],"wp:term":[{"taxonomy":"product_brand","embeddable":true,"href":"https:\/\/www.lettersign.top\/pt-pt\/wp-json\/wp\/v2\/product_brand?post=5208"},{"taxonomy":"product_cat","embeddable":true,"href":"https:\/\/www.lettersign.top\/pt-pt\/wp-json\/wp\/v2\/product_cat?post=5208"},{"taxonomy":"product_tag","embeddable":true,"href":"https:\/\/www.lettersign.top\/pt-pt\/wp-json\/wp\/v2\/product_tag?post=5208"}],"curies":[{"name":"wp","href":"https:\/\/api.w.org\/{rel}","templated":true}]}}