{"id":5425,"date":"2024-04-22T08:11:14","date_gmt":"2024-04-22T08:11:14","guid":{"rendered":"https:\/\/www.lettersign.top\/p\/universal-eua-ca-tamanho-padrao-textura-de-plastico-abs-moldura-da-placa-de-licenca-do-carro-acessorios-de-suporte\/"},"modified":"2024-04-22T08:11:14","modified_gmt":"2024-04-22T08:11:14","slug":"universal-us-ca-standard-size-plastic-texture-abs-car-license-plate-frame-cover-holder-accessories","status":"publish","type":"product","link":"https:\/\/www.lettersign.top\/pt-pt\/p\/universal-us-ca-standard-size-plastic-texture-abs-car-license-plate-frame-cover-holder-accessories\/","title":{"rendered":"Universal EUA CA tamanho padr\u00e3o textura de pl\u00e1stico ABS moldura da placa de licen\u00e7a do carro acess\u00f3rios de suporte"},"content":{"rendered":"<p><strong>Universal eua ca tamanho padr\u00e3o textura de pl\u00e1stico abs quadro da placa de licen\u00e7a do carro capa titular acess\u00f3rios atacado<\/strong><\/p>\n<table class=\"has-title all magic-6\" style=\"height: 494px;\" width=\"1137\">\n<tbody>\n<tr>\n<td colspan=\"1\" rowspan=\"1\">\n<div class=\"magic-7\">Tipo de Produto<\/div>\n<\/td>\n<td colspan=\"1\" rowspan=\"1\">\n<div class=\"magic-8\"> Logotipo \/ Emblema<\/div>\n<\/td>\n<\/tr>\n<tr>\n<td colspan=\"1\" rowspan=\"1\">\n<div class=\"magic-7\">Montagem de carro<\/div>\n<\/td>\n<td colspan=\"1\" rowspan=\"1\">\n<div class=\"magic-8\"> Motores Americanos<\/div>\n<\/td>\n<\/tr>\n<tr>\n<td colspan=\"1\" rowspan=\"1\">\n<div class=\"magic-7\">Material<\/div>\n<\/td>\n<td colspan=\"1\" rowspan=\"1\">\n<div class=\"magic-8\"> ABS, PP<\/div>\n<\/td>\n<\/tr>\n<tr>\n<td colspan=\"1\" rowspan=\"1\">\n<div class=\"magic-7\">Tamanho do adesivo<\/div>\n<\/td>\n<td colspan=\"1\" rowspan=\"1\">\n<div class=\"magic-8\"> 31*17CM, Personalizado<\/div>\n<\/td>\n<\/tr>\n<tr>\n<td colspan=\"1\" rowspan=\"1\">\n<div class=\"magic-7\">N\u00famero do modelo<\/div>\n<\/td>\n<td colspan=\"1\" rowspan=\"1\">\n<div class=\"magic-8\"> Para marcador decorativo de placa de carro<\/div>\n<\/td>\n<\/tr>\n<tr>\n<td colspan=\"1\" rowspan=\"1\">\n<div class=\"magic-7\">Estilo de design<\/div>\n<\/td>\n<td colspan=\"1\" rowspan=\"1\">\n<div class=\"magic-8\"> Cor \u00fanica sem padr\u00e3o<\/div>\n<\/td>\n<\/tr>\n<tr>\n<td colspan=\"1\" rowspan=\"1\">\n<div class=\"magic-7\">Cor<\/div>\n<\/td>\n<td colspan=\"1\" rowspan=\"1\">\n<div class=\"magic-8\"> Preto<\/div>\n<\/td>\n<\/tr>\n<tr>\n<td colspan=\"1\" rowspan=\"1\">\n<div class=\"magic-7\">Usage<\/div>\n<\/td>\n<td colspan=\"1\" rowspan=\"1\">\n<div class=\"magic-8\"> Estilo de carro<\/div>\n<\/td>\n<\/tr>\n<tr>\n<td colspan=\"1\" rowspan=\"1\">\n<div class=\"magic-7\">Recurso<\/div>\n<\/td>\n<td colspan=\"1\" rowspan=\"1\">\n<div class=\"magic-8\"> \u00c0 prova d&#8217;\u00e1gua, auto-encaix\u00e1vel<\/div>\n<\/td>\n<\/tr>\n<tr>\n<td colspan=\"1\" rowspan=\"1\">\n<div class=\"magic-7\">Aplicativo<\/div>\n<\/td>\n<td colspan=\"1\" rowspan=\"1\">\n<div class=\"magic-8\"> Decora\u00e7\u00e3o<\/div>\n<\/td>\n<\/tr>\n<tr>\n<td colspan=\"1\" rowspan=\"1\">\n<div class=\"magic-7\">Nome do Produto<\/div>\n<\/td>\n<td colspan=\"1\" rowspan=\"1\">\n<div class=\"magic-8\" data-spm-anchor-id=\"a2700.details.0.i46.7d877ce7fy9DCk\"> Moldura de placa de pl\u00e1stico dos EUA<\/div>\n<\/td>\n<\/tr>\n<\/tbody>\n<\/table>\n<p><strong>Descri\u00e7\u00e3o:<\/strong><br \/>\n1. Design elegante e legal, apar\u00eancia 3D absoluta, superf\u00edcie lisa de reflex\u00e3o, sem desbotamento, certamente torna seu carro mais especial e cheio de atrativos.<br \/>\n2. F\u00e1cil de instalar, sem necessidade de ferramentas especiais. pode ser aplicado em qualquer superf\u00edcie plana e limpa &#8211; ve\u00edculos, porta-malas traseiro do carro, etc.<br \/>\n3. Material: Feito de ABS s\u00f3lido ecol\u00f3gico, n\u00e3o \u00e9 f\u00e1cil de deformar e tem uma textura mais forte.<br \/>\n4. Artesanato: Tempo de chapeamento m\u00faltiplo, resultando em maior resist\u00eancia \u00e0 corros\u00e3o e resist\u00eancia \u00e0 oxida\u00e7\u00e3o.<\/p>\n<table width=\"1116\">\n<tbody>\n<tr>\n<td colspan=\"4\">\n<div>\n<div><b>Como fazer um pedido para n\u00f3s?<\/b><\/div>\n<\/div>\n<\/td>\n<\/tr>\n<tr>\n<td>\n<div>  1<\/div>\n<\/td>\n<td colspan=\"3\">\n<div> Por favor, envie sua pergunta com detalhes (item, szie, quantidade, arte) e detalhes de contato.<\/div>\n<\/td>\n<\/tr>\n<tr>\n<td>\n<div>  2<\/div>\n<\/td>\n<td colspan=\"3\">\n<div> <b> <\/b>Nossa cota\u00e7\u00e3o: Citamos o melhor pre\u00e7o, prazo de entrega, forma de envio para voc\u00ea confirmar.<\/div>\n<\/td>\n<\/tr>\n<tr>\n<td>\n<div>  3<\/div>\n<\/td>\n<td colspan=\"3\">\n<div> <b> <\/b>Pagamento: Nossas vendas enviam a Fatura Proforma para voc\u00ea para pagamento.<\/div>\n<\/td>\n<\/tr>\n<tr>\n<td>\n<div>  4<\/div>\n<\/td>\n<td colspan=\"3\">\n<div> <b> <\/b>Formas de pagamento: Transfer\u00eancia banc\u00e1ria, Western Union, cart\u00e3o de cr\u00e9dito\/d\u00e9bito.<\/div>\n<\/td>\n<\/tr>\n<tr>\n<td>\n<div>  5<\/div>\n<\/td>\n<td colspan=\"3\">\n<div> <b> <\/b>Produ\u00e7\u00e3o: Iniciamos a produ\u00e7\u00e3o e avisamos assim que a produ\u00e7\u00e3o terminar e enviamos fotos.<\/div>\n<\/td>\n<\/tr>\n<tr>\n<td>\n<div>  6<\/div>\n<\/td>\n<td colspan=\"3\">\n<div> <b> <\/b>Entrega: Enviamos sua mercadoria e informamos o n\u00famero de rastreamento e verificamos o status at\u00e9 a chegada.<\/div>\n<\/td>\n<\/tr>\n<tr>\n<td>\n<div>  7<\/div>\n<\/td>\n<td colspan=\"3\">\n<div> Por favor, escreva um coment\u00e1rio sobre qualidade, servi\u00e7o, feedback e sugest\u00e3o do mercado, e podemos fazer melhor.<\/div>\n<\/td>\n<\/tr>\n<tr>\n<td>\n<div>  8<\/div>\n<\/td>\n<td colspan=\"3\">\n<div> O pedido pode ser conclu\u00eddo quando voc\u00ea receber as mercadorias e satisfaz\u00ea-las.<\/div>\n<\/td>\n<\/tr>\n<\/tbody>\n<\/table>\n","protected":false},"excerpt":{"rendered":"[ninja_form id=\"1\"]\n","protected":false},"featured_media":5410,"template":"","meta":{"_seopress_robots_primary_cat":"","_seopress_titles_title":"","_seopress_titles_desc":"","_seopress_robots_index":""},"product_brand":[],"product_cat":[189],"product_tag":[363],"class_list":{"0":"post-5425","1":"product","2":"type-product","3":"status-publish","4":"has-post-thumbnail","6":"product_cat-distintivo-emblema-adesivo","7":"product_tag-matricula-do-carro","9":"first","10":"instock","11":"shipping-taxable","12":"product-type-simple"},"_links":{"self":[{"href":"https:\/\/www.lettersign.top\/pt-pt\/wp-json\/wp\/v2\/product\/5425","targetHints":{"allow":["GET"]}}],"collection":[{"href":"https:\/\/www.lettersign.top\/pt-pt\/wp-json\/wp\/v2\/product"}],"about":[{"href":"https:\/\/www.lettersign.top\/pt-pt\/wp-json\/wp\/v2\/types\/product"}],"wp:featuredmedia":[{"embeddable":true,"href":"https:\/\/www.lettersign.top\/pt-pt\/wp-json\/wp\/v2\/media\/5410"}],"wp:attachment":[{"href":"https:\/\/www.lettersign.top\/pt-pt\/wp-json\/wp\/v2\/media?parent=5425"}],"wp:term":[{"taxonomy":"product_brand","embeddable":true,"href":"https:\/\/www.lettersign.top\/pt-pt\/wp-json\/wp\/v2\/product_brand?post=5425"},{"taxonomy":"product_cat","embeddable":true,"href":"https:\/\/www.lettersign.top\/pt-pt\/wp-json\/wp\/v2\/product_cat?post=5425"},{"taxonomy":"product_tag","embeddable":true,"href":"https:\/\/www.lettersign.top\/pt-pt\/wp-json\/wp\/v2\/product_tag?post=5425"}],"curies":[{"name":"wp","href":"https:\/\/api.w.org\/{rel}","templated":true}]}}