{"id":5639,"date":"2026-04-22T09:18:20","date_gmt":"2026-04-22T09:18:20","guid":{"rendered":"https:\/\/www.lettersign.top\/p\/letreiro-em-aco-inoxidavel-com-retroiluminacao-atrativo-e-funcional-para-fachadas-de-lojas\/"},"modified":"2026-04-22T09:18:20","modified_gmt":"2026-04-22T09:18:20","slug":"stainless-steel-backlit-letter-attractive-storefront-signage-board-business-led-illuminated-sign","status":"publish","type":"product","link":"https:\/\/www.lettersign.top\/pt-pt\/p\/stainless-steel-backlit-letter-attractive-storefront-signage-board-business-led-illuminated-sign\/","title":{"rendered":"Letreiro em a\u00e7o inoxid\u00e1vel com retroilumina\u00e7\u00e3o, atrativo e funcional para fachadas de lojas."},"content":{"rendered":"<p><strong>Supply Stainless Steel Backlit Letter Attractive Storefront Signage Board Business Led Illuminated Sign Manufacturers<\/strong><\/p>\n<p><strong>Descri\u00e7\u00e3o:<\/strong><br \/>\nMaterial: A\u00e7o inoxid\u00e1vel, Acr\u00edlico Fonte de luz: M\u00f3dulos LED<br \/>\nFonte de alimenta\u00e7\u00e3o: Tens\u00e3o de entrada do transformador: 12 V<br \/>\nTemperatura de trabalho: 20 \u2103 Vida \u00fatil: 50000 horas<br \/>\nGarantia: 2 anos<br \/>\nModo de instala\u00e7\u00e3o: montado na parede por parafusos, conforme solicita\u00e7\u00e3o do cliente<br \/>\nUso: sinais internos e externos<br \/>\nLocais de aplica\u00e7\u00e3o: edif\u00edcios, lojas, shopping, empresas, hot\u00e9is<br \/>\nNome do produto: 3d Led Custom Store Front Log Luminous Electric Sign<br \/>\nTamanho e cor: MOQ personalizado: 1 conjunto Certificado: CE<br \/>\nAcess\u00f3rios: transformador e todos os acess\u00f3rios de instala\u00e7\u00e3o<br \/>\nDesign: design do cliente\/nosso design de f\u00e1brica<br \/>\nPrazo de entrega: 7-10 dias, dependendo da quantidade<br \/>\nEmbalagem: caixa de madeira de 3 dobras<br \/>\nCaracter\u00edstica: Economia de energia, ilumina\u00e7\u00e3o uniforme<\/p>\n<table class=\"has-title all magic-13\">\n<tbody>\n<tr>\n<td colspan=\"1\" rowspan=\"1\">\n<div class=\"magic-14\">Material<\/div>\n<\/td>\n<td colspan=\"1\" rowspan=\"1\">\n<div class=\"magic-15\">A\u00e7o inoxid\u00e1vel, acr\u00edlico<\/div>\n<\/td>\n<\/tr>\n<tr>\n<td colspan=\"1\" rowspan=\"1\">\n<div class=\"magic-14\">Tratamento da superf\u00edcie<\/div>\n<\/td>\n<td colspan=\"1\" rowspan=\"1\">\n<div class=\"magic-15\">Polido, escovado, galvanoplastia, pintado<\/div>\n<\/td>\n<\/tr>\n<tr>\n<td colspan=\"1\" rowspan=\"1\">\n<div class=\"magic-14\">Fonte de luz<\/div>\n<\/td>\n<td colspan=\"1\" rowspan=\"1\">\n<div class=\"magic-15\">M\u00f3dulo LED 12V, aprovado pela CE<\/div>\n<\/td>\n<\/tr>\n<tr>\n<td colspan=\"1\" rowspan=\"1\">\n<div class=\"magic-14\">Cor Tamanho<\/div>\n<\/td>\n<td colspan=\"1\" rowspan=\"1\">\n<div class=\"magic-15\">Qualquer tamanho e cor, aceite custom-made<\/div>\n<\/td>\n<\/tr>\n<tr>\n<td colspan=\"1\" rowspan=\"1\">\n<div class=\"magic-14\">Transformador<\/div>\n<\/td>\n<td colspan=\"1\" rowspan=\"1\">\n<div class=\"magic-15\">Marca Meanwell, aprovado pela CE, com plug personalizado<\/div>\n<\/td>\n<\/tr>\n<tr>\n<td colspan=\"1\" rowspan=\"1\">\n<div class=\"magic-14\">garantia<\/div>\n<\/td>\n<td colspan=\"1\" rowspan=\"1\">\n<div class=\"magic-15\">1 ano<\/div>\n<\/td>\n<\/tr>\n<tr>\n<td colspan=\"1\" rowspan=\"1\">\n<div class=\"magic-14\">MOQ<\/div>\n<\/td>\n<td colspan=\"1\" rowspan=\"1\">\n<div class=\"magic-15\">1 conjunto<\/div>\n<\/td>\n<\/tr>\n<tr>\n<td colspan=\"1\" rowspan=\"1\">\n<div class=\"magic-14\">Tens\u00e3o<\/div>\n<\/td>\n<td colspan=\"1\" rowspan=\"1\">\n<div class=\"magic-15\">110AC~240 AC entrada padr\u00e3o, tens\u00f5es de sa\u00edda DC 12V~24V<\/div>\n<\/td>\n<\/tr>\n<tr>\n<td colspan=\"1\" rowspan=\"1\">\n<div class=\"magic-14\">Acess\u00f3rios<\/div>\n<\/td>\n<td colspan=\"1\" rowspan=\"1\">\n<div class=\"magic-15\">Parafusos, transformador, papel modelo de instala\u00e7\u00e3o 1:1, todas as pe\u00e7as de instala\u00e7\u00e3o<\/div>\n<\/td>\n<\/tr>\n<tr>\n<td colspan=\"1\" rowspan=\"1\">\n<div class=\"magic-14\">Aplicativo<\/div>\n<\/td>\n<td colspan=\"1\" rowspan=\"1\">\n<div class=\"magic-15\">Hot\u00e9is, Restaurantes, Caf\u00e9s, Transportes, Estacionamentos, Comboios, Paragens de Autocarros, Aeroportos, Sinaliza\u00e7\u00e3o Pedonal, etc<\/div>\n<\/td>\n<\/tr>\n<tr>\n<td colspan=\"1\" rowspan=\"1\">\n<div class=\"magic-14\">Caracter\u00edsticos<\/div>\n<\/td>\n<td colspan=\"1\" rowspan=\"1\">\n<div class=\"magic-15\">Usando placa acr\u00edlica de alta densidade e luzes led de alta qualidade. Ilumina\u00e7\u00e3o uniforme sem ponto quente. A vida \u00fatil m\u00e9dia \u00e9 de at\u00e9 50.000 horas<\/div>\n<\/td>\n<\/tr>\n<tr>\n<td colspan=\"1\" rowspan=\"1\">\n<div class=\"magic-14\">Embalagem<\/div>\n<\/td>\n<td colspan=\"1\" rowspan=\"1\">\n<div class=\"magic-15\"> Pl\u00e1stico bolha, espuma, caixa de madeira<\/div>\n<\/td>\n<\/tr>\n<tr>\n<td colspan=\"1\" rowspan=\"1\">\n<div class=\"magic-14\">Tempo de espera<\/div>\n<\/td>\n<td colspan=\"1\" rowspan=\"1\">\n<div class=\"magic-15\">7-15 dias, depende da sua quantidade<\/div>\n<\/td>\n<\/tr>\n<tr>\n<td colspan=\"1\" rowspan=\"1\">\n<div class=\"magic-14\">Escopo de neg\u00f3cios<\/div>\n<\/td>\n<td colspan=\"1\" rowspan=\"1\">\n<div class=\"magic-15\" data-spm-anchor-id=\"a2700.details.0.i25.54cc6056kzup2t\">Diferentes tipos de sinaliza\u00e7\u00e3o, letras de metal, letras de resina ep\u00f3xi, letras de luz Halo, letras de face iluminadas, letras de letreiro, letras de n\u00e9on falso, caixa de luz&#8230;<\/div>\n<\/td>\n<\/tr>\n<\/tbody>\n<\/table>\n<p>&nbsp;<\/p>\n<div id=\"attachment_5622\" style=\"width: 810px\" class=\"wp-caption aligncenter\"><img loading=\"lazy\" decoding=\"async\" aria-describedby=\"caption-attachment-5622\" class=\"size-full wp-image-5622\" src=\"http:\/\/www.lettersign.top\/wp-content\/uploads\/2026\/04\/Stainless-Steel-Backlit-Letter-Attractive-Storefront-Signage-Board-Business-Led-Illuminated-Sign.jpg\" alt=\"Letreiro em a\u00e7o inoxid\u00e1vel com retroilumina\u00e7\u00e3o, atraente para fachada de loja, placa iluminada por LED para neg\u00f3cios.\" width=\"800\" height=\"800\" srcset=\"https:\/\/www.lettersign.top\/wp-content\/uploads\/2026\/04\/Stainless-Steel-Backlit-Letter-Attractive-Storefront-Signage-Board-Business-Led-Illuminated-Sign.jpg 800w, https:\/\/www.lettersign.top\/wp-content\/uploads\/2026\/04\/Stainless-Steel-Backlit-Letter-Attractive-Storefront-Signage-Board-Business-Led-Illuminated-Sign-300x300.jpg 300w, https:\/\/www.lettersign.top\/wp-content\/uploads\/2026\/04\/Stainless-Steel-Backlit-Letter-Attractive-Storefront-Signage-Board-Business-Led-Illuminated-Sign-150x150.jpg 150w, https:\/\/www.lettersign.top\/wp-content\/uploads\/2026\/04\/Stainless-Steel-Backlit-Letter-Attractive-Storefront-Signage-Board-Business-Led-Illuminated-Sign-768x768.jpg 768w, https:\/\/www.lettersign.top\/wp-content\/uploads\/2026\/04\/Stainless-Steel-Backlit-Letter-Attractive-Storefront-Signage-Board-Business-Led-Illuminated-Sign-500x500.jpg 500w, https:\/\/www.lettersign.top\/wp-content\/uploads\/2026\/04\/Stainless-Steel-Backlit-Letter-Attractive-Storefront-Signage-Board-Business-Led-Illuminated-Sign-700x700.jpg 700w, https:\/\/www.lettersign.top\/wp-content\/uploads\/2026\/04\/Stainless-Steel-Backlit-Letter-Attractive-Storefront-Signage-Board-Business-Led-Illuminated-Sign-100x100.jpg 100w\" sizes=\"auto, (max-width: 800px) 100vw, 800px\" \/><p id=\"caption-attachment-5622\" class=\"wp-caption-text\">Letreiro em a\u00e7o inoxid\u00e1vel com retroilumina\u00e7\u00e3o, atraente para fachada de loja, placa iluminada por LED para neg\u00f3cios.<\/p><\/div>\n<p><img loading=\"lazy\" decoding=\"async\" class=\"aligncenter size-full wp-image-3799\" src=\"http:\/\/www.lettersign.top\/wp-content\/uploads\/2023\/04\/Customized-Acrylic-Frontlit-Backlit-Letter-Sign-Attractive-Storefront-Sign-Board-Led-Lighting-Letters3.jpg\" alt=\"A\u00e7o inoxid\u00e1vel Acr\u00edlico Frontlit Backlit Letra Letra Atraente Placa de Letras de Ilumina\u00e7\u00e3o Led\" width=\"800\" height=\"800\" srcset=\"https:\/\/www.lettersign.top\/wp-content\/uploads\/2023\/04\/Customized-Acrylic-Frontlit-Backlit-Letter-Sign-Attractive-Storefront-Sign-Board-Led-Lighting-Letters3.jpg 800w, https:\/\/www.lettersign.top\/wp-content\/uploads\/2023\/04\/Customized-Acrylic-Frontlit-Backlit-Letter-Sign-Attractive-Storefront-Sign-Board-Led-Lighting-Letters3-500x500.jpg 500w, https:\/\/www.lettersign.top\/wp-content\/uploads\/2023\/04\/Customized-Acrylic-Frontlit-Backlit-Letter-Sign-Attractive-Storefront-Sign-Board-Led-Lighting-Letters3-100x100.jpg 100w, https:\/\/www.lettersign.top\/wp-content\/uploads\/2023\/04\/Customized-Acrylic-Frontlit-Backlit-Letter-Sign-Attractive-Storefront-Sign-Board-Led-Lighting-Letters3-700x700.jpg 700w, https:\/\/www.lettersign.top\/wp-content\/uploads\/2023\/04\/Customized-Acrylic-Frontlit-Backlit-Letter-Sign-Attractive-Storefront-Sign-Board-Led-Lighting-Letters3-300x300.jpg 300w, https:\/\/www.lettersign.top\/wp-content\/uploads\/2023\/04\/Customized-Acrylic-Frontlit-Backlit-Letter-Sign-Attractive-Storefront-Sign-Board-Led-Lighting-Letters3-150x150.jpg 150w, https:\/\/www.lettersign.top\/wp-content\/uploads\/2023\/04\/Customized-Acrylic-Frontlit-Backlit-Letter-Sign-Attractive-Storefront-Sign-Board-Led-Lighting-Letters3-768x768.jpg 768w\" sizes=\"auto, (max-width: 800px) 100vw, 800px\" \/><\/p>\n","protected":false},"excerpt":{"rendered":"<p><a href=\"https:\/\/api.whatsapp.com\/send?phone=008613976116176\" rel=\"nofollow\"><img loading=\"lazy\" decoding=\"async\" class=\"aligncenter size-medium wp-image-336\" src=\"http:\/\/www.lettersign.top\/wp-content\/uploads\/2023\/04\/whatsapp-tous.jpg\" alt=\"whatsapp-tous\" width=\"300\" height=\"93\"><\/a>[ninja_form id=\"1\"]<\/p>\n","protected":false},"featured_media":5624,"template":"","meta":{"_seopress_robots_primary_cat":"","_seopress_titles_title":"Letreiro em a\u00e7o inoxid\u00e1vel com retroilumina\u00e7\u00e3o, atrativo e funcional para fachadas de lojas.","_seopress_titles_desc":"F\u00e1brica de Letras Retroiluminadas em A\u00e7o Inoxid\u00e1vel - Atraente Letreiro para Fachada de Loja - Fabricante de Letreiros Iluminados em LED para Empresas","_seopress_robots_index":""},"product_brand":[],"product_cat":[187],"product_tag":[258,248],"class_list":{"0":"post-5639","1":"product","2":"type-product","3":"status-publish","4":"has-post-thumbnail","6":"product_cat-sinal-de-letra","7":"product_tag-cartas","8":"product_tag-sinal-de-led","10":"first","11":"instock","12":"shipping-taxable","13":"product-type-simple"},"_links":{"self":[{"href":"https:\/\/www.lettersign.top\/pt-pt\/wp-json\/wp\/v2\/product\/5639","targetHints":{"allow":["GET"]}}],"collection":[{"href":"https:\/\/www.lettersign.top\/pt-pt\/wp-json\/wp\/v2\/product"}],"about":[{"href":"https:\/\/www.lettersign.top\/pt-pt\/wp-json\/wp\/v2\/types\/product"}],"wp:featuredmedia":[{"embeddable":true,"href":"https:\/\/www.lettersign.top\/pt-pt\/wp-json\/wp\/v2\/media\/5624"}],"wp:attachment":[{"href":"https:\/\/www.lettersign.top\/pt-pt\/wp-json\/wp\/v2\/media?parent=5639"}],"wp:term":[{"taxonomy":"product_brand","embeddable":true,"href":"https:\/\/www.lettersign.top\/pt-pt\/wp-json\/wp\/v2\/product_brand?post=5639"},{"taxonomy":"product_cat","embeddable":true,"href":"https:\/\/www.lettersign.top\/pt-pt\/wp-json\/wp\/v2\/product_cat?post=5639"},{"taxonomy":"product_tag","embeddable":true,"href":"https:\/\/www.lettersign.top\/pt-pt\/wp-json\/wp\/v2\/product_tag?post=5639"}],"curies":[{"name":"wp","href":"https:\/\/api.w.org\/{rel}","templated":true}]}}